{"id":4505,"date":"2020-05-04T10:16:38","date_gmt":"2020-05-04T10:16:38","guid":{"rendered":"https:\/\/hotelpetitpalau.com\/comentarios\/"},"modified":"2020-09-01T10:47:29","modified_gmt":"2020-09-01T10:47:29","slug":"commentaires","status":"publish","type":"page","link":"https:\/\/hotelpetitpalau.com\/fr\/commentaires\/","title":{"rendered":"Commentaires"},"content":{"rendered":"<p><div class=\"fusion-fullwidth fullwidth-box fusion-builder-row-1 nonhundred-percent-fullwidth non-hundred-percent-height-scrolling\" style=\"--awb-background-position:center top;--awb-border-sizes-top:0px;--awb-border-sizes-bottom:0px;--awb-border-sizes-left:0px;--awb-border-sizes-right:0px;--awb-border-radius-top-left:0px;--awb-border-radius-top-right:0px;--awb-border-radius-bottom-right:0px;--awb-border-radius-bottom-left:0px;--awb-padding-top:40px;--awb-flex-wrap:wrap;\" ><div class=\"fusion-builder-row fusion-row\"><div class=\"fusion-layout-column fusion_builder_column fusion-builder-column-0 fusion_builder_column_1_1 1_1 fusion-one-full fusion-column-first fusion-column-last fusion-column-no-min-height\" style=\"--awb-bg-size:cover;\"><div class=\"fusion-column-wrapper fusion-column-has-shadow fusion-flex-column-wrapper-legacy\"><div class=\"fusion-sep-clear\"><\/div><div class=\"fusion-separator fusion-full-width-sep\" style=\"margin-left: auto;margin-right: auto;margin-top:50px;width:100%;\"><\/div><div class=\"fusion-sep-clear\"><\/div><div class=\"fusion-image-element fusion-image-align-center in-legacy-container\" style=\"text-align:center;--awb-caption-title-font-family:var(--h2_typography-font-family);--awb-caption-title-font-weight:var(--h2_typography-font-weight);--awb-caption-title-font-style:var(--h2_typography-font-style);--awb-caption-title-size:var(--h2_typography-font-size);--awb-caption-title-transform:var(--h2_typography-text-transform);--awb-caption-title-line-height:var(--h2_typography-line-height);--awb-caption-title-letter-spacing:var(--h2_typography-letter-spacing);\"><div class=\"imageframe-align-center\"><span class=\" fusion-imageframe imageframe-none imageframe-1 hover-type-none\"><img decoding=\"async\" width=\"81\" height=\"21\" title=\"Sin nombre\" src=\"https:\/\/hotelpetitpalau.com\/wp-content\/uploads\/2020\/04\/Sin-nombre.jpg\" alt class=\"img-responsive wp-image-3405\"\/><\/span><\/div><\/div><div class=\"fusion-text fusion-text-1\"><p style=\"letter-spacing: 4px; font-size: 13px; text-align: center; margin-bottom: 0px;\">H\u00d4TEL PETIT PALAU<\/p>\n<h1 style=\"text-align: center;\">Ses commentaires<\/h1>\n<\/div><div class=\"fusion-sep-clear\"><\/div><div class=\"fusion-separator\" style=\"margin-left: auto;margin-right: auto;margin-top:0px;margin-bottom:20px;width:100%;max-width:50px;\"><div class=\"fusion-separator-border sep-single sep-solid\" style=\"--awb-height:20px;--awb-amount:20px;--awb-sep-color:#cbaa5c;border-color:#cbaa5c;border-top-width:1px;\"><\/div><\/div><div class=\"fusion-sep-clear\"><\/div><div class=\"fusion-text fusion-text-2\"><p style=\"text-align: center;\">Dans les <strong>commentaires<\/strong> suivants, vous pourrez observer les contributions de nos clients, donnant leur opinion sur l&rsquo;h\u00f4tel.<\/p>\n<\/div><div class=\"fusion-clearfix\"><\/div><\/div><\/div><\/div><\/div><div class=\"fusion-fullwidth fullwidth-box fusion-builder-row-2 nonhundred-percent-fullwidth non-hundred-percent-height-scrolling fusion-equal-height-columns\" style=\"--awb-background-position:left top;--awb-border-sizes-top:0px;--awb-border-sizes-bottom:0px;--awb-border-sizes-left:0px;--awb-border-sizes-right:0px;--awb-border-radius-top-left:0px;--awb-border-radius-top-right:0px;--awb-border-radius-bottom-right:0px;--awb-border-radius-bottom-left:0px;--awb-padding-top:0px;--awb-padding-bottom:0px;--awb-flex-wrap:wrap;\" ><div class=\"fusion-builder-row fusion-row\"><div class=\"fusion-layout-column fusion_builder_column fusion-builder-column-1 fusion_builder_column_1_1 1_1 fusion-one-full fusion-column-first fusion-column-last fusion-column-no-min-height\" style=\"--awb-bg-size:cover;--awb-margin-bottom:0px;\"><div class=\"fusion-column-wrapper fusion-flex-column-wrapper-legacy\"><div class=\"fusion-fa-align-center\"><i class=\"fb-icon-element-1 fb-icon-element fontawesome-icon fa-comment-alt fas circle-no\" style=\"--awb-iconcolor:#cbaa5c;--awb-iconcolor-hover:#cbaa5c;--awb-font-size:42px;\"><\/i><\/div><div class=\"fusion-text fusion-text-3\"><h2 style=\"font-size: 45px; text-align: center;\">Opinions de nos clients<\/h2>\n<\/div><div class=\"fusion-sep-clear\"><\/div><div class=\"fusion-separator\" style=\"margin-left: auto;margin-right: auto;margin-top:0px;margin-bottom:60px;width:100%;max-width:50px;\"><div class=\"fusion-separator-border sep-single sep-solid\" style=\"--awb-height:20px;--awb-amount:20px;--awb-sep-color:#cbaa5c;border-color:#cbaa5c;border-top-width:1px;\"><\/div><\/div><div class=\"fusion-sep-clear\"><\/div><div class=\"fusion-testimonials classic awb-speech-bubble-show fusion-testimonials-1\" style=\"--awb-textcolor:#747474;--awb-backgroundcolor:#f6f6f6;--awb-testimonial-border-style:solid;--awb-testimonial-border-color:var(--awb-color3);--awb-border-top-left-radius:0px;--awb-border-top-right-radius:0px;--awb-border-bottom-left-radius:0px;--awb-border-bottom-right-radius:0px;--testimonial-border-width-top:0px;--testimonial-border-width-right:0px;--testimonial-border-width-bottom:0px;--testimonial-border-width-left:0px;\" data-random=\"0\" data-speed=\"4000\"><div class=\"reviews\"><div class=\"review active-testimonial no-avatar\"><blockquote><div class=\"awb-quote\"><div class=\"awb-quote-content\">\n<div class=\"K7oBsc\">\n<div>Hotel molt tranquil sense nens. Habitacions amb totes les comoditats. Ubicaci\u00f3 molt bona, aprop de la platja i de l&rsquo;estaci\u00f3 de bus i tren. Disposa d&rsquo;aparcament propi.<\/div>\n<\/div>\n<div class=\"duQFMb\"><\/div>\n<\/div><\/div><span class=\"awb-triangle\"><\/span><\/blockquote><div class=\"author\"><span class=\"company-name\"><strong>T\u00e8cnic - TECPLAN<\/strong><\/span><\/div><\/div><div class=\"review no-avatar\"><blockquote><div class=\"awb-quote\"><div class=\"awb-quote-content\">\n<p>Excepcional<\/p>\n<p>La limpieza y el personal.<\/p>\n<\/div><\/div><span class=\"awb-triangle\"><\/span><\/blockquote><div class=\"author\"><span class=\"company-name\"><strong>Juan<\/strong><\/span><\/div><\/div><div class=\"review no-avatar\"><blockquote><div class=\"awb-quote\"><div class=\"awb-quote-content\">\n<p>Molt confortable i insonoritzat. Personal molt amable.<\/p>\n<\/div><\/div><span class=\"awb-triangle\"><\/span><\/blockquote><div class=\"author\"><span class=\"company-name\"><strong>Gemma Duran <\/strong><\/span><\/div><\/div><div class=\"review no-avatar\"><blockquote><div class=\"awb-quote\"><div class=\"awb-quote-content\">\n<p>A mi me gusto mucho este hotel. Est\u00e1 muy bien situado (a pocos minutos de la playa y en zona con muchos bares, restaurantes y cafeter\u00edas, adem\u00e1s hay un gran supermercado). Bien reformado, moderno, limpio y, m\u00e1s importante, muy tranquilo. Se puede dormir y descansar bien. Tambi\u00e9n tienen muy buena piscina &#8211; peque\u00f1a, pero buena. Personal muy amable y atento. Recomendable!<\/p>\n<\/div><\/div><span class=\"awb-triangle\"><\/span><\/blockquote><div class=\"author\"><span class=\"company-name\"><strong>artem grek<\/strong><\/span><\/div><\/div><div class=\"review no-avatar\"><blockquote><div class=\"awb-quote\"><div class=\"awb-quote-content\">\n<p>Se adaptan a las necesidades de los hu\u00e9spedes, simplemente recomendable.<\/p>\n<\/div><\/div><span class=\"awb-triangle\"><\/span><\/blockquote><div class=\"author\"><span class=\"company-name\"><strong>Vasilica<\/strong><\/span><\/div><\/div><div class=\"review no-avatar\"><blockquote><div class=\"awb-quote\"><div class=\"awb-quote-content\">\n<p>Excelente comida y muy buena ubicaci\u00f3n.<\/p>\n<\/div><\/div><span class=\"awb-triangle\"><\/span><\/blockquote><div class=\"author\"><span class=\"company-name\"><strong>Asun<\/strong><\/span><\/div><\/div><div class=\"review no-avatar\"><blockquote><div class=\"awb-quote\"><div class=\"awb-quote-content\">\n<p>I would go again<\/p>\n<p>I stayed on half board, the food was very good and a wide selection, the location was good and quiet. Location good for bus travel, the train station is not within walking distance, but the bus service to and from it are good. I would use this hotel again.<\/p>\n<div class=\"c-review__row\"><\/div>\n<\/div><\/div><span class=\"awb-triangle\"><\/span><\/blockquote><div class=\"author\"><span class=\"company-name\"><strong>Michael<\/strong><\/span><\/div><\/div><div class=\"review no-avatar\"><blockquote><div class=\"awb-quote\"><div class=\"awb-quote-content\">\n<p>Excepcional<\/p>\n<p>The hotel was excellent with very friendly staff we enjoy our stay and would definitely come and stay again and they was no rushing to get a sun bed on a morning some days we had the pool all to ourselves would recommend this hotel to anyone<\/p>\n<\/div><\/div><span class=\"awb-triangle\"><\/span><\/blockquote><div class=\"author\"><span class=\"company-name\"><strong>Lynn<\/strong><\/span><\/div><\/div><div class=\"review no-avatar\"><blockquote><div class=\"awb-quote\"><div class=\"awb-quote-content\">\n<p>Le personnel de salle est bienveillant et tr\u00e8s gentil. On vient r\u00e9guli\u00e8rement dans cet h\u00f4tel car le rapport qualit\u00e9 prix est int\u00e9ressant. De plus les chambres sont modernes et confortables. Nous avions une chambre au 7eme \u00e9tage avec une belle terrasse. Cette ann\u00e9e on a not\u00e9 une am\u00e9lioration de la qualit\u00e9 des repas par rapport aux ann\u00e9es pr\u00e9c\u00e9dentes.<\/p>\n<\/div><\/div><span class=\"awb-triangle\"><\/span><\/blockquote><div class=\"author\"><span class=\"company-name\"><strong>Fj3<\/strong><\/span><\/div><\/div><div class=\"review no-avatar\"><blockquote><div class=\"awb-quote\"><div class=\"awb-quote-content\">\n<p>\u0445\u043e\u0440\u043e\u0448\u0435\u0435 \u0443\u0434\u043e\u0431\u043d\u043e\u0435 \u0440\u0430\u0441\u043f\u043e\u043b\u043e\u0436\u0435\u043d\u0438\u0435, \u0440\u044f\u0434\u043e\u043c \u043f\u0430\u0440\u043a\u043e\u0432\u043a\u0430 \u0431\u043e\u043b\u044c\u0448\u0430\u044f \u0431\u0435\u0441\u043f\u043b\u0430\u04426\u0430\u044f, \u043c\u043e\u0440\u0435 \u0431\u043b\u0438\u0437\u043a\u043e, \u0440\u0435\u043c\u043e\u043d\u0442 \u043d\u043e\u0432\u044b\u0439, \u0432 \u043d\u043e\u043c\u0435\u0440\u0435 \u0445\u043e\u0440\u043e\u0448\u043e \u043a\u043e\u043d\u0434\u0435\u0446\u0438\u043e\u043d\u0435\u0440 \u0440\u0430\u0431\u043e\u0442\u0430\u0435\u0442 \u0438 \u0441\u043b\u044b\u0448\u0438\u043c\u043e\u0441\u0442\u044c \u0435\u0441\u043b\u0438 \u0437\u0430\u043a\u0440\u044b\u0442\u044c \u043e\u043a\u043d\u043e \u043e\u0447\u0435\u043d\u044c \u043d\u0438\u0437\u043a\u0430\u044f \u043c\u043e\u0436\u043d\u043e \u0442\u0443\u043f\u043e \u043f\u043e\u0441\u043f\u0430\u0442\u044c \u0441\u043f\u043e\u043a\u043e\u0439\u043d\u043e \u0434\u0430\u0436\u0435 \u043c\u043e\u0442\u043e\u0440\u043e\u043b\u043b\u0435\u0440\u043e\u0432 \u043d\u0435 \u0441\u043b\u044b\u0448\u043d\u043e \u043e\u0441\u043e\u0431\u043e, \u0430 \u0440\u0430\u0437\u0433\u043e\u0432\u043e\u0440\u043e\u0432 \u0438 \u043f\u043e\u0434\u0430\u0432\u043d\u043e. \u041c\u0430\u043b\u0435\u043d\u044c\u043a\u0438\u0439 \u043e\u0442\u0435\u043b\u044c\u0447\u0438\u043a \u043a\u043e\u043c\u0444\u043e\u0440\u0442\u043d\u044b\u0439 \u0447\u0438\u0441\u0442\u044b\u0439 \u0438 \u0441 \u043f\u0440\u0438\u0432\u0435\u0442\u043b\u0438\u0432\u044b\u043c \u043f\u0435\u0440\u0441\u043e\u043d\u0430\u043b\u043e\u043c.<\/p>\n<p>\u0443\u0434\u043e\u0431\u043d\u044b\u0439 \u043c\u0430\u043b\u0435\u043d\u044c\u043a\u0438\u0439 \u043e\u0442\u0435\u043b\u044c \u0434\u043b\u044f \u0432\u0437\u0440\u043e\u0441\u043b\u044b\u0445, \u0443\u0434\u043e\u0431\u043d\u043e \u043e\u0441\u0442\u0430\u043d\u043e\u0432\u0438\u0442\u0441\u044f \u043d\u0430 \u043d\u0435\u0441\u043a\u043e\u043b\u044c\u043a\u043e \u0434\u043d\u0435\u0439. \u0412\u0441\u0435 \u043f\u043e\u043d\u0440\u0430\u0432\u0438\u043b\u043e\u0441\u044c, \u041d\u0435 \u043e\u0447\u0435\u043d\u044c \u0440\u0430\u0437\u043d\u043e\u043e\u0431\u0440\u0430\u0437\u043d\u0430\u044f \u0435\u0434\u0430 \u043d\u043e \u043d\u043e\u0440\u043c \u0441\u043e\u0439\u0434\u0435\u0442. \u0441\u0432\u043e\u0438\u0445 \u0437\u0432\u0435\u0437\u0434 \u0437\u0430\u0441\u043b\u0443\u0436\u0438\u0432\u0430\u0435\u0442 \u0438 \u0446\u0435\u043d\u044b.<\/p>\n<\/div><\/div><span class=\"awb-triangle\"><\/span><\/blockquote><div class=\"author\"><span class=\"company-name\"><strong>Lebedevgroup<\/strong><\/span><\/div><\/div><\/div><\/div><div class=\"fusion-sep-clear\"><\/div><div class=\"fusion-separator fusion-full-width-sep\" style=\"margin-left: auto;margin-right: auto;margin-top:50px;margin-bottom:70px;width:100%;\"><\/div><div class=\"fusion-sep-clear\"><\/div><div class=\"fusion-clearfix\"><\/div><\/div><\/div><\/div><\/div><\/p>\n","protected":false},"excerpt":{"rendered":"","protected":false},"author":1,"featured_media":0,"parent":0,"menu_order":0,"comment_status":"open","ping_status":"open","template":"100-width.php","meta":{"footnotes":""},"class_list":["post-4505","page","type-page","status-publish","hentry"],"yoast_head":"<!-- This site is optimized with the Yoast SEO plugin v26.9 - https:\/\/yoast.com\/product\/yoast-seo-wordpress\/ -->\n<title>Commentaires | H\u00f4tel Petit Palau | H\u00f4tel \u00e0 Blanes (Costa Brava)<\/title>\n<meta name=\"description\" content=\"Dans cette section, vous pouvez voir les commentaires que les clients qui ont s\u00e9journ\u00e9 dans notre \u00e9tablissement nous ont laiss\u00e9.\" \/>\n<meta name=\"robots\" content=\"index, follow, max-snippet:-1, max-image-preview:large, max-video-preview:-1\" \/>\n<link rel=\"canonical\" href=\"https:\/\/hotelpetitpalau.com\/fr\/commentaires\/\" \/>\n<meta property=\"og:locale\" content=\"fr_FR\" \/>\n<meta property=\"og:type\" content=\"article\" \/>\n<meta property=\"og:title\" content=\"Commentaires | H\u00f4tel Petit Palau | H\u00f4tel \u00e0 Blanes (Costa Brava)\" \/>\n<meta property=\"og:description\" content=\"Dans cette section, vous pouvez voir les commentaires que les clients qui ont s\u00e9journ\u00e9 dans notre \u00e9tablissement nous ont laiss\u00e9.\" \/>\n<meta property=\"og:url\" content=\"https:\/\/hotelpetitpalau.com\/fr\/commentaires\/\" \/>\n<meta property=\"og:site_name\" content=\"Hotel Petit Palau\" \/>\n<meta property=\"article:modified_time\" content=\"2020-09-01T10:47:29+00:00\" \/>\n<meta name=\"twitter:card\" content=\"summary_large_image\" \/>\n<meta name=\"twitter:label1\" content=\"Dur\u00e9e de lecture estim\u00e9e\" \/>\n\t<meta name=\"twitter:data1\" content=\"8 minutes\" \/>\n<script type=\"application\/ld+json\" class=\"yoast-schema-graph\">{\"@context\":\"https:\/\/schema.org\",\"@graph\":[{\"@type\":\"WebPage\",\"@id\":\"https:\/\/hotelpetitpalau.com\/fr\/commentaires\/\",\"url\":\"https:\/\/hotelpetitpalau.com\/fr\/commentaires\/\",\"name\":\"Commentaires | H\u00f4tel Petit Palau | H\u00f4tel \u00e0 Blanes (Costa Brava)\",\"isPartOf\":{\"@id\":\"https:\/\/hotelpetitpalau.com\/#website\"},\"datePublished\":\"2020-05-04T10:16:38+00:00\",\"dateModified\":\"2020-09-01T10:47:29+00:00\",\"description\":\"Dans cette section, vous pouvez voir les commentaires que les clients qui ont s\u00e9journ\u00e9 dans notre \u00e9tablissement nous ont laiss\u00e9.\",\"breadcrumb\":{\"@id\":\"https:\/\/hotelpetitpalau.com\/fr\/commentaires\/#breadcrumb\"},\"inLanguage\":\"fr-FR\",\"potentialAction\":[{\"@type\":\"ReadAction\",\"target\":[\"https:\/\/hotelpetitpalau.com\/fr\/commentaires\/\"]}]},{\"@type\":\"BreadcrumbList\",\"@id\":\"https:\/\/hotelpetitpalau.com\/fr\/commentaires\/#breadcrumb\",\"itemListElement\":[{\"@type\":\"ListItem\",\"position\":1,\"name\":\"Portada\",\"item\":\"https:\/\/hotelpetitpalau.com\/fr\/\"},{\"@type\":\"ListItem\",\"position\":2,\"name\":\"Commentaires\"}]},{\"@type\":\"WebSite\",\"@id\":\"https:\/\/hotelpetitpalau.com\/#website\",\"url\":\"https:\/\/hotelpetitpalau.com\/\",\"name\":\"Hotel Petit Palau\",\"description\":\"Hotel Petit Palau Blanes\",\"potentialAction\":[{\"@type\":\"SearchAction\",\"target\":{\"@type\":\"EntryPoint\",\"urlTemplate\":\"https:\/\/hotelpetitpalau.com\/?s={search_term_string}\"},\"query-input\":{\"@type\":\"PropertyValueSpecification\",\"valueRequired\":true,\"valueName\":\"search_term_string\"}}],\"inLanguage\":\"fr-FR\"}]}<\/script>\n<!-- \/ Yoast SEO plugin. -->","yoast_head_json":{"title":"Commentaires | H\u00f4tel Petit Palau | H\u00f4tel \u00e0 Blanes (Costa Brava)","description":"Dans cette section, vous pouvez voir les commentaires que les clients qui ont s\u00e9journ\u00e9 dans notre \u00e9tablissement nous ont laiss\u00e9.","robots":{"index":"index","follow":"follow","max-snippet":"max-snippet:-1","max-image-preview":"max-image-preview:large","max-video-preview":"max-video-preview:-1"},"canonical":"https:\/\/hotelpetitpalau.com\/fr\/commentaires\/","og_locale":"fr_FR","og_type":"article","og_title":"Commentaires | H\u00f4tel Petit Palau | H\u00f4tel \u00e0 Blanes (Costa Brava)","og_description":"Dans cette section, vous pouvez voir les commentaires que les clients qui ont s\u00e9journ\u00e9 dans notre \u00e9tablissement nous ont laiss\u00e9.","og_url":"https:\/\/hotelpetitpalau.com\/fr\/commentaires\/","og_site_name":"Hotel Petit Palau","article_modified_time":"2020-09-01T10:47:29+00:00","twitter_card":"summary_large_image","twitter_misc":{"Dur\u00e9e de lecture estim\u00e9e":"8 minutes"},"schema":{"@context":"https:\/\/schema.org","@graph":[{"@type":"WebPage","@id":"https:\/\/hotelpetitpalau.com\/fr\/commentaires\/","url":"https:\/\/hotelpetitpalau.com\/fr\/commentaires\/","name":"Commentaires | H\u00f4tel Petit Palau | H\u00f4tel \u00e0 Blanes (Costa Brava)","isPartOf":{"@id":"https:\/\/hotelpetitpalau.com\/#website"},"datePublished":"2020-05-04T10:16:38+00:00","dateModified":"2020-09-01T10:47:29+00:00","description":"Dans cette section, vous pouvez voir les commentaires que les clients qui ont s\u00e9journ\u00e9 dans notre \u00e9tablissement nous ont laiss\u00e9.","breadcrumb":{"@id":"https:\/\/hotelpetitpalau.com\/fr\/commentaires\/#breadcrumb"},"inLanguage":"fr-FR","potentialAction":[{"@type":"ReadAction","target":["https:\/\/hotelpetitpalau.com\/fr\/commentaires\/"]}]},{"@type":"BreadcrumbList","@id":"https:\/\/hotelpetitpalau.com\/fr\/commentaires\/#breadcrumb","itemListElement":[{"@type":"ListItem","position":1,"name":"Portada","item":"https:\/\/hotelpetitpalau.com\/fr\/"},{"@type":"ListItem","position":2,"name":"Commentaires"}]},{"@type":"WebSite","@id":"https:\/\/hotelpetitpalau.com\/#website","url":"https:\/\/hotelpetitpalau.com\/","name":"Hotel Petit Palau","description":"Hotel Petit Palau Blanes","potentialAction":[{"@type":"SearchAction","target":{"@type":"EntryPoint","urlTemplate":"https:\/\/hotelpetitpalau.com\/?s={search_term_string}"},"query-input":{"@type":"PropertyValueSpecification","valueRequired":true,"valueName":"search_term_string"}}],"inLanguage":"fr-FR"}]}},"_links":{"self":[{"href":"https:\/\/hotelpetitpalau.com\/fr\/wp-json\/wp\/v2\/pages\/4505","targetHints":{"allow":["GET"]}}],"collection":[{"href":"https:\/\/hotelpetitpalau.com\/fr\/wp-json\/wp\/v2\/pages"}],"about":[{"href":"https:\/\/hotelpetitpalau.com\/fr\/wp-json\/wp\/v2\/types\/page"}],"author":[{"embeddable":true,"href":"https:\/\/hotelpetitpalau.com\/fr\/wp-json\/wp\/v2\/users\/1"}],"replies":[{"embeddable":true,"href":"https:\/\/hotelpetitpalau.com\/fr\/wp-json\/wp\/v2\/comments?post=4505"}],"version-history":[{"count":0,"href":"https:\/\/hotelpetitpalau.com\/fr\/wp-json\/wp\/v2\/pages\/4505\/revisions"}],"wp:attachment":[{"href":"https:\/\/hotelpetitpalau.com\/fr\/wp-json\/wp\/v2\/media?parent=4505"}],"curies":[{"name":"wp","href":"https:\/\/api.w.org\/{rel}","templated":true}]}}