{"id":4489,"date":"2020-03-10T16:02:47","date_gmt":"2020-03-10T16:02:47","guid":{"rendered":"https:\/\/hotelpetitpalau.com\/ofertas\/"},"modified":"2025-08-13T13:38:29","modified_gmt":"2025-08-13T13:38:29","slug":"offres","status":"publish","type":"page","link":"https:\/\/hotelpetitpalau.com\/fr\/offres\/","title":{"rendered":"Offres"},"content":{"rendered":"<p><div class=\"fusion-fullwidth fullwidth-box fusion-builder-row-1 nonhundred-percent-fullwidth non-hundred-percent-height-scrolling\" style=\"--awb-background-position:center top;--awb-border-sizes-top:0px;--awb-border-sizes-bottom:0px;--awb-border-sizes-left:0px;--awb-border-sizes-right:0px;--awb-border-radius-top-left:0px;--awb-border-radius-top-right:0px;--awb-border-radius-bottom-right:0px;--awb-border-radius-bottom-left:0px;--awb-padding-top:40px;--awb-flex-wrap:wrap;\" ><div class=\"fusion-builder-row fusion-row\"><div class=\"fusion-layout-column fusion_builder_column fusion-builder-column-0 fusion_builder_column_1_1 1_1 fusion-one-full fusion-column-first fusion-column-last fusion-column-no-min-height\" style=\"--awb-bg-size:cover;\"><div class=\"fusion-column-wrapper fusion-column-has-shadow fusion-flex-column-wrapper-legacy\"><div class=\"fusion-sep-clear\"><\/div><div class=\"fusion-separator fusion-full-width-sep\" style=\"margin-left: auto;margin-right: auto;margin-top:50px;width:100%;\"><\/div><div class=\"fusion-sep-clear\"><\/div><div class=\"fusion-image-element fusion-image-align-center in-legacy-container\" style=\"text-align:center;--awb-caption-title-font-family:var(--h2_typography-font-family);--awb-caption-title-font-weight:var(--h2_typography-font-weight);--awb-caption-title-font-style:var(--h2_typography-font-style);--awb-caption-title-size:var(--h2_typography-font-size);--awb-caption-title-transform:var(--h2_typography-text-transform);--awb-caption-title-line-height:var(--h2_typography-line-height);--awb-caption-title-letter-spacing:var(--h2_typography-letter-spacing);\"><div class=\"imageframe-align-center\"><span class=\" fusion-imageframe imageframe-none imageframe-1 hover-type-none\"><img decoding=\"async\" width=\"81\" height=\"21\" title=\"logo gris\" src=\"https:\/\/hotelpetitpalau.com\/wp-content\/uploads\/2020\/04\/logo-gris.jpg\" alt class=\"img-responsive wp-image-3410\"\/><\/span><\/div><\/div>\n<div class=\"fusion-text fusion-text-1\"><p style=\"letter-spacing: 4px; font-size: 13px; text-align: center; margin-bottom: 0px;\">H\u00d4TEL PETIT PALAU<\/p>\n<h1 style=\"text-align: center;\">Offres disponibles<\/h1>\n<\/div><div class=\"fusion-sep-clear\"><\/div><div class=\"fusion-separator\" style=\"margin-left: auto;margin-right: auto;margin-top:0px;margin-bottom:20px;width:100%;max-width:50px;\"><div class=\"fusion-separator-border sep-single sep-solid\" style=\"--awb-height:20px;--awb-amount:20px;--awb-sep-color:#cbaa5c;border-color:#cbaa5c;border-top-width:1px;\"><\/div><\/div><div class=\"fusion-sep-clear\"><\/div><div class=\"fusion-text fusion-text-2\"><p style=\"text-align: center;\">Dans cette section, vous trouverez les <strong>offres<\/strong> que nous avons disponibles sur notre site web. Profitez de nos offres fantastiques!<\/p>\n<\/div><div class=\"fusion-clearfix\"><\/div><\/div><\/div><\/div><\/div><div class=\"fusion-fullwidth fullwidth-box fusion-builder-row-2 nonhundred-percent-fullwidth non-hundred-percent-height-scrolling fusion-equal-height-columns\" style=\"--awb-background-position:left top;--awb-border-sizes-top:0px;--awb-border-sizes-bottom:0px;--awb-border-sizes-left:0px;--awb-border-sizes-right:0px;--awb-border-radius-top-left:0px;--awb-border-radius-top-right:0px;--awb-border-radius-bottom-right:0px;--awb-border-radius-bottom-left:0px;--awb-flex-wrap:wrap;\" ><div class=\"fusion-builder-row fusion-row\"><div class=\"fusion-layout-column fusion_builder_column fusion-builder-column-1 fusion_builder_column_1_3 1_3 fusion-one-third fusion-column-first\" style=\"--awb-bg-image:url(&#039;https:\/\/hotelpetitpalau.com\/wp-content\/uploads\/2025\/08\/superior-vistas.webp&#039;);--awb-bg-position:right top;--awb-bg-size:cover;\"><div class=\"fusion-column-wrapper fusion-column-has-shadow fusion-flex-column-wrapper-legacy fusion-empty-column-bg-image fusion-column-has-bg-image\" data-bg-url=\"https:\/\/hotelpetitpalau.com\/wp-content\/uploads\/2025\/08\/superior-vistas.webp\"><img decoding=\"async\" class=\"fusion-empty-dims-img-placeholder fusion-no-large-visibility\" alt=\"vistas habitacion superior\" aria-label=\"superior vistas\" src=\"data:image\/svg+xml,%3Csvg%20xmlns%3D%27http%3A%2F%2Fwww.w3.org%2F2000%2Fsvg%27%20width%3D%272500%27%20height%3D%271663%27%20viewBox%3D%270%200%202500%201663%27%3E%3Crect%20width%3D%272500%27%20height%3D%271663%27%20fill-opacity%3D%220%22%2F%3E%3C%2Fsvg%3E\"><div class=\"fusion-clearfix\"><\/div><\/div><\/div><div class=\"fusion-layout-column fusion_builder_column fusion-builder-column-2 fusion_builder_column_1_3 1_3 fusion-one-third\" style=\"--awb-padding-top:40px;--awb-padding-right:40px;--awb-padding-bottom:40px;--awb-padding-left:40px;--awb-bg-color:#cbaa5c;--awb-bg-color-hover:#cbaa5c;--awb-bg-size:cover;\"><div class=\"fusion-column-wrapper fusion-column-has-shadow fusion-flex-column-wrapper-legacy\"><div class=\"fusion-text fusion-text-3\"><p><!--\n\n\n\n\n\n\n<p style=\"letter-spacing: 4px; font-size: 13px; text-align: center; margin-bottom: 0px;\"><span style=\"color: #ffffff;\">H\u00d4TEL PETIT PALAU<\/span><\/p>\n\n\n\n\n\n\n--><\/p>\n<h2 style=\"text-align: center; font-size: 30px;\"><strong><span style=\"color: #ffffff;\">Offre avec SPA<\/span><\/strong><\/h2>\n<\/div><div class=\"fusion-text fusion-text-4\"><h4 style=\"text-align: center;\"><span style=\"color: #ffffff; letter-spacing: 2px;\">R\u00e9servez une chambre sup\u00e9rieure 7 jours et profitez-vous d&rsquo;une heure de SPA priv\u00e9 gratuit<\/span><\/h4>\n<\/div><div class=\"fusion-aligncenter\"><a class=\"fusion-button button-flat button-large button-default fusion-button-default button-1 fusion-button-default-span btn-to-top\" style=\"--button-border-radius-top-left:0px;--button-border-radius-top-right:0px;--button-border-radius-bottom-right:0px;--button-border-radius-bottom-left:0px;\" target=\"_self\" href=\"https:\/\/widget4.alojapro.com\/?f&amp;platformId=2&amp;widgetId=2555&amp;roomsCfg=0&amp;firstSearch=true&amp;language=fr\"><span class=\"fusion-button-text awb-button__text awb-button__text--default\">R\u00c9SERVEZ<\/span><\/a><\/div><div class=\"fusion-clearfix\"><\/div><\/div><\/div><div class=\"fusion-layout-column fusion_builder_column fusion-builder-column-3 fusion_builder_column_1_3 1_3 fusion-one-third fusion-column-last\" style=\"--awb-bg-image:url(&#039;https:\/\/hotelpetitpalau.com\/wp-content\/uploads\/2025\/08\/hotel-spa-blanes.webp&#039;);--awb-bg-size:cover;\"><div class=\"fusion-column-wrapper fusion-column-has-shadow fusion-flex-column-wrapper-legacy fusion-empty-column-bg-image fusion-column-has-bg-image\" data-bg-url=\"https:\/\/hotelpetitpalau.com\/wp-content\/uploads\/2025\/08\/hotel-spa-blanes.webp\"><img decoding=\"async\" class=\"fusion-empty-dims-img-placeholder fusion-no-large-visibility\" alt=\"jacuzzi spa blanes\" aria-label=\"hotel spa blanes\" src=\"data:image\/svg+xml,%3Csvg%20xmlns%3D%27http%3A%2F%2Fwww.w3.org%2F2000%2Fsvg%27%20width%3D%272500%27%20height%3D%271604%27%20viewBox%3D%270%200%202500%201604%27%3E%3Crect%20width%3D%272500%27%20height%3D%271604%27%20fill-opacity%3D%220%22%2F%3E%3C%2Fsvg%3E\"><div class=\"fusion-clearfix\"><\/div><\/div><\/div><\/div><\/div><div class=\"fusion-fullwidth fullwidth-box fusion-builder-row-3 nonhundred-percent-fullwidth non-hundred-percent-height-scrolling\" style=\"--awb-border-radius-top-left:0px;--awb-border-radius-top-right:0px;--awb-border-radius-bottom-right:0px;--awb-border-radius-bottom-left:0px;--awb-flex-wrap:wrap;\" ><div class=\"fusion-builder-row fusion-row\"><div class=\"fusion-layout-column fusion_builder_column fusion-builder-column-4 fusion_builder_column_1_1 1_1 fusion-one-full fusion-column-first fusion-column-last\" style=\"--awb-bg-size:cover;\"><div class=\"fusion-column-wrapper fusion-column-has-shadow fusion-flex-column-wrapper-legacy\"><div class=\"fusion-sep-clear\"><\/div><div class=\"fusion-separator fusion-full-width-sep\" style=\"margin-left: auto;margin-right: auto;margin-top:5%;margin-bottom:5%;width:100%;\"><\/div><div class=\"fusion-sep-clear\"><\/div><div class=\"fusion-clearfix\"><\/div><\/div><\/div><\/div><\/div><\/p>\n","protected":false},"excerpt":{"rendered":"","protected":false},"author":1,"featured_media":0,"parent":0,"menu_order":0,"comment_status":"closed","ping_status":"closed","template":"100-width.php","meta":{"footnotes":""},"class_list":["post-4489","page","type-page","status-publish","hentry"],"yoast_head":"<!-- This site is optimized with the Yoast SEO plugin v26.9 - https:\/\/yoast.com\/product\/yoast-seo-wordpress\/ -->\n<title>Offres | H\u00f4tel Petit Palau | H\u00f4tel \u00e0 Blanes (Costa Brava)<\/title>\n<meta name=\"description\" content=\"Dans cette section, vous trouverez les offres que nous avons disponibles sur notre site officiel. Profitez de nos offres fantastiques!\" \/>\n<meta name=\"robots\" content=\"index, follow, max-snippet:-1, max-image-preview:large, max-video-preview:-1\" \/>\n<link rel=\"canonical\" href=\"https:\/\/hotelpetitpalau.com\/fr\/offres\/\" \/>\n<meta property=\"og:locale\" content=\"fr_FR\" \/>\n<meta property=\"og:type\" content=\"article\" \/>\n<meta property=\"og:title\" content=\"Offres | H\u00f4tel Petit Palau | H\u00f4tel \u00e0 Blanes (Costa Brava)\" \/>\n<meta property=\"og:description\" content=\"Dans cette section, vous trouverez les offres que nous avons disponibles sur notre site officiel. Profitez de nos offres fantastiques!\" \/>\n<meta property=\"og:url\" content=\"https:\/\/hotelpetitpalau.com\/fr\/offres\/\" \/>\n<meta property=\"og:site_name\" content=\"Hotel Petit Palau\" \/>\n<meta property=\"article:modified_time\" content=\"2025-08-13T13:38:29+00:00\" \/>\n<meta name=\"twitter:card\" content=\"summary_large_image\" \/>\n<meta name=\"twitter:label1\" content=\"Dur\u00e9e de lecture estim\u00e9e\" \/>\n\t<meta name=\"twitter:data1\" content=\"7 minutes\" \/>\n<script type=\"application\/ld+json\" class=\"yoast-schema-graph\">{\"@context\":\"https:\/\/schema.org\",\"@graph\":[{\"@type\":\"WebPage\",\"@id\":\"https:\/\/hotelpetitpalau.com\/fr\/offres\/\",\"url\":\"https:\/\/hotelpetitpalau.com\/fr\/offres\/\",\"name\":\"Offres | H\u00f4tel Petit Palau | H\u00f4tel \u00e0 Blanes (Costa Brava)\",\"isPartOf\":{\"@id\":\"https:\/\/hotelpetitpalau.com\/#website\"},\"datePublished\":\"2020-03-10T16:02:47+00:00\",\"dateModified\":\"2025-08-13T13:38:29+00:00\",\"description\":\"Dans cette section, vous trouverez les offres que nous avons disponibles sur notre site officiel. Profitez de nos offres fantastiques!\",\"breadcrumb\":{\"@id\":\"https:\/\/hotelpetitpalau.com\/fr\/offres\/#breadcrumb\"},\"inLanguage\":\"fr-FR\",\"potentialAction\":[{\"@type\":\"ReadAction\",\"target\":[\"https:\/\/hotelpetitpalau.com\/fr\/offres\/\"]}]},{\"@type\":\"BreadcrumbList\",\"@id\":\"https:\/\/hotelpetitpalau.com\/fr\/offres\/#breadcrumb\",\"itemListElement\":[{\"@type\":\"ListItem\",\"position\":1,\"name\":\"Portada\",\"item\":\"https:\/\/hotelpetitpalau.com\/fr\/\"},{\"@type\":\"ListItem\",\"position\":2,\"name\":\"Offres\"}]},{\"@type\":\"WebSite\",\"@id\":\"https:\/\/hotelpetitpalau.com\/#website\",\"url\":\"https:\/\/hotelpetitpalau.com\/\",\"name\":\"Hotel Petit Palau\",\"description\":\"Hotel Petit Palau Blanes\",\"potentialAction\":[{\"@type\":\"SearchAction\",\"target\":{\"@type\":\"EntryPoint\",\"urlTemplate\":\"https:\/\/hotelpetitpalau.com\/?s={search_term_string}\"},\"query-input\":{\"@type\":\"PropertyValueSpecification\",\"valueRequired\":true,\"valueName\":\"search_term_string\"}}],\"inLanguage\":\"fr-FR\"}]}<\/script>\n<!-- \/ Yoast SEO plugin. -->","yoast_head_json":{"title":"Offres | H\u00f4tel Petit Palau | H\u00f4tel \u00e0 Blanes (Costa Brava)","description":"Dans cette section, vous trouverez les offres que nous avons disponibles sur notre site officiel. Profitez de nos offres fantastiques!","robots":{"index":"index","follow":"follow","max-snippet":"max-snippet:-1","max-image-preview":"max-image-preview:large","max-video-preview":"max-video-preview:-1"},"canonical":"https:\/\/hotelpetitpalau.com\/fr\/offres\/","og_locale":"fr_FR","og_type":"article","og_title":"Offres | H\u00f4tel Petit Palau | H\u00f4tel \u00e0 Blanes (Costa Brava)","og_description":"Dans cette section, vous trouverez les offres que nous avons disponibles sur notre site officiel. Profitez de nos offres fantastiques!","og_url":"https:\/\/hotelpetitpalau.com\/fr\/offres\/","og_site_name":"Hotel Petit Palau","article_modified_time":"2025-08-13T13:38:29+00:00","twitter_card":"summary_large_image","twitter_misc":{"Dur\u00e9e de lecture estim\u00e9e":"7 minutes"},"schema":{"@context":"https:\/\/schema.org","@graph":[{"@type":"WebPage","@id":"https:\/\/hotelpetitpalau.com\/fr\/offres\/","url":"https:\/\/hotelpetitpalau.com\/fr\/offres\/","name":"Offres | H\u00f4tel Petit Palau | H\u00f4tel \u00e0 Blanes (Costa Brava)","isPartOf":{"@id":"https:\/\/hotelpetitpalau.com\/#website"},"datePublished":"2020-03-10T16:02:47+00:00","dateModified":"2025-08-13T13:38:29+00:00","description":"Dans cette section, vous trouverez les offres que nous avons disponibles sur notre site officiel. Profitez de nos offres fantastiques!","breadcrumb":{"@id":"https:\/\/hotelpetitpalau.com\/fr\/offres\/#breadcrumb"},"inLanguage":"fr-FR","potentialAction":[{"@type":"ReadAction","target":["https:\/\/hotelpetitpalau.com\/fr\/offres\/"]}]},{"@type":"BreadcrumbList","@id":"https:\/\/hotelpetitpalau.com\/fr\/offres\/#breadcrumb","itemListElement":[{"@type":"ListItem","position":1,"name":"Portada","item":"https:\/\/hotelpetitpalau.com\/fr\/"},{"@type":"ListItem","position":2,"name":"Offres"}]},{"@type":"WebSite","@id":"https:\/\/hotelpetitpalau.com\/#website","url":"https:\/\/hotelpetitpalau.com\/","name":"Hotel Petit Palau","description":"Hotel Petit Palau Blanes","potentialAction":[{"@type":"SearchAction","target":{"@type":"EntryPoint","urlTemplate":"https:\/\/hotelpetitpalau.com\/?s={search_term_string}"},"query-input":{"@type":"PropertyValueSpecification","valueRequired":true,"valueName":"search_term_string"}}],"inLanguage":"fr-FR"}]}},"_links":{"self":[{"href":"https:\/\/hotelpetitpalau.com\/fr\/wp-json\/wp\/v2\/pages\/4489","targetHints":{"allow":["GET"]}}],"collection":[{"href":"https:\/\/hotelpetitpalau.com\/fr\/wp-json\/wp\/v2\/pages"}],"about":[{"href":"https:\/\/hotelpetitpalau.com\/fr\/wp-json\/wp\/v2\/types\/page"}],"author":[{"embeddable":true,"href":"https:\/\/hotelpetitpalau.com\/fr\/wp-json\/wp\/v2\/users\/1"}],"replies":[{"embeddable":true,"href":"https:\/\/hotelpetitpalau.com\/fr\/wp-json\/wp\/v2\/comments?post=4489"}],"version-history":[{"count":1,"href":"https:\/\/hotelpetitpalau.com\/fr\/wp-json\/wp\/v2\/pages\/4489\/revisions"}],"predecessor-version":[{"id":6105,"href":"https:\/\/hotelpetitpalau.com\/fr\/wp-json\/wp\/v2\/pages\/4489\/revisions\/6105"}],"wp:attachment":[{"href":"https:\/\/hotelpetitpalau.com\/fr\/wp-json\/wp\/v2\/media?parent=4489"}],"curies":[{"name":"wp","href":"https:\/\/api.w.org\/{rel}","templated":true}]}}