{"id":4460,"date":"2020-03-12T11:42:53","date_gmt":"2020-03-12T11:42:53","guid":{"rendered":"https:\/\/hotelpetitpalau.com\/chambres\/doble-confort-plus\/"},"modified":"2025-08-13T11:15:33","modified_gmt":"2025-08-13T11:15:33","slug":"double-comfort-plus","status":"publish","type":"page","link":"https:\/\/hotelpetitpalau.com\/fr\/chambres\/double-comfort-plus\/","title":{"rendered":"Double Comfort Plus"},"content":{"rendered":"<p><div class=\"fusion-fullwidth fullwidth-box fusion-builder-row-1 nonhundred-percent-fullwidth non-hundred-percent-height-scrolling\" style=\"--awb-background-position:center top;--awb-border-sizes-top:0px;--awb-border-sizes-bottom:0px;--awb-border-sizes-left:0px;--awb-border-sizes-right:0px;--awb-border-radius-top-left:0px;--awb-border-radius-top-right:0px;--awb-border-radius-bottom-right:0px;--awb-border-radius-bottom-left:0px;--awb-padding-top:40px;--awb-flex-wrap:wrap;\" ><div class=\"fusion-builder-row fusion-row\"><div class=\"fusion-layout-column fusion_builder_column fusion-builder-column-0 fusion_builder_column_1_1 1_1 fusion-one-full fusion-column-first fusion-column-last fusion-column-no-min-height\" style=\"--awb-bg-size:cover;\"><div class=\"fusion-column-wrapper fusion-column-has-shadow fusion-flex-column-wrapper-legacy\"><div class=\"fusion-sep-clear\"><\/div><div class=\"fusion-separator fusion-full-width-sep\" style=\"margin-left: auto;margin-right: auto;margin-top:50px;width:100%;\"><\/div><div class=\"fusion-sep-clear\"><\/div><div class=\"fusion-clearfix\"><\/div><\/div><\/div><\/div><\/div><div class=\"fusion-fullwidth fullwidth-box fusion-builder-row-2 nonhundred-percent-fullwidth non-hundred-percent-height-scrolling\" style=\"--awb-background-position:left top;--awb-border-sizes-top:0px;--awb-border-sizes-bottom:0px;--awb-border-sizes-left:0px;--awb-border-sizes-right:0px;--awb-border-radius-top-left:0px;--awb-border-radius-top-right:0px;--awb-border-radius-bottom-right:0px;--awb-border-radius-bottom-left:0px;--awb-padding-top:0px;--awb-padding-bottom:95px;--awb-flex-wrap:wrap;\" ><div class=\"fusion-builder-row fusion-row\"><div class=\"fusion-layout-column fusion_builder_column fusion-builder-column-1 fusion_builder_column_1_1 1_1 fusion-one-full fusion-column-first fusion-column-last\" style=\"--awb-bg-position:right bottom;--awb-bg-size:cover;\"><div class=\"fusion-column-wrapper fusion-flex-column-wrapper-legacy\"><div class=\"fusion-image-element fusion-image-align-center in-legacy-container\" style=\"text-align:center;--awb-caption-title-font-family:var(--h2_typography-font-family);--awb-caption-title-font-weight:var(--h2_typography-font-weight);--awb-caption-title-font-style:var(--h2_typography-font-style);--awb-caption-title-size:var(--h2_typography-font-size);--awb-caption-title-transform:var(--h2_typography-text-transform);--awb-caption-title-line-height:var(--h2_typography-line-height);--awb-caption-title-letter-spacing:var(--h2_typography-letter-spacing);\"><div class=\"imageframe-align-center\"><span class=\" fusion-imageframe imageframe-none imageframe-1 hover-type-none\"><img decoding=\"async\" width=\"81\" height=\"21\" title=\"logo gris\" src=\"https:\/\/hotelpetitpalau.com\/wp-content\/uploads\/2020\/04\/logo-gris.jpg\" alt class=\"img-responsive wp-image-3410\"\/><\/span><\/div><\/div>\n<div class=\"fusion-text fusion-text-1\"><p style=\"letter-spacing: 4px; font-size: 13px; margin-bottom: 0px; text-align: center;\">CHAMBRE<\/p>\n<h1 style=\"text-align: center; margin-bottom: 0px;\">Double Comfort Plus<\/h1>\n<p style=\"letter-spacing: 4px; font-size: 13px; margin-top: 10px; margin-bottom: 20px; text-align: center;\">2 ou 3 personnes | 1 lit de 200 x 135 cm + 1 lit de 200 x 105 cm<\/p>\n<\/div><div class=\"fusion-sep-clear\"><\/div><div class=\"fusion-separator\" style=\"margin-left: auto;margin-right: auto;margin-top:0px;margin-bottom:20px;width:100%;max-width:50px;\"><div class=\"fusion-separator-border sep-single sep-solid\" style=\"--awb-height:20px;--awb-amount:20px;--awb-sep-color:#cbaa5c;border-color:#cbaa5c;border-top-width:1px;\"><\/div><\/div><div class=\"fusion-sep-clear\"><\/div><div class=\"fusion-text fusion-text-2\"><p style=\"text-align: center;\"><strong>Double Comfort Plus:<\/strong> Superficie 19 m2 &#8211; parquet &#8211; 2 lits (1 de 200 x 135 cm + 1 de 200 x 105 cm) &#8211; TV LED \u00e9cran plat 26 &lsquo;- coffre-fort gratuit pour ordinateur portable &#8211; frigo gratuit &#8211; t\u00e9l\u00e9phone avec acc\u00e8s sur le r\u00e9seau \u00e0 tarif r\u00e9duit &#8211; clim \/ chauffage &#8211; fermeture de s\u00e9curit\u00e9 avec carte &#8211; a\u00e9ration automatique \u2013 2 terrasses ext\u00e9rieures &#8211; salle de bain de 5,6 m2 avec grande douche ou baignoire, eau chaude instantan\u00e9e et r\u00e9gulateur thermostatique &#8211; WC suspendu et citerne encastr\u00e9e &#8211; s\u00e8che-cheveux &#8211; produits de toilette et connexion Internet WIFI gratuite.<\/p>\n<\/div><div class=\"fusion-clearfix\"><\/div><\/div><\/div><div class=\"fusion-layout-column fusion_builder_column fusion-builder-column-2 fusion_builder_column_1_1 1_1 fusion-one-full fusion-column-first fusion-column-last fusion-column-no-min-height\" style=\"--awb-bg-size:cover;--awb-margin-bottom:0px;\"><div class=\"fusion-column-wrapper fusion-flex-column-wrapper-legacy\"><div class=\"fusion-sep-clear\"><\/div><div class=\"fusion-separator fusion-full-width-sep\" style=\"margin-left: auto;margin-right: auto;margin-top:13px;margin-bottom:13px;width:100%;\"><\/div><div class=\"fusion-sep-clear\"><\/div><div class=\"awb-gallery-wrapper awb-gallery-wrapper-1 button-span-no\"><div style=\"margin:-5px;--awb-aspect-ratio:3 \/ 2;--awb-bordersize:0px;\" class=\"fusion-gallery fusion-gallery-container fusion-grid-3 fusion-columns-total-10 fusion-gallery-layout-grid fusion-gallery-1 has-aspect-ratio\"><div style=\"padding:5px;\" class=\"fusion-grid-column fusion-gallery-column fusion-gallery-column-3 hover-type-none\"><div class=\"fusion-gallery-image\"><a href=\"https:\/\/hotelpetitpalau.com\/wp-content\/uploads\/2025\/08\/doble-plus-cama.webp\" rel=\"noreferrer\" data-rel=\"iLightbox[gallery_image_1]\" class=\"fusion-lightbox\" target=\"_self\"><img decoding=\"async\" src=\"https:\/\/hotelpetitpalau.com\/wp-content\/uploads\/2025\/08\/doble-plus-cama.webp\" width=\"2500\" height=\"1663\" alt=\"habitacion doble plus confort\" title=\"doble plus cama\" aria-label=\"doble plus cama\" class=\"img-responsive wp-image-5647\" srcset=\"https:\/\/hotelpetitpalau.com\/wp-content\/uploads\/2025\/08\/doble-plus-cama-200x133.webp 200w, https:\/\/hotelpetitpalau.com\/wp-content\/uploads\/2025\/08\/doble-plus-cama-400x266.webp 400w, https:\/\/hotelpetitpalau.com\/wp-content\/uploads\/2025\/08\/doble-plus-cama-600x399.webp 600w, https:\/\/hotelpetitpalau.com\/wp-content\/uploads\/2025\/08\/doble-plus-cama-800x532.webp 800w, https:\/\/hotelpetitpalau.com\/wp-content\/uploads\/2025\/08\/doble-plus-cama-1200x798.webp 1200w, https:\/\/hotelpetitpalau.com\/wp-content\/uploads\/2025\/08\/doble-plus-cama.webp 2500w\" sizes=\"(min-width: 2200px) 100vw, (min-width: 824px) 387px, (min-width: 732px) 580px, (min-width: 640px) 732px, \" \/><\/a><\/div><\/div><div style=\"padding:5px;\" class=\"fusion-grid-column fusion-gallery-column fusion-gallery-column-3 hover-type-none\"><div class=\"fusion-gallery-image\"><a href=\"https:\/\/hotelpetitpalau.com\/wp-content\/uploads\/2025\/08\/doble-plus-cama-3.webp\" rel=\"noreferrer\" data-rel=\"iLightbox[gallery_image_1]\" class=\"fusion-lightbox\" target=\"_self\"><img decoding=\"async\" src=\"https:\/\/hotelpetitpalau.com\/wp-content\/uploads\/2025\/08\/doble-plus-cama-3.webp\" width=\"2500\" height=\"1663\" alt=\"cama doble plus\" title=\"doble plus cama 3\" aria-label=\"doble plus cama 3\" class=\"img-responsive wp-image-5641\" srcset=\"https:\/\/hotelpetitpalau.com\/wp-content\/uploads\/2025\/08\/doble-plus-cama-3-200x133.webp 200w, https:\/\/hotelpetitpalau.com\/wp-content\/uploads\/2025\/08\/doble-plus-cama-3-400x266.webp 400w, https:\/\/hotelpetitpalau.com\/wp-content\/uploads\/2025\/08\/doble-plus-cama-3-600x399.webp 600w, https:\/\/hotelpetitpalau.com\/wp-content\/uploads\/2025\/08\/doble-plus-cama-3-800x532.webp 800w, https:\/\/hotelpetitpalau.com\/wp-content\/uploads\/2025\/08\/doble-plus-cama-3-1200x798.webp 1200w, https:\/\/hotelpetitpalau.com\/wp-content\/uploads\/2025\/08\/doble-plus-cama-3.webp 2500w\" sizes=\"(min-width: 2200px) 100vw, (min-width: 824px) 387px, (min-width: 732px) 580px, (min-width: 640px) 732px, \" \/><\/a><\/div><\/div><div style=\"padding:5px;\" class=\"fusion-grid-column fusion-gallery-column fusion-gallery-column-3 hover-type-none\"><div class=\"fusion-gallery-image\"><a href=\"https:\/\/hotelpetitpalau.com\/wp-content\/uploads\/2025\/08\/doble-plus-cama-2.webp\" rel=\"noreferrer\" data-rel=\"iLightbox[gallery_image_1]\" class=\"fusion-lightbox\" target=\"_self\"><img decoding=\"async\" src=\"https:\/\/hotelpetitpalau.com\/wp-content\/uploads\/2025\/08\/doble-plus-cama-2.webp\" width=\"2500\" height=\"1276\" alt=\"cama doble plus\" title=\"doble plus cama 2\" aria-label=\"doble plus cama 2\" class=\"img-responsive wp-image-5635\" srcset=\"https:\/\/hotelpetitpalau.com\/wp-content\/uploads\/2025\/08\/doble-plus-cama-2-200x102.webp 200w, https:\/\/hotelpetitpalau.com\/wp-content\/uploads\/2025\/08\/doble-plus-cama-2-400x204.webp 400w, https:\/\/hotelpetitpalau.com\/wp-content\/uploads\/2025\/08\/doble-plus-cama-2-600x306.webp 600w, https:\/\/hotelpetitpalau.com\/wp-content\/uploads\/2025\/08\/doble-plus-cama-2-800x408.webp 800w, https:\/\/hotelpetitpalau.com\/wp-content\/uploads\/2025\/08\/doble-plus-cama-2-1200x612.webp 1200w, https:\/\/hotelpetitpalau.com\/wp-content\/uploads\/2025\/08\/doble-plus-cama-2.webp 2500w\" sizes=\"(min-width: 2200px) 100vw, (min-width: 824px) 387px, (min-width: 732px) 580px, (min-width: 640px) 732px, \" \/><\/a><\/div><\/div><div class=\"clearfix\"><\/div><div style=\"padding:5px;\" class=\"fusion-grid-column fusion-gallery-column fusion-gallery-column-3 hover-type-none\"><div class=\"fusion-gallery-image\"><a href=\"https:\/\/hotelpetitpalau.com\/wp-content\/uploads\/2025\/08\/doble-plus-bano.webp\" rel=\"noreferrer\" data-rel=\"iLightbox[gallery_image_1]\" class=\"fusion-lightbox\" target=\"_self\"><img decoding=\"async\" src=\"https:\/\/hotelpetitpalau.com\/wp-content\/uploads\/2025\/08\/doble-plus-bano.webp\" width=\"2500\" height=\"1620\" alt=\"ba\u00f1o doble plus\" title=\"doble plus ba\u00f1o\" aria-label=\"doble plus ba\u00f1o\" class=\"img-responsive wp-image-5629\" srcset=\"https:\/\/hotelpetitpalau.com\/wp-content\/uploads\/2025\/08\/doble-plus-bano-200x130.webp 200w, https:\/\/hotelpetitpalau.com\/wp-content\/uploads\/2025\/08\/doble-plus-bano-400x259.webp 400w, https:\/\/hotelpetitpalau.com\/wp-content\/uploads\/2025\/08\/doble-plus-bano-600x389.webp 600w, https:\/\/hotelpetitpalau.com\/wp-content\/uploads\/2025\/08\/doble-plus-bano-800x518.webp 800w, https:\/\/hotelpetitpalau.com\/wp-content\/uploads\/2025\/08\/doble-plus-bano-1200x778.webp 1200w, https:\/\/hotelpetitpalau.com\/wp-content\/uploads\/2025\/08\/doble-plus-bano.webp 2500w\" sizes=\"(min-width: 2200px) 100vw, (min-width: 824px) 387px, (min-width: 732px) 580px, (min-width: 640px) 732px, \" \/><\/a><\/div><\/div><div style=\"padding:5px;\" class=\"fusion-grid-column fusion-gallery-column fusion-gallery-column-3 hover-type-none\"><div class=\"fusion-gallery-image\"><a href=\"https:\/\/hotelpetitpalau.com\/wp-content\/uploads\/2025\/08\/doble-plus-panoramica.webp\" rel=\"noreferrer\" data-rel=\"iLightbox[gallery_image_1]\" class=\"fusion-lightbox\" target=\"_self\"><img decoding=\"async\" src=\"https:\/\/hotelpetitpalau.com\/wp-content\/uploads\/2025\/08\/doble-plus-panoramica.webp\" width=\"2500\" height=\"1136\" alt=\"doble plus panoramica\" title=\"doble plus panoramica\" aria-label=\"doble plus panoramica\" class=\"img-responsive wp-image-5653\" srcset=\"https:\/\/hotelpetitpalau.com\/wp-content\/uploads\/2025\/08\/doble-plus-panoramica-200x91.webp 200w, https:\/\/hotelpetitpalau.com\/wp-content\/uploads\/2025\/08\/doble-plus-panoramica-400x182.webp 400w, https:\/\/hotelpetitpalau.com\/wp-content\/uploads\/2025\/08\/doble-plus-panoramica-600x273.webp 600w, https:\/\/hotelpetitpalau.com\/wp-content\/uploads\/2025\/08\/doble-plus-panoramica-800x364.webp 800w, https:\/\/hotelpetitpalau.com\/wp-content\/uploads\/2025\/08\/doble-plus-panoramica-1200x545.webp 1200w, https:\/\/hotelpetitpalau.com\/wp-content\/uploads\/2025\/08\/doble-plus-panoramica.webp 2500w\" sizes=\"(min-width: 2200px) 100vw, (min-width: 824px) 387px, (min-width: 732px) 580px, (min-width: 640px) 732px, \" \/><\/a><\/div><\/div><div style=\"padding:5px;\" class=\"fusion-grid-column fusion-gallery-column fusion-gallery-column-3 hover-type-none\"><div class=\"fusion-gallery-image\"><a href=\"https:\/\/hotelpetitpalau.com\/wp-content\/uploads\/2025\/08\/doble-plus-bano-3.webp\" rel=\"noreferrer\" data-rel=\"iLightbox[gallery_image_1]\" class=\"fusion-lightbox\" target=\"_self\"><img decoding=\"async\" src=\"https:\/\/hotelpetitpalau.com\/wp-content\/uploads\/2025\/08\/doble-plus-bano-3.webp\" width=\"2500\" height=\"2321\" alt=\"ba\u00f1o doble plus\" title=\"doble plus ba\u00f1o 3\" aria-label=\"doble plus ba\u00f1o 3\" class=\"img-responsive wp-image-5623\" srcset=\"https:\/\/hotelpetitpalau.com\/wp-content\/uploads\/2025\/08\/doble-plus-bano-3-200x186.webp 200w, https:\/\/hotelpetitpalau.com\/wp-content\/uploads\/2025\/08\/doble-plus-bano-3-400x371.webp 400w, https:\/\/hotelpetitpalau.com\/wp-content\/uploads\/2025\/08\/doble-plus-bano-3-600x557.webp 600w, https:\/\/hotelpetitpalau.com\/wp-content\/uploads\/2025\/08\/doble-plus-bano-3-800x743.webp 800w, https:\/\/hotelpetitpalau.com\/wp-content\/uploads\/2025\/08\/doble-plus-bano-3-1200x1114.webp 1200w, https:\/\/hotelpetitpalau.com\/wp-content\/uploads\/2025\/08\/doble-plus-bano-3.webp 2500w\" sizes=\"(min-width: 2200px) 100vw, (min-width: 824px) 387px, (min-width: 732px) 580px, (min-width: 640px) 732px, \" \/><\/a><\/div><\/div><div class=\"clearfix\"><\/div><div style=\"padding:5px;\" class=\"fusion-grid-column fusion-gallery-column fusion-gallery-column-3 hover-type-none\"><div class=\"fusion-gallery-image\"><a href=\"https:\/\/hotelpetitpalau.com\/wp-content\/uploads\/2025\/08\/doble-plus-vistas.webp\" rel=\"noreferrer\" data-rel=\"iLightbox[gallery_image_1]\" class=\"fusion-lightbox\" target=\"_self\"><img decoding=\"async\" src=\"https:\/\/hotelpetitpalau.com\/wp-content\/uploads\/2025\/08\/doble-plus-vistas.webp\" width=\"2500\" height=\"1663\" alt=\"habitacion doble plus confort\" title=\"doble plus vistas\" aria-label=\"doble plus vistas\" class=\"img-responsive wp-image-5659\" srcset=\"https:\/\/hotelpetitpalau.com\/wp-content\/uploads\/2025\/08\/doble-plus-vistas-200x133.webp 200w, https:\/\/hotelpetitpalau.com\/wp-content\/uploads\/2025\/08\/doble-plus-vistas-400x266.webp 400w, https:\/\/hotelpetitpalau.com\/wp-content\/uploads\/2025\/08\/doble-plus-vistas-600x399.webp 600w, https:\/\/hotelpetitpalau.com\/wp-content\/uploads\/2025\/08\/doble-plus-vistas-800x532.webp 800w, https:\/\/hotelpetitpalau.com\/wp-content\/uploads\/2025\/08\/doble-plus-vistas-1200x798.webp 1200w, https:\/\/hotelpetitpalau.com\/wp-content\/uploads\/2025\/08\/doble-plus-vistas.webp 2500w\" sizes=\"(min-width: 2200px) 100vw, (min-width: 824px) 387px, (min-width: 732px) 580px, (min-width: 640px) 732px, \" \/><\/a><\/div><\/div><div style=\"padding:5px;\" class=\"fusion-grid-column fusion-gallery-column fusion-gallery-column-3 hover-type-none\"><div class=\"fusion-gallery-image\"><a href=\"https:\/\/hotelpetitpalau.com\/wp-content\/uploads\/2025\/08\/doble-plus-bano-2.webp\" rel=\"noreferrer\" data-rel=\"iLightbox[gallery_image_1]\" class=\"fusion-lightbox\" target=\"_self\"><img decoding=\"async\" src=\"https:\/\/hotelpetitpalau.com\/wp-content\/uploads\/2025\/08\/doble-plus-bano-2.webp\" width=\"2500\" height=\"1663\" alt=\"ba\u00f1o doble plus\" title=\"doble plus ba\u00f1o 2\" aria-label=\"doble plus ba\u00f1o 2\" class=\"img-responsive wp-image-5617\" srcset=\"https:\/\/hotelpetitpalau.com\/wp-content\/uploads\/2025\/08\/doble-plus-bano-2-200x133.webp 200w, https:\/\/hotelpetitpalau.com\/wp-content\/uploads\/2025\/08\/doble-plus-bano-2-400x266.webp 400w, https:\/\/hotelpetitpalau.com\/wp-content\/uploads\/2025\/08\/doble-plus-bano-2-600x399.webp 600w, https:\/\/hotelpetitpalau.com\/wp-content\/uploads\/2025\/08\/doble-plus-bano-2-800x532.webp 800w, https:\/\/hotelpetitpalau.com\/wp-content\/uploads\/2025\/08\/doble-plus-bano-2-1200x798.webp 1200w, https:\/\/hotelpetitpalau.com\/wp-content\/uploads\/2025\/08\/doble-plus-bano-2.webp 2500w\" sizes=\"(min-width: 2200px) 100vw, (min-width: 824px) 387px, (min-width: 732px) 580px, (min-width: 640px) 732px, \" \/><\/a><\/div><\/div><div style=\"padding:5px;\" class=\"fusion-grid-column fusion-gallery-column fusion-gallery-column-3 hover-type-none\"><div class=\"fusion-gallery-image\"><a href=\"https:\/\/hotelpetitpalau.com\/wp-content\/uploads\/2025\/08\/doble-plus-balcon.webp\" rel=\"noreferrer\" data-rel=\"iLightbox[gallery_image_1]\" class=\"fusion-lightbox\" target=\"_self\"><img decoding=\"async\" src=\"https:\/\/hotelpetitpalau.com\/wp-content\/uploads\/2025\/08\/doble-plus-balcon.webp\" width=\"2500\" height=\"1663\" alt=\"doble plus balcon\" title=\"doble plus balcon\" aria-label=\"doble plus balcon\" class=\"img-responsive wp-image-5611\" srcset=\"https:\/\/hotelpetitpalau.com\/wp-content\/uploads\/2025\/08\/doble-plus-balcon-200x133.webp 200w, https:\/\/hotelpetitpalau.com\/wp-content\/uploads\/2025\/08\/doble-plus-balcon-400x266.webp 400w, https:\/\/hotelpetitpalau.com\/wp-content\/uploads\/2025\/08\/doble-plus-balcon-600x399.webp 600w, https:\/\/hotelpetitpalau.com\/wp-content\/uploads\/2025\/08\/doble-plus-balcon-800x532.webp 800w, https:\/\/hotelpetitpalau.com\/wp-content\/uploads\/2025\/08\/doble-plus-balcon-1200x798.webp 1200w, https:\/\/hotelpetitpalau.com\/wp-content\/uploads\/2025\/08\/doble-plus-balcon.webp 2500w\" sizes=\"(min-width: 2200px) 100vw, (min-width: 824px) 387px, (min-width: 732px) 580px, (min-width: 640px) 732px, \" \/><\/a><\/div><\/div><div class=\"clearfix\"><\/div><div style=\"padding:5px;\" class=\"fusion-grid-column fusion-gallery-column fusion-gallery-column-3 hover-type-none\"><div class=\"fusion-gallery-image\"><a href=\"https:\/\/hotelpetitpalau.com\/wp-content\/uploads\/2025\/08\/doble-plus-balcon-2.webp\" rel=\"noreferrer\" data-rel=\"iLightbox[gallery_image_1]\" class=\"fusion-lightbox\" target=\"_self\"><img decoding=\"async\" src=\"https:\/\/hotelpetitpalau.com\/wp-content\/uploads\/2025\/08\/doble-plus-balcon-2.webp\" width=\"2500\" height=\"1663\" alt=\"doble plus\" title=\"doble plus balcon 2\" aria-label=\"doble plus balcon 2\" class=\"img-responsive wp-image-5605\" srcset=\"https:\/\/hotelpetitpalau.com\/wp-content\/uploads\/2025\/08\/doble-plus-balcon-2-200x133.webp 200w, https:\/\/hotelpetitpalau.com\/wp-content\/uploads\/2025\/08\/doble-plus-balcon-2-400x266.webp 400w, https:\/\/hotelpetitpalau.com\/wp-content\/uploads\/2025\/08\/doble-plus-balcon-2-600x399.webp 600w, https:\/\/hotelpetitpalau.com\/wp-content\/uploads\/2025\/08\/doble-plus-balcon-2-800x532.webp 800w, https:\/\/hotelpetitpalau.com\/wp-content\/uploads\/2025\/08\/doble-plus-balcon-2-1200x798.webp 1200w, https:\/\/hotelpetitpalau.com\/wp-content\/uploads\/2025\/08\/doble-plus-balcon-2.webp 2500w\" sizes=\"(min-width: 2200px) 100vw, (min-width: 824px) 387px, (min-width: 732px) 580px, (min-width: 640px) 732px, \" \/><\/a><\/div><\/div><\/div><\/div><div class=\"fusion-clearfix\"><\/div><\/div><\/div><\/div><\/div><\/p>\n","protected":false},"excerpt":{"rendered":"","protected":false},"author":1,"featured_media":0,"parent":4449,"menu_order":0,"comment_status":"closed","ping_status":"closed","template":"100-width.php","meta":{"footnotes":""},"class_list":["post-4460","page","type-page","status-publish","hentry"],"yoast_head":"<!-- This site is optimized with the Yoast SEO plugin v26.9 - https:\/\/yoast.com\/product\/yoast-seo-wordpress\/ -->\n<title>Double Confort Plus | Chambres | H\u00f4tel Petit Palau (Blanes)<\/title>\n<meta name=\"description\" content=\"Chambre Double Confort Plus: Surface de la chambre 19 m2 - parquet - 2 lits (1 de 200 x 135 cm + 1 de 200 x 105 cm) - TV \u00e9cran plat LED 26&#039;, etc.\" \/>\n<meta name=\"robots\" content=\"index, follow, max-snippet:-1, max-image-preview:large, max-video-preview:-1\" \/>\n<link rel=\"canonical\" href=\"https:\/\/hotelpetitpalau.com\/fr\/chambres\/double-comfort-plus\/\" \/>\n<meta property=\"og:locale\" content=\"fr_FR\" \/>\n<meta property=\"og:type\" content=\"article\" \/>\n<meta property=\"og:title\" content=\"Double Confort Plus | Chambres | H\u00f4tel Petit Palau (Blanes)\" \/>\n<meta property=\"og:description\" content=\"Chambre Double Confort Plus: Surface de la chambre 19 m2 - parquet - 2 lits (1 de 200 x 135 cm + 1 de 200 x 105 cm) - TV \u00e9cran plat LED 26&#039;, etc.\" \/>\n<meta property=\"og:url\" content=\"https:\/\/hotelpetitpalau.com\/fr\/chambres\/double-comfort-plus\/\" \/>\n<meta property=\"og:site_name\" content=\"Hotel Petit Palau\" \/>\n<meta property=\"article:modified_time\" content=\"2025-08-13T11:15:33+00:00\" \/>\n<meta name=\"twitter:card\" content=\"summary_large_image\" \/>\n<meta name=\"twitter:label1\" content=\"Dur\u00e9e de lecture estim\u00e9e\" \/>\n\t<meta name=\"twitter:data1\" content=\"5 minutes\" \/>\n<script type=\"application\/ld+json\" class=\"yoast-schema-graph\">{\"@context\":\"https:\/\/schema.org\",\"@graph\":[{\"@type\":\"WebPage\",\"@id\":\"https:\/\/hotelpetitpalau.com\/fr\/chambres\/double-comfort-plus\/\",\"url\":\"https:\/\/hotelpetitpalau.com\/fr\/chambres\/double-comfort-plus\/\",\"name\":\"Double Confort Plus | Chambres | H\u00f4tel Petit Palau (Blanes)\",\"isPartOf\":{\"@id\":\"https:\/\/hotelpetitpalau.com\/#website\"},\"datePublished\":\"2020-03-12T11:42:53+00:00\",\"dateModified\":\"2025-08-13T11:15:33+00:00\",\"description\":\"Chambre Double Confort Plus: Surface de la chambre 19 m2 - parquet - 2 lits (1 de 200 x 135 cm + 1 de 200 x 105 cm) - TV \u00e9cran plat LED 26', etc.\",\"breadcrumb\":{\"@id\":\"https:\/\/hotelpetitpalau.com\/fr\/chambres\/double-comfort-plus\/#breadcrumb\"},\"inLanguage\":\"fr-FR\",\"potentialAction\":[{\"@type\":\"ReadAction\",\"target\":[\"https:\/\/hotelpetitpalau.com\/fr\/chambres\/double-comfort-plus\/\"]}]},{\"@type\":\"BreadcrumbList\",\"@id\":\"https:\/\/hotelpetitpalau.com\/fr\/chambres\/double-comfort-plus\/#breadcrumb\",\"itemListElement\":[{\"@type\":\"ListItem\",\"position\":1,\"name\":\"Portada\",\"item\":\"https:\/\/hotelpetitpalau.com\/fr\/\"},{\"@type\":\"ListItem\",\"position\":2,\"name\":\"Chambres\",\"item\":\"https:\/\/hotelpetitpalau.com\/fr\/chambres\/\"},{\"@type\":\"ListItem\",\"position\":3,\"name\":\"Double Comfort Plus\"}]},{\"@type\":\"WebSite\",\"@id\":\"https:\/\/hotelpetitpalau.com\/#website\",\"url\":\"https:\/\/hotelpetitpalau.com\/\",\"name\":\"Hotel Petit Palau\",\"description\":\"Hotel Petit Palau Blanes\",\"potentialAction\":[{\"@type\":\"SearchAction\",\"target\":{\"@type\":\"EntryPoint\",\"urlTemplate\":\"https:\/\/hotelpetitpalau.com\/?s={search_term_string}\"},\"query-input\":{\"@type\":\"PropertyValueSpecification\",\"valueRequired\":true,\"valueName\":\"search_term_string\"}}],\"inLanguage\":\"fr-FR\"}]}<\/script>\n<!-- \/ Yoast SEO plugin. -->","yoast_head_json":{"title":"Double Confort Plus | Chambres | H\u00f4tel Petit Palau (Blanes)","description":"Chambre Double Confort Plus: Surface de la chambre 19 m2 - parquet - 2 lits (1 de 200 x 135 cm + 1 de 200 x 105 cm) - TV \u00e9cran plat LED 26', etc.","robots":{"index":"index","follow":"follow","max-snippet":"max-snippet:-1","max-image-preview":"max-image-preview:large","max-video-preview":"max-video-preview:-1"},"canonical":"https:\/\/hotelpetitpalau.com\/fr\/chambres\/double-comfort-plus\/","og_locale":"fr_FR","og_type":"article","og_title":"Double Confort Plus | Chambres | H\u00f4tel Petit Palau (Blanes)","og_description":"Chambre Double Confort Plus: Surface de la chambre 19 m2 - parquet - 2 lits (1 de 200 x 135 cm + 1 de 200 x 105 cm) - TV \u00e9cran plat LED 26', etc.","og_url":"https:\/\/hotelpetitpalau.com\/fr\/chambres\/double-comfort-plus\/","og_site_name":"Hotel Petit Palau","article_modified_time":"2025-08-13T11:15:33+00:00","twitter_card":"summary_large_image","twitter_misc":{"Dur\u00e9e de lecture estim\u00e9e":"5 minutes"},"schema":{"@context":"https:\/\/schema.org","@graph":[{"@type":"WebPage","@id":"https:\/\/hotelpetitpalau.com\/fr\/chambres\/double-comfort-plus\/","url":"https:\/\/hotelpetitpalau.com\/fr\/chambres\/double-comfort-plus\/","name":"Double Confort Plus | Chambres | H\u00f4tel Petit Palau (Blanes)","isPartOf":{"@id":"https:\/\/hotelpetitpalau.com\/#website"},"datePublished":"2020-03-12T11:42:53+00:00","dateModified":"2025-08-13T11:15:33+00:00","description":"Chambre Double Confort Plus: Surface de la chambre 19 m2 - parquet - 2 lits (1 de 200 x 135 cm + 1 de 200 x 105 cm) - TV \u00e9cran plat LED 26', etc.","breadcrumb":{"@id":"https:\/\/hotelpetitpalau.com\/fr\/chambres\/double-comfort-plus\/#breadcrumb"},"inLanguage":"fr-FR","potentialAction":[{"@type":"ReadAction","target":["https:\/\/hotelpetitpalau.com\/fr\/chambres\/double-comfort-plus\/"]}]},{"@type":"BreadcrumbList","@id":"https:\/\/hotelpetitpalau.com\/fr\/chambres\/double-comfort-plus\/#breadcrumb","itemListElement":[{"@type":"ListItem","position":1,"name":"Portada","item":"https:\/\/hotelpetitpalau.com\/fr\/"},{"@type":"ListItem","position":2,"name":"Chambres","item":"https:\/\/hotelpetitpalau.com\/fr\/chambres\/"},{"@type":"ListItem","position":3,"name":"Double Comfort Plus"}]},{"@type":"WebSite","@id":"https:\/\/hotelpetitpalau.com\/#website","url":"https:\/\/hotelpetitpalau.com\/","name":"Hotel Petit Palau","description":"Hotel Petit Palau Blanes","potentialAction":[{"@type":"SearchAction","target":{"@type":"EntryPoint","urlTemplate":"https:\/\/hotelpetitpalau.com\/?s={search_term_string}"},"query-input":{"@type":"PropertyValueSpecification","valueRequired":true,"valueName":"search_term_string"}}],"inLanguage":"fr-FR"}]}},"_links":{"self":[{"href":"https:\/\/hotelpetitpalau.com\/fr\/wp-json\/wp\/v2\/pages\/4460","targetHints":{"allow":["GET"]}}],"collection":[{"href":"https:\/\/hotelpetitpalau.com\/fr\/wp-json\/wp\/v2\/pages"}],"about":[{"href":"https:\/\/hotelpetitpalau.com\/fr\/wp-json\/wp\/v2\/types\/page"}],"author":[{"embeddable":true,"href":"https:\/\/hotelpetitpalau.com\/fr\/wp-json\/wp\/v2\/users\/1"}],"replies":[{"embeddable":true,"href":"https:\/\/hotelpetitpalau.com\/fr\/wp-json\/wp\/v2\/comments?post=4460"}],"version-history":[{"count":1,"href":"https:\/\/hotelpetitpalau.com\/fr\/wp-json\/wp\/v2\/pages\/4460\/revisions"}],"predecessor-version":[{"id":6075,"href":"https:\/\/hotelpetitpalau.com\/fr\/wp-json\/wp\/v2\/pages\/4460\/revisions\/6075"}],"up":[{"embeddable":true,"href":"https:\/\/hotelpetitpalau.com\/fr\/wp-json\/wp\/v2\/pages\/4449"}],"wp:attachment":[{"href":"https:\/\/hotelpetitpalau.com\/fr\/wp-json\/wp\/v2\/media?parent=4460"}],"curies":[{"name":"wp","href":"https:\/\/api.w.org\/{rel}","templated":true}]}}