{"id":4140,"date":"2020-04-06T07:40:08","date_gmt":"2020-04-06T07:40:08","guid":{"rendered":"https:\/\/hotelpetitpalau.com\/los-inicios\/"},"modified":"2020-09-03T07:57:38","modified_gmt":"2020-09-03T07:57:38","slug":"the-beginnings","status":"publish","type":"page","link":"https:\/\/hotelpetitpalau.com\/en\/the-beginnings\/","title":{"rendered":"The beginnings"},"content":{"rendered":"<p><div class=\"fusion-fullwidth fullwidth-box fusion-builder-row-1 nonhundred-percent-fullwidth non-hundred-percent-height-scrolling\" style=\"--awb-background-position:center top;--awb-border-sizes-top:0px;--awb-border-sizes-bottom:0px;--awb-border-sizes-left:0px;--awb-border-sizes-right:0px;--awb-border-radius-top-left:0px;--awb-border-radius-top-right:0px;--awb-border-radius-bottom-right:0px;--awb-border-radius-bottom-left:0px;--awb-padding-top:40px;--awb-flex-wrap:wrap;\" ><div class=\"fusion-builder-row fusion-row\"><div class=\"fusion-layout-column fusion_builder_column fusion-builder-column-0 fusion_builder_column_1_1 1_1 fusion-one-full fusion-column-first fusion-column-last fusion-column-no-min-height\" style=\"--awb-bg-size:cover;\"><div class=\"fusion-column-wrapper fusion-column-has-shadow fusion-flex-column-wrapper-legacy\"><div class=\"fusion-sep-clear\"><\/div><div class=\"fusion-separator fusion-full-width-sep\" style=\"margin-left: auto;margin-right: auto;margin-top:50px;width:100%;\"><\/div><div class=\"fusion-sep-clear\"><\/div><div class=\"fusion-image-element fusion-image-align-center in-legacy-container\" style=\"text-align:center;--awb-caption-title-font-family:var(--h2_typography-font-family);--awb-caption-title-font-weight:var(--h2_typography-font-weight);--awb-caption-title-font-style:var(--h2_typography-font-style);--awb-caption-title-size:var(--h2_typography-font-size);--awb-caption-title-transform:var(--h2_typography-text-transform);--awb-caption-title-line-height:var(--h2_typography-line-height);--awb-caption-title-letter-spacing:var(--h2_typography-letter-spacing);\"><div class=\"imageframe-align-center\"><span class=\" fusion-imageframe imageframe-none imageframe-1 hover-type-none\"><img decoding=\"async\" width=\"81\" height=\"21\" title=\"Sin nombre\" src=\"https:\/\/hotelpetitpalau.com\/wp-content\/uploads\/2020\/04\/Sin-nombre.jpg\" alt class=\"img-responsive wp-image-3405\"\/><\/span><\/div><\/div><div class=\"fusion-text fusion-text-1\"><p style=\"letter-spacing: 4px; font-size: 13px; text-align: center; margin-bottom: 0px;\">HOTEL PETIT PALAU<\/p>\n<h1 style=\"text-align: center;\">The beginnings<\/h1>\n<\/div><div class=\"fusion-sep-clear\"><\/div><div class=\"fusion-separator\" style=\"margin-left: auto;margin-right: auto;margin-top:0px;margin-bottom:60px;width:100%;max-width:50px;\"><div class=\"fusion-separator-border sep-single sep-solid\" style=\"--awb-height:20px;--awb-amount:20px;--awb-sep-color:#cbaa5c;border-color:#cbaa5c;border-top-width:1px;\"><\/div><\/div><div class=\"fusion-sep-clear\"><\/div><div class=\"fusion-text fusion-text-2\"><h2 style=\"font-size: 45px; text-align: center;\">From Pension Montserrat to Hotel Petit Palau<\/h2>\n<\/div><div class=\"fusion-clearfix\"><\/div><\/div><\/div><\/div><\/div><div class=\"fusion-fullwidth fullwidth-box fusion-builder-row-2 nonhundred-percent-fullwidth non-hundred-percent-height-scrolling fusion-equal-height-columns\" style=\"--awb-background-position:left top;--awb-border-sizes-top:0px;--awb-border-sizes-bottom:0px;--awb-border-sizes-left:0px;--awb-border-sizes-right:0px;--awb-border-radius-top-left:0px;--awb-border-radius-top-right:0px;--awb-border-radius-bottom-right:0px;--awb-border-radius-bottom-left:0px;--awb-padding-top:0px;--awb-padding-bottom:0px;--awb-flex-wrap:wrap;\" ><div class=\"fusion-builder-row fusion-row\"><div class=\"fusion-layout-column fusion_builder_column fusion-builder-column-1 fusion_builder_column_1_1 1_1 fusion-one-full fusion-column-first fusion-column-last fusion-column-no-min-height\" style=\"--awb-bg-size:cover;--awb-margin-bottom:0px;\"><div class=\"fusion-column-wrapper fusion-flex-column-wrapper-legacy\"><div class=\"fusion-sep-clear\"><\/div><div class=\"fusion-separator\" style=\"margin-left: auto;margin-right: auto;margin-top:0px;margin-bottom:60px;width:100%;max-width:50px;\"><div class=\"fusion-separator-border sep-single sep-solid\" style=\"--awb-height:20px;--awb-amount:20px;--awb-sep-color:#cbaa5c;border-color:#cbaa5c;border-top-width:1px;\"><\/div><\/div><div class=\"fusion-sep-clear\"><\/div><div class=\"fusion-text fusion-text-3\"><p style=\"text-align: center;\">The building where the <b>Hotel Petit Palau<\/b> is currently located was built between <b>1965<\/b> and <b>1968<\/b> by the current owner&#8217;s grandparents: Antonio and Maria. From the beginnings the idea was to make 23 houses to sell, but soon they decided to convert it into rooms for tourist accommodation. At that time, sun and beach tourism was born with great force in our territory and the grandparents who already had experience in the sector opted to develop the new activity under the name of Montserrat Guest House.<\/p>\n<p style=\"text-align: center;\">During the <b>70s<\/b> and <b>80s<\/b> and part of the <b>90s<\/b>, the establishment functioned as a Guest House and later as a Pension.<\/p>\n<\/div><div class=\"fusion-clearfix\"><\/div><\/div><\/div><div class=\"fusion-layout-column fusion_builder_column fusion-builder-column-2 fusion_builder_column_1_2 1_2 fusion-one-half fusion-column-first fusion-column-no-min-height\" style=\"--awb-padding-top:50px;--awb-bg-size:cover;--awb-margin-bottom:0px;width:48%; margin-right: 4%;\"><div class=\"fusion-column-wrapper fusion-column-has-shadow fusion-flex-column-wrapper-legacy\"><div class=\"fusion-image-carousel fusion-image-carousel-auto fusion-image-carousel-1 mb-0\"><div class=\"awb-carousel awb-swiper awb-swiper-carousel awb-carousel--carousel awb-swiper-dots-position-bottom\" data-layout=\"carousel\" data-autoplay=\"yes\" data-autoplayspeed=\"2500\" data-autoplaypause=\"no\" data-columns=\"1\" data-columnsmedium=\"1\" data-columnssmall=\"1\" data-itemmargin=\"0\" data-itemwidth=\"180\" data-touchscroll=\"drag\" data-freemode=\"no\" data-imagesize=\"auto\" data-scrollitems=\"0\" data-centeredslides=\"no\" data-rotationangle=\"50\" data-depth=\"100\" data-speed=\"500\" data-shadow=\"no\" data-pagination=\"bullets\" style=\"--awb-columns:1;--awb-column-spacing:0px;\"><div class=\"swiper-wrapper awb-image-carousel-wrapper fusion-flex-align-items-center\"><div class=\"swiper-slide\"><div class=\"fusion-carousel-item-wrapper\"><div class=\"fusion-image-wrapper hover-type-none\"><img decoding=\"async\" width=\"500\" height=\"380\" src=\"https:\/\/hotelpetitpalau.com\/wp-content\/uploads\/2020\/05\/Antonio-y-Mar\u00eda-2.jpg\" class=\"attachment-full size-full\" alt=\"Los inicios: Fotograf\u00eda de los abuelos de la actual propiedad Antonio Berm\u00fadez y Mar\u00eda Estap\u00e9\" srcset=\"https:\/\/hotelpetitpalau.com\/wp-content\/uploads\/2020\/05\/Antonio-y-Mar\u00eda-2-200x152.jpg 200w, https:\/\/hotelpetitpalau.com\/wp-content\/uploads\/2020\/05\/Antonio-y-Mar\u00eda-2-300x228.jpg 300w, https:\/\/hotelpetitpalau.com\/wp-content\/uploads\/2020\/05\/Antonio-y-Mar\u00eda-2-400x304.jpg 400w, https:\/\/hotelpetitpalau.com\/wp-content\/uploads\/2020\/05\/Antonio-y-Mar\u00eda-2.jpg 500w\" sizes=\"(max-width: 500px) 100vw, 500px\" \/><\/div><\/div><\/div><\/div><div class=\"awb-swiper-button awb-swiper-button-prev\"><i class=\"awb-icon-angle-left\" aria-hidden=\"true\"><\/i><\/div><div class=\"awb-swiper-button awb-swiper-button-next\"><i class=\"awb-icon-angle-right\" aria-hidden=\"true\"><\/i><\/div><\/div><\/div><div class=\"fusion-text fusion-text-4\"><p style=\"text-align: center;\"><strong>Grandparents: Antonio Berm\u00fadez and Mar\u00eda Estap\u00e9<\/strong><\/p>\n<\/div><div class=\"fusion-clearfix\"><\/div><\/div><\/div><div class=\"fusion-layout-column fusion_builder_column fusion-builder-column-3 fusion_builder_column_1_2 1_2 fusion-one-half fusion-column-last fusion-column-no-min-height\" style=\"--awb-bg-size:cover;--awb-margin-bottom:0px;width:48%;\"><div class=\"fusion-column-wrapper fusion-flex-column-wrapper-legacy\"><div class=\"fusion-image-carousel fusion-image-carousel-auto fusion-image-carousel-2 mb-0\"><div class=\"awb-carousel awb-swiper awb-swiper-carousel awb-carousel--carousel awb-swiper-dots-position-bottom\" data-layout=\"carousel\" data-autoplay=\"yes\" data-autoplayspeed=\"2500\" data-autoplaypause=\"no\" data-columns=\"1\" data-columnsmedium=\"1\" data-columnssmall=\"1\" data-itemmargin=\"0\" data-itemwidth=\"180\" data-touchscroll=\"drag\" data-freemode=\"no\" data-imagesize=\"auto\" data-scrollitems=\"0\" data-centeredslides=\"no\" data-rotationangle=\"50\" data-depth=\"100\" data-speed=\"500\" data-shadow=\"no\" data-pagination=\"bullets\" style=\"--awb-columns:1;--awb-column-spacing:0px;\"><div class=\"swiper-wrapper awb-image-carousel-wrapper fusion-flex-align-items-center\"><div class=\"swiper-slide\"><div class=\"fusion-carousel-item-wrapper\"><div class=\"fusion-image-wrapper hover-type-none\"><img decoding=\"async\" width=\"380\" height=\"500\" src=\"https:\/\/hotelpetitpalau.com\/wp-content\/uploads\/2020\/05\/Pension-Montserrat-2.jpg\" class=\"attachment-full size-full\" alt=\"Los inicios: Fotograf\u00eda de la Pensi\u00f3n Montserrat el a\u00f1o 1974\" srcset=\"https:\/\/hotelpetitpalau.com\/wp-content\/uploads\/2020\/05\/Pension-Montserrat-2-200x263.jpg 200w, https:\/\/hotelpetitpalau.com\/wp-content\/uploads\/2020\/05\/Pension-Montserrat-2-228x300.jpg 228w, https:\/\/hotelpetitpalau.com\/wp-content\/uploads\/2020\/05\/Pension-Montserrat-2.jpg 380w\" sizes=\"(max-width: 380px) 100vw, 380px\" \/><\/div><\/div><\/div><\/div><div class=\"awb-swiper-button awb-swiper-button-prev\"><i class=\"awb-icon-angle-left\" aria-hidden=\"true\"><\/i><\/div><div class=\"awb-swiper-button awb-swiper-button-next\"><i class=\"awb-icon-angle-right\" aria-hidden=\"true\"><\/i><\/div><\/div><\/div><div class=\"fusion-text fusion-text-5\"><p style=\"text-align: center;\"><strong>Photography: Pension Montserrat year 1974<\/strong><\/p>\n<\/div><div class=\"fusion-clearfix\"><\/div><\/div><\/div><div class=\"fusion-layout-column fusion_builder_column fusion-builder-column-4 fusion_builder_column_1_1 1_1 fusion-one-full fusion-column-first fusion-column-last fusion-column-no-min-height\" style=\"--awb-bg-size:cover;--awb-margin-bottom:0px;\"><div class=\"fusion-column-wrapper fusion-flex-column-wrapper-legacy\"><div class=\"fusion-sep-clear\"><\/div><div class=\"fusion-separator\" style=\"margin-left: auto;margin-right: auto;margin-top:0px;margin-bottom:60px;width:100%;max-width:50px;\"><div class=\"fusion-separator-border sep-single sep-solid\" style=\"--awb-height:20px;--awb-amount:20px;--awb-sep-color:#cbaa5c;border-color:#cbaa5c;border-top-width:1px;\"><\/div><\/div><div class=\"fusion-sep-clear\"><\/div><div class=\"fusion-text fusion-text-6\"><p style=\"text-align: center;\">In <b>1983-84<\/b> interior works were carried out with the construction of bathrooms in all rooms and a breakfast room on the first floor. At this time, already under the baton of the second generation of owners: Pepito and Maria, the building was adapted to fire safety regulations. In <b>1991<\/b> the classification of 1 star hotel was obtained.<\/p>\n<\/div><div class=\"fusion-clearfix\"><\/div><\/div><\/div><div class=\"fusion-layout-column fusion_builder_column fusion-builder-column-5 fusion_builder_column_1_1 1_1 fusion-one-full fusion-column-first fusion-column-last fusion-column-no-min-height\" style=\"--awb-bg-size:cover;--awb-margin-bottom:0px;\"><div class=\"fusion-column-wrapper fusion-flex-column-wrapper-legacy\"><div class=\"fusion-image-carousel fusion-image-carousel-auto fusion-image-carousel-3 mb-0\"><div class=\"awb-carousel awb-swiper awb-swiper-carousel awb-carousel--carousel awb-swiper-dots-position-bottom\" data-layout=\"carousel\" data-autoplay=\"yes\" data-autoplayspeed=\"2500\" data-autoplaypause=\"no\" data-columns=\"1\" data-columnsmedium=\"1\" data-columnssmall=\"1\" data-itemmargin=\"0\" data-itemwidth=\"180\" data-touchscroll=\"drag\" data-freemode=\"no\" data-imagesize=\"auto\" data-scrollitems=\"0\" data-centeredslides=\"no\" data-rotationangle=\"50\" data-depth=\"100\" data-speed=\"500\" data-shadow=\"no\" data-pagination=\"bullets\" style=\"--awb-columns:1;--awb-column-spacing:0px;\"><div class=\"swiper-wrapper awb-image-carousel-wrapper fusion-flex-align-items-center\"><div class=\"swiper-slide\"><div class=\"fusion-carousel-item-wrapper\"><div class=\"fusion-image-wrapper hover-type-none\"><img decoding=\"async\" width=\"380\" height=\"500\" src=\"https:\/\/hotelpetitpalau.com\/wp-content\/uploads\/2020\/05\/Pepito-y-Maria-2.jpg\" class=\"attachment-full size-full\" alt=\"Los inicios:  Fotograf\u00eda de los padres de la actual propiedad Pepito Mar\u00e8s y Maria Berm\u00fadez\" srcset=\"https:\/\/hotelpetitpalau.com\/wp-content\/uploads\/2020\/05\/Pepito-y-Maria-2-200x263.jpg 200w, https:\/\/hotelpetitpalau.com\/wp-content\/uploads\/2020\/05\/Pepito-y-Maria-2-228x300.jpg 228w, https:\/\/hotelpetitpalau.com\/wp-content\/uploads\/2020\/05\/Pepito-y-Maria-2.jpg 380w\" sizes=\"(max-width: 380px) 100vw, 380px\" \/><\/div><\/div><\/div><\/div><div class=\"awb-swiper-button awb-swiper-button-prev\"><i class=\"awb-icon-angle-left\" aria-hidden=\"true\"><\/i><\/div><div class=\"awb-swiper-button awb-swiper-button-next\"><i class=\"awb-icon-angle-right\" aria-hidden=\"true\"><\/i><\/div><\/div><\/div><div class=\"fusion-text fusion-text-7\"><p style=\"text-align: center;\"><strong>Parents: Pepito Mar\u00e8s and Maria Berm\u00fadez<\/strong><\/p>\n<\/div><div class=\"fusion-clearfix\"><\/div><\/div><\/div><div class=\"fusion-layout-column fusion_builder_column fusion-builder-column-6 fusion_builder_column_1_1 1_1 fusion-one-full fusion-column-first fusion-column-last fusion-column-no-min-height\" style=\"--awb-bg-size:cover;--awb-margin-bottom:0px;\"><div class=\"fusion-column-wrapper fusion-flex-column-wrapper-legacy\"><div class=\"fusion-sep-clear\"><\/div><div class=\"fusion-separator\" style=\"margin-left: auto;margin-right: auto;margin-top:0px;margin-bottom:60px;width:100%;max-width:50px;\"><div class=\"fusion-separator-border sep-single sep-solid\" style=\"--awb-height:20px;--awb-amount:20px;--awb-sep-color:#cbaa5c;border-color:#cbaa5c;border-top-width:1px;\"><\/div><\/div><div class=\"fusion-sep-clear\"><\/div><div class=\"fusion-text fusion-text-8\"><p style=\"text-align: center;\">In <b>1995 <\/b> it was decided to increase the hotel facilities by building the swimming pool and a new dining room, and the common areas of the reception, the hall and the bar were also increased. These improvements allowed us to reclassify the hotel to 2 stars.<\/p>\n<\/div><div class=\"fusion-clearfix\"><\/div><\/div><\/div><div class=\"fusion-layout-column fusion_builder_column fusion-builder-column-7 fusion_builder_column_1_1 1_1 fusion-one-full fusion-column-first fusion-column-last fusion-column-no-min-height\" style=\"--awb-bg-size:cover;--awb-margin-bottom:0px;\"><div class=\"fusion-column-wrapper fusion-flex-column-wrapper-legacy\"><div class=\"fusion-image-carousel fusion-image-carousel-auto fusion-image-carousel-4 mb-0\"><div class=\"awb-carousel awb-swiper awb-swiper-carousel awb-carousel--carousel awb-swiper-dots-position-bottom\" data-layout=\"carousel\" data-autoplay=\"yes\" data-autoplayspeed=\"2500\" data-autoplaypause=\"no\" data-columns=\"1\" data-columnsmedium=\"1\" data-columnssmall=\"1\" data-itemmargin=\"0\" data-itemwidth=\"180\" data-touchscroll=\"drag\" data-freemode=\"no\" data-imagesize=\"auto\" data-scrollitems=\"0\" data-centeredslides=\"no\" data-rotationangle=\"50\" data-depth=\"100\" data-speed=\"500\" data-shadow=\"no\" data-pagination=\"bullets\" style=\"--awb-columns:1;--awb-column-spacing:0px;\"><div class=\"swiper-wrapper awb-image-carousel-wrapper fusion-flex-align-items-center\"><div class=\"swiper-slide\"><div class=\"fusion-carousel-item-wrapper\"><div class=\"fusion-image-wrapper hover-type-none\"><img decoding=\"async\" width=\"380\" height=\"500\" src=\"https:\/\/hotelpetitpalau.com\/wp-content\/uploads\/2020\/05\/Hotel-Montserrat-2.jpg\" class=\"attachment-full size-full\" alt=\"Los inicios:  Fotograf\u00eda del Hotel Montserrat el a\u00f1o 1996\" srcset=\"https:\/\/hotelpetitpalau.com\/wp-content\/uploads\/2020\/05\/Hotel-Montserrat-2-200x263.jpg 200w, https:\/\/hotelpetitpalau.com\/wp-content\/uploads\/2020\/05\/Hotel-Montserrat-2-228x300.jpg 228w, https:\/\/hotelpetitpalau.com\/wp-content\/uploads\/2020\/05\/Hotel-Montserrat-2.jpg 380w\" sizes=\"(max-width: 380px) 100vw, 380px\" \/><\/div><\/div><\/div><\/div><div class=\"awb-swiper-button awb-swiper-button-prev\"><i class=\"awb-icon-angle-left\" aria-hidden=\"true\"><\/i><\/div><div class=\"awb-swiper-button awb-swiper-button-next\"><i class=\"awb-icon-angle-right\" aria-hidden=\"true\"><\/i><\/div><\/div><\/div><div class=\"fusion-text fusion-text-9\"><p style=\"text-align: center;\"><strong>Photography: Hotel Montserrat year 1996<\/strong><\/p>\n<\/div><div class=\"fusion-clearfix\"><\/div><\/div><\/div><div class=\"fusion-layout-column fusion_builder_column fusion-builder-column-8 fusion_builder_column_1_1 1_1 fusion-one-full fusion-column-first fusion-column-last fusion-column-no-min-height\" style=\"--awb-bg-size:cover;--awb-margin-bottom:0px;\"><div class=\"fusion-column-wrapper fusion-flex-column-wrapper-legacy\"><div class=\"fusion-sep-clear\"><\/div><div class=\"fusion-separator\" style=\"margin-left: auto;margin-right: auto;margin-top:0px;margin-bottom:60px;width:100%;max-width:50px;\"><div class=\"fusion-separator-border sep-single sep-solid\" style=\"--awb-height:20px;--awb-amount:20px;--awb-sep-color:#cbaa5c;border-color:#cbaa5c;border-top-width:1px;\"><\/div><\/div><div class=\"fusion-sep-clear\"><\/div><div class=\"fusion-text fusion-text-10\"><p style=\"text-align: center;\">Subsequently and under the management of the current owners, different reforms have been carried out, but the most significant and important has been the total renovation of the rooms between <b>2011<\/b> and <b>2012. <\/b>This renovation represented a very significant step in quality and service that we it led to the current category of the superior 4 star hotel.<\/p>\n<\/div><div class=\"fusion-clearfix\"><\/div><\/div><\/div><div class=\"fusion-layout-column fusion_builder_column fusion-builder-column-9 fusion_builder_column_1_1 1_1 fusion-one-full fusion-column-first fusion-column-last fusion-column-no-min-height\" style=\"--awb-bg-size:cover;--awb-margin-bottom:0px;\"><div class=\"fusion-column-wrapper fusion-flex-column-wrapper-legacy\"><div class=\"fusion-image-carousel fusion-image-carousel-auto fusion-image-carousel-5 mb-0\"><div class=\"awb-carousel awb-swiper awb-swiper-carousel awb-carousel--carousel awb-swiper-dots-position-bottom\" data-layout=\"carousel\" data-autoplay=\"yes\" data-autoplayspeed=\"2500\" data-autoplaypause=\"no\" data-columns=\"1\" data-columnsmedium=\"1\" data-columnssmall=\"1\" data-itemmargin=\"0\" data-itemwidth=\"180\" data-touchscroll=\"drag\" data-freemode=\"no\" data-imagesize=\"auto\" data-scrollitems=\"0\" data-centeredslides=\"no\" data-rotationangle=\"50\" data-depth=\"100\" data-speed=\"500\" data-shadow=\"no\" data-pagination=\"bullets\" style=\"--awb-columns:1;--awb-column-spacing:0px;\"><div class=\"swiper-wrapper awb-image-carousel-wrapper fusion-flex-align-items-center\"><div class=\"swiper-slide\"><div class=\"fusion-carousel-item-wrapper\"><div class=\"fusion-image-wrapper hover-type-none\"><img decoding=\"async\" width=\"500\" height=\"380\" src=\"https:\/\/hotelpetitpalau.com\/wp-content\/uploads\/2020\/05\/Hotel-Petit-Palau-7.jpg\" class=\"attachment-full size-full\" alt=\"Los inicios:  Fotograf\u00eda de los actuales propietarios Toni Mar\u00e8s y Esther Gelm\u00e0 e hijos\" srcset=\"https:\/\/hotelpetitpalau.com\/wp-content\/uploads\/2020\/05\/Hotel-Petit-Palau-7-200x152.jpg 200w, https:\/\/hotelpetitpalau.com\/wp-content\/uploads\/2020\/05\/Hotel-Petit-Palau-7-300x228.jpg 300w, https:\/\/hotelpetitpalau.com\/wp-content\/uploads\/2020\/05\/Hotel-Petit-Palau-7-400x304.jpg 400w, https:\/\/hotelpetitpalau.com\/wp-content\/uploads\/2020\/05\/Hotel-Petit-Palau-7.jpg 500w\" sizes=\"(max-width: 500px) 100vw, 500px\" \/><\/div><\/div><\/div><\/div><div class=\"awb-swiper-button awb-swiper-button-prev\"><i class=\"awb-icon-angle-left\" aria-hidden=\"true\"><\/i><\/div><div class=\"awb-swiper-button awb-swiper-button-next\"><i class=\"awb-icon-angle-right\" aria-hidden=\"true\"><\/i><\/div><\/div><\/div><div class=\"fusion-text fusion-text-11\"><p style=\"text-align: center;\"><strong>Current owners: Toni Mar\u00e8s and Esther Gelm\u00e0 and children<\/strong><\/p>\n<\/div><div class=\"fusion-clearfix\"><\/div><\/div><\/div><\/div><\/div><\/p>\n","protected":false},"excerpt":{"rendered":"","protected":false},"author":1,"featured_media":0,"parent":0,"menu_order":0,"comment_status":"closed","ping_status":"closed","template":"100-width.php","meta":{"footnotes":""},"class_list":["post-4140","page","type-page","status-publish","hentry"],"yoast_head":"<!-- This site is optimized with the Yoast SEO plugin v26.9 - https:\/\/yoast.com\/product\/yoast-seo-wordpress\/ -->\n<title>The beginnings | Hotel Petit Palau | Hotel in Blanes (Costa Brava)<\/title>\n<meta name=\"description\" content=\"If you want to learn about the beginnings and the evolution of our hotel over the years, we recommend that you read this section.\" \/>\n<meta name=\"robots\" content=\"index, follow, max-snippet:-1, max-image-preview:large, max-video-preview:-1\" \/>\n<link rel=\"canonical\" href=\"https:\/\/hotelpetitpalau.com\/en\/the-beginnings\/\" \/>\n<meta property=\"og:locale\" content=\"en_US\" \/>\n<meta property=\"og:type\" content=\"article\" \/>\n<meta property=\"og:title\" content=\"The beginnings | Hotel Petit Palau | Hotel in Blanes (Costa Brava)\" \/>\n<meta property=\"og:description\" content=\"If you want to learn about the beginnings and the evolution of our hotel over the years, we recommend that you read this section.\" \/>\n<meta property=\"og:url\" content=\"https:\/\/hotelpetitpalau.com\/en\/the-beginnings\/\" \/>\n<meta property=\"og:site_name\" content=\"Hotel Petit Palau\" \/>\n<meta property=\"article:modified_time\" content=\"2020-09-03T07:57:38+00:00\" \/>\n<meta name=\"twitter:card\" content=\"summary_large_image\" \/>\n<meta name=\"twitter:label1\" content=\"Est. reading time\" \/>\n\t<meta name=\"twitter:data1\" content=\"14 minutes\" \/>\n<script type=\"application\/ld+json\" class=\"yoast-schema-graph\">{\"@context\":\"https:\/\/schema.org\",\"@graph\":[{\"@type\":\"WebPage\",\"@id\":\"https:\/\/hotelpetitpalau.com\/en\/the-beginnings\/\",\"url\":\"https:\/\/hotelpetitpalau.com\/en\/the-beginnings\/\",\"name\":\"The beginnings | Hotel Petit Palau | Hotel in Blanes (Costa Brava)\",\"isPartOf\":{\"@id\":\"https:\/\/hotelpetitpalau.com\/#website\"},\"datePublished\":\"2020-04-06T07:40:08+00:00\",\"dateModified\":\"2020-09-03T07:57:38+00:00\",\"description\":\"If you want to learn about the beginnings and the evolution of our hotel over the years, we recommend that you read this section.\",\"breadcrumb\":{\"@id\":\"https:\/\/hotelpetitpalau.com\/en\/the-beginnings\/#breadcrumb\"},\"inLanguage\":\"en-US\",\"potentialAction\":[{\"@type\":\"ReadAction\",\"target\":[\"https:\/\/hotelpetitpalau.com\/en\/the-beginnings\/\"]}]},{\"@type\":\"BreadcrumbList\",\"@id\":\"https:\/\/hotelpetitpalau.com\/en\/the-beginnings\/#breadcrumb\",\"itemListElement\":[{\"@type\":\"ListItem\",\"position\":1,\"name\":\"Portada\",\"item\":\"https:\/\/hotelpetitpalau.com\/en\/\"},{\"@type\":\"ListItem\",\"position\":2,\"name\":\"The beginnings\"}]},{\"@type\":\"WebSite\",\"@id\":\"https:\/\/hotelpetitpalau.com\/#website\",\"url\":\"https:\/\/hotelpetitpalau.com\/\",\"name\":\"Hotel Petit Palau\",\"description\":\"Hotel Petit Palau Blanes\",\"potentialAction\":[{\"@type\":\"SearchAction\",\"target\":{\"@type\":\"EntryPoint\",\"urlTemplate\":\"https:\/\/hotelpetitpalau.com\/?s={search_term_string}\"},\"query-input\":{\"@type\":\"PropertyValueSpecification\",\"valueRequired\":true,\"valueName\":\"search_term_string\"}}],\"inLanguage\":\"en-US\"}]}<\/script>\n<!-- \/ Yoast SEO plugin. -->","yoast_head_json":{"title":"The beginnings | Hotel Petit Palau | Hotel in Blanes (Costa Brava)","description":"If you want to learn about the beginnings and the evolution of our hotel over the years, we recommend that you read this section.","robots":{"index":"index","follow":"follow","max-snippet":"max-snippet:-1","max-image-preview":"max-image-preview:large","max-video-preview":"max-video-preview:-1"},"canonical":"https:\/\/hotelpetitpalau.com\/en\/the-beginnings\/","og_locale":"en_US","og_type":"article","og_title":"The beginnings | Hotel Petit Palau | Hotel in Blanes (Costa Brava)","og_description":"If you want to learn about the beginnings and the evolution of our hotel over the years, we recommend that you read this section.","og_url":"https:\/\/hotelpetitpalau.com\/en\/the-beginnings\/","og_site_name":"Hotel Petit Palau","article_modified_time":"2020-09-03T07:57:38+00:00","twitter_card":"summary_large_image","twitter_misc":{"Est. reading time":"14 minutes"},"schema":{"@context":"https:\/\/schema.org","@graph":[{"@type":"WebPage","@id":"https:\/\/hotelpetitpalau.com\/en\/the-beginnings\/","url":"https:\/\/hotelpetitpalau.com\/en\/the-beginnings\/","name":"The beginnings | Hotel Petit Palau | Hotel in Blanes (Costa Brava)","isPartOf":{"@id":"https:\/\/hotelpetitpalau.com\/#website"},"datePublished":"2020-04-06T07:40:08+00:00","dateModified":"2020-09-03T07:57:38+00:00","description":"If you want to learn about the beginnings and the evolution of our hotel over the years, we recommend that you read this section.","breadcrumb":{"@id":"https:\/\/hotelpetitpalau.com\/en\/the-beginnings\/#breadcrumb"},"inLanguage":"en-US","potentialAction":[{"@type":"ReadAction","target":["https:\/\/hotelpetitpalau.com\/en\/the-beginnings\/"]}]},{"@type":"BreadcrumbList","@id":"https:\/\/hotelpetitpalau.com\/en\/the-beginnings\/#breadcrumb","itemListElement":[{"@type":"ListItem","position":1,"name":"Portada","item":"https:\/\/hotelpetitpalau.com\/en\/"},{"@type":"ListItem","position":2,"name":"The beginnings"}]},{"@type":"WebSite","@id":"https:\/\/hotelpetitpalau.com\/#website","url":"https:\/\/hotelpetitpalau.com\/","name":"Hotel Petit Palau","description":"Hotel Petit Palau Blanes","potentialAction":[{"@type":"SearchAction","target":{"@type":"EntryPoint","urlTemplate":"https:\/\/hotelpetitpalau.com\/?s={search_term_string}"},"query-input":{"@type":"PropertyValueSpecification","valueRequired":true,"valueName":"search_term_string"}}],"inLanguage":"en-US"}]}},"_links":{"self":[{"href":"https:\/\/hotelpetitpalau.com\/en\/wp-json\/wp\/v2\/pages\/4140","targetHints":{"allow":["GET"]}}],"collection":[{"href":"https:\/\/hotelpetitpalau.com\/en\/wp-json\/wp\/v2\/pages"}],"about":[{"href":"https:\/\/hotelpetitpalau.com\/en\/wp-json\/wp\/v2\/types\/page"}],"author":[{"embeddable":true,"href":"https:\/\/hotelpetitpalau.com\/en\/wp-json\/wp\/v2\/users\/1"}],"replies":[{"embeddable":true,"href":"https:\/\/hotelpetitpalau.com\/en\/wp-json\/wp\/v2\/comments?post=4140"}],"version-history":[{"count":0,"href":"https:\/\/hotelpetitpalau.com\/en\/wp-json\/wp\/v2\/pages\/4140\/revisions"}],"wp:attachment":[{"href":"https:\/\/hotelpetitpalau.com\/en\/wp-json\/wp\/v2\/media?parent=4140"}],"curies":[{"name":"wp","href":"https:\/\/api.w.org\/{rel}","templated":true}]}}