{"id":6178,"date":"2025-09-04T07:21:11","date_gmt":"2025-09-04T07:21:11","guid":{"rendered":"https:\/\/hotelpetitpalau.com\/haftungsausschluss\/"},"modified":"2025-09-04T07:21:11","modified_gmt":"2025-09-04T07:21:11","slug":"haftungsausschluss","status":"publish","type":"page","link":"https:\/\/hotelpetitpalau.com\/de\/haftungsausschluss\/","title":{"rendered":"Haftungsausschluss"},"content":{"rendered":"\n<!-- Legal document generated by Complianz | GDPR\/CCPA Cookie Consent https:\/\/wordpress.org\/plugins\/complianz-gdpr -->\n<div id=\"cmplz-document\" class=\"cmplz-document disclaimer cmplz-document-all\"><p>HOTEL PETIT PALAU ist dazu verpflichtet, diese Website aktuell und akkurat zu halten. Solltest du dennoch auf irgendetwas sto\u00dfen, das veraltet oder inkorrekt ist, w\u00fcrden wir es sch\u00e4tzen, wenn du es uns wissen l\u00e4sst. Bitte weise darauf hin, wo du auf der Seite die Information gelesen hast. Wir werden uns dann so schnell wie m\u00f6glich darum k\u00fcmmern. Bitte sende deine R\u00fcckmeldung an: <span class=\"cmplz-obfuscate\">&#101;&#115;&#116;&#104;&#101;r@<span class=\"cmplz-fmail-domain\">ex&#046;c&#111;m<\/span>h&#111;&#116;&#101;l&#112;&#101;t&#105;tpa&#108;&#097;u&#046;&#099;om<\/span>.<\/p><p>Wir \u00fcbernehmen keine Haftung f\u00fcr aus Ungenauigkeit oder Unvollst\u00e4ndigkeit resultierenden Verluste, noch f\u00fcr entstehende Verluste oder Verbreitung von Informationen durch das Internet, wie St\u00f6rungen oder Unterbrechungen. Bei der Verwendung von Internetfomularen streben wir danach die Anzahl der ben\u00f6tigten Felder zu minimieren. F\u00fcr jegliche Verluste die aus der Verwendung von HOTEL PETIT PALAU empfohlener oder stammender Daten, Hinweisen oder Ideen \u00fcbernimmt HOTEL PETIT PALAU keine Haftung.<\/p><p>Jegliches intellektuelle Eigentumsrecht an Inhalten auf dieser Website ist im Besitz von HOTEL PETIT PALAU.<\/p><p>Das Kopieren, Verbreiten oder jegliche andere Nutzung dieses Materials ist ohne die schriftliche Erlaubnis von HOTEL PETIT PALAU nicht gestattet, sofern in geltendem Gesetz nicht anders vereinbart oder ausgenommen (wie etwa das Recht zu zitieren), solang der spezifische Inhalt nichts anderes vorschreibt.<\/p><p>Wenn du Fragen oder Probleme mit der Verf\u00fcgbarkeit der Website hast, z\u00f6gere nicht uns zu kontaktieren.<\/p><\/div>","protected":false},"excerpt":{"rendered":"","protected":false},"author":1,"featured_media":0,"parent":0,"menu_order":0,"comment_status":"closed","ping_status":"closed","template":"","meta":{"footnotes":""},"class_list":["post-6178","page","type-page","status-publish","hentry"],"yoast_head":"<!-- This site is optimized with the Yoast SEO plugin v26.9 - https:\/\/yoast.com\/product\/yoast-seo-wordpress\/ -->\n<title>Haftungsausschluss - Hotel Petit Palau<\/title>\n<meta name=\"robots\" content=\"index, follow, max-snippet:-1, max-image-preview:large, max-video-preview:-1\" \/>\n<link rel=\"canonical\" href=\"https:\/\/hotelpetitpalau.com\/de\/haftungsausschluss\/\" \/>\n<meta property=\"og:locale\" content=\"de_DE\" \/>\n<meta property=\"og:type\" content=\"article\" \/>\n<meta property=\"og:title\" content=\"Haftungsausschluss - Hotel Petit Palau\" \/>\n<meta property=\"og:url\" content=\"https:\/\/hotelpetitpalau.com\/de\/haftungsausschluss\/\" \/>\n<meta property=\"og:site_name\" content=\"Hotel Petit Palau\" \/>\n<meta name=\"twitter:card\" content=\"summary_large_image\" \/>\n<script type=\"application\/ld+json\" class=\"yoast-schema-graph\">{\"@context\":\"https:\/\/schema.org\",\"@graph\":[{\"@type\":\"WebPage\",\"@id\":\"https:\/\/hotelpetitpalau.com\/de\/haftungsausschluss\/\",\"url\":\"https:\/\/hotelpetitpalau.com\/de\/haftungsausschluss\/\",\"name\":\"Haftungsausschluss - Hotel Petit Palau\",\"isPartOf\":{\"@id\":\"https:\/\/hotelpetitpalau.com\/#website\"},\"datePublished\":\"2025-09-04T07:21:11+00:00\",\"breadcrumb\":{\"@id\":\"https:\/\/hotelpetitpalau.com\/de\/haftungsausschluss\/#breadcrumb\"},\"inLanguage\":\"de\",\"potentialAction\":[{\"@type\":\"ReadAction\",\"target\":[\"https:\/\/hotelpetitpalau.com\/de\/haftungsausschluss\/\"]}]},{\"@type\":\"BreadcrumbList\",\"@id\":\"https:\/\/hotelpetitpalau.com\/de\/haftungsausschluss\/#breadcrumb\",\"itemListElement\":[{\"@type\":\"ListItem\",\"position\":1,\"name\":\"Portada\",\"item\":\"https:\/\/hotelpetitpalau.com\/de\/\"},{\"@type\":\"ListItem\",\"position\":2,\"name\":\"Haftungsausschluss\"}]},{\"@type\":\"WebSite\",\"@id\":\"https:\/\/hotelpetitpalau.com\/#website\",\"url\":\"https:\/\/hotelpetitpalau.com\/\",\"name\":\"Hotel Petit Palau\",\"description\":\"Hotel Petit Palau Blanes\",\"potentialAction\":[{\"@type\":\"SearchAction\",\"target\":{\"@type\":\"EntryPoint\",\"urlTemplate\":\"https:\/\/hotelpetitpalau.com\/?s={search_term_string}\"},\"query-input\":{\"@type\":\"PropertyValueSpecification\",\"valueRequired\":true,\"valueName\":\"search_term_string\"}}],\"inLanguage\":\"de\"}]}<\/script>\n<!-- \/ Yoast SEO plugin. -->","yoast_head_json":{"title":"Haftungsausschluss - Hotel Petit Palau","robots":{"index":"index","follow":"follow","max-snippet":"max-snippet:-1","max-image-preview":"max-image-preview:large","max-video-preview":"max-video-preview:-1"},"canonical":"https:\/\/hotelpetitpalau.com\/de\/haftungsausschluss\/","og_locale":"de_DE","og_type":"article","og_title":"Haftungsausschluss - Hotel Petit Palau","og_url":"https:\/\/hotelpetitpalau.com\/de\/haftungsausschluss\/","og_site_name":"Hotel Petit Palau","twitter_card":"summary_large_image","schema":{"@context":"https:\/\/schema.org","@graph":[{"@type":"WebPage","@id":"https:\/\/hotelpetitpalau.com\/de\/haftungsausschluss\/","url":"https:\/\/hotelpetitpalau.com\/de\/haftungsausschluss\/","name":"Haftungsausschluss - Hotel Petit Palau","isPartOf":{"@id":"https:\/\/hotelpetitpalau.com\/#website"},"datePublished":"2025-09-04T07:21:11+00:00","breadcrumb":{"@id":"https:\/\/hotelpetitpalau.com\/de\/haftungsausschluss\/#breadcrumb"},"inLanguage":"de","potentialAction":[{"@type":"ReadAction","target":["https:\/\/hotelpetitpalau.com\/de\/haftungsausschluss\/"]}]},{"@type":"BreadcrumbList","@id":"https:\/\/hotelpetitpalau.com\/de\/haftungsausschluss\/#breadcrumb","itemListElement":[{"@type":"ListItem","position":1,"name":"Portada","item":"https:\/\/hotelpetitpalau.com\/de\/"},{"@type":"ListItem","position":2,"name":"Haftungsausschluss"}]},{"@type":"WebSite","@id":"https:\/\/hotelpetitpalau.com\/#website","url":"https:\/\/hotelpetitpalau.com\/","name":"Hotel Petit Palau","description":"Hotel Petit Palau Blanes","potentialAction":[{"@type":"SearchAction","target":{"@type":"EntryPoint","urlTemplate":"https:\/\/hotelpetitpalau.com\/?s={search_term_string}"},"query-input":{"@type":"PropertyValueSpecification","valueRequired":true,"valueName":"search_term_string"}}],"inLanguage":"de"}]}},"_links":{"self":[{"href":"https:\/\/hotelpetitpalau.com\/de\/wp-json\/wp\/v2\/pages\/6178","targetHints":{"allow":["GET"]}}],"collection":[{"href":"https:\/\/hotelpetitpalau.com\/de\/wp-json\/wp\/v2\/pages"}],"about":[{"href":"https:\/\/hotelpetitpalau.com\/de\/wp-json\/wp\/v2\/types\/page"}],"author":[{"embeddable":true,"href":"https:\/\/hotelpetitpalau.com\/de\/wp-json\/wp\/v2\/users\/1"}],"replies":[{"embeddable":true,"href":"https:\/\/hotelpetitpalau.com\/de\/wp-json\/wp\/v2\/comments?post=6178"}],"version-history":[{"count":1,"href":"https:\/\/hotelpetitpalau.com\/de\/wp-json\/wp\/v2\/pages\/6178\/revisions"}],"predecessor-version":[{"id":6179,"href":"https:\/\/hotelpetitpalau.com\/de\/wp-json\/wp\/v2\/pages\/6178\/revisions\/6179"}],"wp:attachment":[{"href":"https:\/\/hotelpetitpalau.com\/de\/wp-json\/wp\/v2\/media?parent=6178"}],"curies":[{"name":"wp","href":"https:\/\/api.w.org\/{rel}","templated":true}]}}