{"id":4714,"date":"2020-04-06T07:40:08","date_gmt":"2020-04-06T07:40:08","guid":{"rendered":"https:\/\/hotelpetitpalau.com\/los-inicios\/"},"modified":"2020-08-31T10:56:58","modified_gmt":"2020-08-31T10:56:58","slug":"die-anfaenge","status":"publish","type":"page","link":"https:\/\/hotelpetitpalau.com\/de\/die-anfaenge\/","title":{"rendered":"Die Anf\u00e4nge"},"content":{"rendered":"<p><div class=\"fusion-fullwidth fullwidth-box fusion-builder-row-1 nonhundred-percent-fullwidth non-hundred-percent-height-scrolling\" style=\"--awb-background-position:center top;--awb-border-sizes-top:0px;--awb-border-sizes-bottom:0px;--awb-border-sizes-left:0px;--awb-border-sizes-right:0px;--awb-border-radius-top-left:0px;--awb-border-radius-top-right:0px;--awb-border-radius-bottom-right:0px;--awb-border-radius-bottom-left:0px;--awb-padding-top:40px;--awb-flex-wrap:wrap;\" ><div class=\"fusion-builder-row fusion-row\"><div class=\"fusion-layout-column fusion_builder_column fusion-builder-column-0 fusion_builder_column_1_1 1_1 fusion-one-full fusion-column-first fusion-column-last fusion-column-no-min-height\" style=\"--awb-bg-size:cover;\"><div class=\"fusion-column-wrapper fusion-column-has-shadow fusion-flex-column-wrapper-legacy\"><div class=\"fusion-sep-clear\"><\/div><div class=\"fusion-separator fusion-full-width-sep\" style=\"margin-left: auto;margin-right: auto;margin-top:50px;width:100%;\"><\/div><div class=\"fusion-sep-clear\"><\/div><div class=\"fusion-image-element fusion-image-align-center in-legacy-container\" style=\"text-align:center;--awb-caption-title-font-family:var(--h2_typography-font-family);--awb-caption-title-font-weight:var(--h2_typography-font-weight);--awb-caption-title-font-style:var(--h2_typography-font-style);--awb-caption-title-size:var(--h2_typography-font-size);--awb-caption-title-transform:var(--h2_typography-text-transform);--awb-caption-title-line-height:var(--h2_typography-line-height);--awb-caption-title-letter-spacing:var(--h2_typography-letter-spacing);\"><div class=\"imageframe-align-center\"><span class=\" fusion-imageframe imageframe-none imageframe-1 hover-type-none\"><img decoding=\"async\" width=\"81\" height=\"21\" title=\"Sin nombre\" src=\"https:\/\/hotelpetitpalau.com\/wp-content\/uploads\/2020\/04\/Sin-nombre.jpg\" alt class=\"img-responsive wp-image-3405\"\/><\/span><\/div><\/div><div class=\"fusion-text fusion-text-1\"><p style=\"letter-spacing: 4px; font-size: 13px; text-align: center; margin-bottom: 0px;\">HOTEL PETIT PALAU<\/p>\n<h1 style=\"text-align: center;\">Die Anf\u00e4nge<\/h1>\n<\/div><div class=\"fusion-sep-clear\"><\/div><div class=\"fusion-separator\" style=\"margin-left: auto;margin-right: auto;margin-top:0px;margin-bottom:60px;width:100%;max-width:50px;\"><div class=\"fusion-separator-border sep-single sep-solid\" style=\"--awb-height:20px;--awb-amount:20px;--awb-sep-color:#cbaa5c;border-color:#cbaa5c;border-top-width:1px;\"><\/div><\/div><div class=\"fusion-sep-clear\"><\/div><div class=\"fusion-text fusion-text-2\"><h2 style=\"font-size: 45px; text-align: center;\">Von Pensi\u00f3n Montserrat zum Hotel Petit Palau<\/h2>\n<\/div><div class=\"fusion-clearfix\"><\/div><\/div><\/div><\/div><\/div><div class=\"fusion-fullwidth fullwidth-box fusion-builder-row-2 nonhundred-percent-fullwidth non-hundred-percent-height-scrolling fusion-equal-height-columns\" style=\"--awb-background-position:left top;--awb-border-sizes-top:0px;--awb-border-sizes-bottom:0px;--awb-border-sizes-left:0px;--awb-border-sizes-right:0px;--awb-border-radius-top-left:0px;--awb-border-radius-top-right:0px;--awb-border-radius-bottom-right:0px;--awb-border-radius-bottom-left:0px;--awb-padding-top:0px;--awb-padding-bottom:0px;--awb-flex-wrap:wrap;\" ><div class=\"fusion-builder-row fusion-row\"><div class=\"fusion-layout-column fusion_builder_column fusion-builder-column-1 fusion_builder_column_1_1 1_1 fusion-one-full fusion-column-first fusion-column-last fusion-column-no-min-height\" style=\"--awb-bg-size:cover;--awb-margin-bottom:0px;\"><div class=\"fusion-column-wrapper fusion-flex-column-wrapper-legacy\"><div class=\"fusion-sep-clear\"><\/div><div class=\"fusion-separator\" style=\"margin-left: auto;margin-right: auto;margin-top:0px;margin-bottom:60px;width:100%;max-width:50px;\"><div class=\"fusion-separator-border sep-single sep-solid\" style=\"--awb-height:20px;--awb-amount:20px;--awb-sep-color:#cbaa5c;border-color:#cbaa5c;border-top-width:1px;\"><\/div><\/div><div class=\"fusion-sep-clear\"><\/div><div class=\"fusion-text fusion-text-3\"><p style=\"text-align: center;\">Das Geb\u00e4ude, in dem sich derzeit das<strong> Hotel Petit Palau<\/strong> befindet, wurde zwischen <strong>1965<\/strong> und<strong> 1968<\/strong> von den Gro\u00dfeltern des heutigen Besitzers, Antonio und Maria, erbaut. Urspr\u00fcnglich war die Idee, 23 H\u00e4user zu verkaufen, aber bald beschlossen sie, sie in Zimmer f\u00fcr Touristenunterk\u00fcnfte umzuwandeln. Zu dieser Zeit entwickelte sich der Sonnen- und Strandtourismus in unserem Gebiet mit gro\u00dfer Kraft , und die Gro\u00dfeltern, die bereits Erfahrung in diesem Sektor hatten, entschieden sich f\u00fcr die Entwicklung der neuen Aktivit\u00e4t unter dem Namen Montserrat Guest House.<\/p>\n<p style=\"text-align: center;\">In den <strong>70er<\/strong> und <strong>80er<\/strong> Jahren und in den <strong>90er<\/strong> Jahren fungierte das Haus als G\u00e4stehaus und sp\u00e4ter als Pension.<\/p>\n<\/div><div class=\"fusion-clearfix\"><\/div><\/div><\/div><div class=\"fusion-layout-column fusion_builder_column fusion-builder-column-2 fusion_builder_column_1_2 1_2 fusion-one-half fusion-column-first fusion-column-no-min-height\" style=\"--awb-padding-top:50px;--awb-bg-size:cover;--awb-margin-bottom:0px;width:48%; margin-right: 4%;\"><div class=\"fusion-column-wrapper fusion-column-has-shadow fusion-flex-column-wrapper-legacy\"><div class=\"fusion-image-carousel fusion-image-carousel-auto fusion-image-carousel-1 mb-0\"><div class=\"awb-carousel awb-swiper awb-swiper-carousel awb-carousel--carousel awb-swiper-dots-position-bottom\" data-layout=\"carousel\" data-autoplay=\"yes\" data-autoplayspeed=\"2500\" data-autoplaypause=\"no\" data-columns=\"1\" data-columnsmedium=\"1\" data-columnssmall=\"1\" data-itemmargin=\"0\" data-itemwidth=\"180\" data-touchscroll=\"drag\" data-freemode=\"no\" data-imagesize=\"auto\" data-scrollitems=\"0\" data-centeredslides=\"no\" data-rotationangle=\"50\" data-depth=\"100\" data-speed=\"500\" data-shadow=\"no\" data-pagination=\"bullets\" style=\"--awb-columns:1;--awb-column-spacing:0px;\"><div class=\"swiper-wrapper awb-image-carousel-wrapper fusion-flex-align-items-center\"><div class=\"swiper-slide\"><div class=\"fusion-carousel-item-wrapper\"><div class=\"fusion-image-wrapper hover-type-none\"><img decoding=\"async\" width=\"500\" height=\"380\" src=\"https:\/\/hotelpetitpalau.com\/wp-content\/uploads\/2020\/05\/Antonio-y-Mar\u00eda-2.jpg\" class=\"attachment-full size-full\" alt=\"Los inicios: Fotograf\u00eda de los abuelos de la actual propiedad Antonio Berm\u00fadez y Mar\u00eda Estap\u00e9\" srcset=\"https:\/\/hotelpetitpalau.com\/wp-content\/uploads\/2020\/05\/Antonio-y-Mar\u00eda-2-200x152.jpg 200w, https:\/\/hotelpetitpalau.com\/wp-content\/uploads\/2020\/05\/Antonio-y-Mar\u00eda-2-300x228.jpg 300w, https:\/\/hotelpetitpalau.com\/wp-content\/uploads\/2020\/05\/Antonio-y-Mar\u00eda-2-400x304.jpg 400w, https:\/\/hotelpetitpalau.com\/wp-content\/uploads\/2020\/05\/Antonio-y-Mar\u00eda-2.jpg 500w\" sizes=\"(max-width: 500px) 100vw, 500px\" \/><\/div><\/div><\/div><\/div><div class=\"awb-swiper-button awb-swiper-button-prev\"><i class=\"awb-icon-angle-left\" aria-hidden=\"true\"><\/i><\/div><div class=\"awb-swiper-button awb-swiper-button-next\"><i class=\"awb-icon-angle-right\" aria-hidden=\"true\"><\/i><\/div><\/div><\/div><div class=\"fusion-text fusion-text-4\"><p style=\"text-align: center;\"><strong>Gro\u00dfeltern: Antonio Berm\u00fadez und Mar\u00eda Estap\u00e9<\/strong><\/p>\n<\/div><div class=\"fusion-clearfix\"><\/div><\/div><\/div><div class=\"fusion-layout-column fusion_builder_column fusion-builder-column-3 fusion_builder_column_1_2 1_2 fusion-one-half fusion-column-last fusion-column-no-min-height\" style=\"--awb-bg-size:cover;--awb-margin-bottom:0px;width:48%;\"><div class=\"fusion-column-wrapper fusion-flex-column-wrapper-legacy\"><div class=\"fusion-image-carousel fusion-image-carousel-auto fusion-image-carousel-2 mb-0\"><div class=\"awb-carousel awb-swiper awb-swiper-carousel awb-carousel--carousel awb-swiper-dots-position-bottom\" data-layout=\"carousel\" data-autoplay=\"yes\" data-autoplayspeed=\"2500\" data-autoplaypause=\"no\" data-columns=\"1\" data-columnsmedium=\"1\" data-columnssmall=\"1\" data-itemmargin=\"0\" data-itemwidth=\"180\" data-touchscroll=\"drag\" data-freemode=\"no\" data-imagesize=\"auto\" data-scrollitems=\"0\" data-centeredslides=\"no\" data-rotationangle=\"50\" data-depth=\"100\" data-speed=\"500\" data-shadow=\"no\" data-pagination=\"bullets\" style=\"--awb-columns:1;--awb-column-spacing:0px;\"><div class=\"swiper-wrapper awb-image-carousel-wrapper fusion-flex-align-items-center\"><div class=\"swiper-slide\"><div class=\"fusion-carousel-item-wrapper\"><div class=\"fusion-image-wrapper hover-type-none\"><img decoding=\"async\" width=\"380\" height=\"500\" src=\"https:\/\/hotelpetitpalau.com\/wp-content\/uploads\/2020\/05\/Pension-Montserrat-2.jpg\" class=\"attachment-full size-full\" alt=\"Los inicios: Fotograf\u00eda de la Pensi\u00f3n Montserrat el a\u00f1o 1974\" srcset=\"https:\/\/hotelpetitpalau.com\/wp-content\/uploads\/2020\/05\/Pension-Montserrat-2-200x263.jpg 200w, https:\/\/hotelpetitpalau.com\/wp-content\/uploads\/2020\/05\/Pension-Montserrat-2-228x300.jpg 228w, https:\/\/hotelpetitpalau.com\/wp-content\/uploads\/2020\/05\/Pension-Montserrat-2.jpg 380w\" sizes=\"(max-width: 380px) 100vw, 380px\" \/><\/div><\/div><\/div><\/div><div class=\"awb-swiper-button awb-swiper-button-prev\"><i class=\"awb-icon-angle-left\" aria-hidden=\"true\"><\/i><\/div><div class=\"awb-swiper-button awb-swiper-button-next\"><i class=\"awb-icon-angle-right\" aria-hidden=\"true\"><\/i><\/div><\/div><\/div><div class=\"fusion-text fusion-text-5\"><p style=\"text-align: center;\"><strong>Fotografie: Pensi\u00f3n Montserrat Jahr 1974<\/strong><\/p>\n<\/div><div class=\"fusion-clearfix\"><\/div><\/div><\/div><div class=\"fusion-layout-column fusion_builder_column fusion-builder-column-4 fusion_builder_column_1_1 1_1 fusion-one-full fusion-column-first fusion-column-last fusion-column-no-min-height\" style=\"--awb-bg-size:cover;--awb-margin-bottom:0px;\"><div class=\"fusion-column-wrapper fusion-flex-column-wrapper-legacy\"><div class=\"fusion-sep-clear\"><\/div><div class=\"fusion-separator\" style=\"margin-left: auto;margin-right: auto;margin-top:0px;margin-bottom:60px;width:100%;max-width:50px;\"><div class=\"fusion-separator-border sep-single sep-solid\" style=\"--awb-height:20px;--awb-amount:20px;--awb-sep-color:#cbaa5c;border-color:#cbaa5c;border-top-width:1px;\"><\/div><\/div><div class=\"fusion-sep-clear\"><\/div><div class=\"fusion-text fusion-text-6\"><p style=\"text-align: center;\">In den Jahren <strong>1983-84<\/strong> wurden Innenarbeiten mit dem Bau von Badezimmern in allen R\u00e4umen und einem Fr\u00fchst\u00fccksraum im ersten Stock durchgef\u00fchrt. Zu diesem Zeitpunkt bereits unter der Leitung der zweiten Eigent\u00fcmergeneration: In Pepito y la Maria wurde das Geb\u00e4ude an die Brandschutzbestimmungen angepasst. <strong>1991<\/strong> wurde die Klassifizierung eines 1-Sterne-Hotels vergeben.<\/p>\n<\/div><div class=\"fusion-clearfix\"><\/div><\/div><\/div><div class=\"fusion-layout-column fusion_builder_column fusion-builder-column-5 fusion_builder_column_1_1 1_1 fusion-one-full fusion-column-first fusion-column-last fusion-column-no-min-height\" style=\"--awb-bg-size:cover;--awb-margin-bottom:0px;\"><div class=\"fusion-column-wrapper fusion-flex-column-wrapper-legacy\"><div class=\"fusion-image-carousel fusion-image-carousel-auto fusion-image-carousel-3 mb-0\"><div class=\"awb-carousel awb-swiper awb-swiper-carousel awb-carousel--carousel awb-swiper-dots-position-bottom\" data-layout=\"carousel\" data-autoplay=\"yes\" data-autoplayspeed=\"2500\" data-autoplaypause=\"no\" data-columns=\"1\" data-columnsmedium=\"1\" data-columnssmall=\"1\" data-itemmargin=\"0\" data-itemwidth=\"180\" data-touchscroll=\"drag\" data-freemode=\"no\" data-imagesize=\"auto\" data-scrollitems=\"0\" data-centeredslides=\"no\" data-rotationangle=\"50\" data-depth=\"100\" data-speed=\"500\" data-shadow=\"no\" data-pagination=\"bullets\" style=\"--awb-columns:1;--awb-column-spacing:0px;\"><div class=\"swiper-wrapper awb-image-carousel-wrapper fusion-flex-align-items-center\"><div class=\"swiper-slide\"><div class=\"fusion-carousel-item-wrapper\"><div class=\"fusion-image-wrapper hover-type-none\"><img decoding=\"async\" width=\"380\" height=\"500\" src=\"https:\/\/hotelpetitpalau.com\/wp-content\/uploads\/2020\/05\/Pepito-y-Maria-2.jpg\" class=\"attachment-full size-full\" alt=\"Los inicios:  Fotograf\u00eda de los padres de la actual propiedad Pepito Mar\u00e8s y Maria Berm\u00fadez\" srcset=\"https:\/\/hotelpetitpalau.com\/wp-content\/uploads\/2020\/05\/Pepito-y-Maria-2-200x263.jpg 200w, https:\/\/hotelpetitpalau.com\/wp-content\/uploads\/2020\/05\/Pepito-y-Maria-2-228x300.jpg 228w, https:\/\/hotelpetitpalau.com\/wp-content\/uploads\/2020\/05\/Pepito-y-Maria-2.jpg 380w\" sizes=\"(max-width: 380px) 100vw, 380px\" \/><\/div><\/div><\/div><\/div><div class=\"awb-swiper-button awb-swiper-button-prev\"><i class=\"awb-icon-angle-left\" aria-hidden=\"true\"><\/i><\/div><div class=\"awb-swiper-button awb-swiper-button-next\"><i class=\"awb-icon-angle-right\" aria-hidden=\"true\"><\/i><\/div><\/div><\/div><div class=\"fusion-text fusion-text-7\"><p style=\"text-align: center;\"><strong>Eltern: Pepito Mar\u00e8s und Maria Berm\u00fadez<\/strong><\/p>\n<\/div><div class=\"fusion-clearfix\"><\/div><\/div><\/div><div class=\"fusion-layout-column fusion_builder_column fusion-builder-column-6 fusion_builder_column_1_1 1_1 fusion-one-full fusion-column-first fusion-column-last fusion-column-no-min-height\" style=\"--awb-bg-size:cover;--awb-margin-bottom:0px;\"><div class=\"fusion-column-wrapper fusion-flex-column-wrapper-legacy\"><div class=\"fusion-sep-clear\"><\/div><div class=\"fusion-separator\" style=\"margin-left: auto;margin-right: auto;margin-top:0px;margin-bottom:60px;width:100%;max-width:50px;\"><div class=\"fusion-separator-border sep-single sep-solid\" style=\"--awb-height:20px;--awb-amount:20px;--awb-sep-color:#cbaa5c;border-color:#cbaa5c;border-top-width:1px;\"><\/div><\/div><div class=\"fusion-sep-clear\"><\/div><div class=\"fusion-text fusion-text-8\"><p style=\"text-align: center;\"><strong>1995<\/strong> wurde beschlossen, die Hoteleinrichtungen durch den Bau eines Swimmingpools und eines neuen Speisesaals zu erweitern, und die \u00f6ffentlichen Bereiche der Rezeption, der Lounge und der Bar wurden ebenfalls erweitert. Diese Verbesserungen erm\u00f6glichten es uns, das Hotel in 2 Sterne umzuklassifizieren.<\/p>\n<\/div><div class=\"fusion-clearfix\"><\/div><\/div><\/div><div class=\"fusion-layout-column fusion_builder_column fusion-builder-column-7 fusion_builder_column_1_1 1_1 fusion-one-full fusion-column-first fusion-column-last fusion-column-no-min-height\" style=\"--awb-bg-size:cover;--awb-margin-bottom:0px;\"><div class=\"fusion-column-wrapper fusion-flex-column-wrapper-legacy\"><div class=\"fusion-image-carousel fusion-image-carousel-auto fusion-image-carousel-4 mb-0\"><div class=\"awb-carousel awb-swiper awb-swiper-carousel awb-carousel--carousel awb-swiper-dots-position-bottom\" data-layout=\"carousel\" data-autoplay=\"yes\" data-autoplayspeed=\"2500\" data-autoplaypause=\"no\" data-columns=\"1\" data-columnsmedium=\"1\" data-columnssmall=\"1\" data-itemmargin=\"0\" data-itemwidth=\"180\" data-touchscroll=\"drag\" data-freemode=\"no\" data-imagesize=\"auto\" data-scrollitems=\"0\" data-centeredslides=\"no\" data-rotationangle=\"50\" data-depth=\"100\" data-speed=\"500\" data-shadow=\"no\" data-pagination=\"bullets\" style=\"--awb-columns:1;--awb-column-spacing:0px;\"><div class=\"swiper-wrapper awb-image-carousel-wrapper fusion-flex-align-items-center\"><div class=\"swiper-slide\"><div class=\"fusion-carousel-item-wrapper\"><div class=\"fusion-image-wrapper hover-type-none\"><img decoding=\"async\" width=\"380\" height=\"500\" src=\"https:\/\/hotelpetitpalau.com\/wp-content\/uploads\/2020\/05\/Hotel-Montserrat-2.jpg\" class=\"attachment-full size-full\" alt=\"Los inicios:  Fotograf\u00eda del Hotel Montserrat el a\u00f1o 1996\" srcset=\"https:\/\/hotelpetitpalau.com\/wp-content\/uploads\/2020\/05\/Hotel-Montserrat-2-200x263.jpg 200w, https:\/\/hotelpetitpalau.com\/wp-content\/uploads\/2020\/05\/Hotel-Montserrat-2-228x300.jpg 228w, https:\/\/hotelpetitpalau.com\/wp-content\/uploads\/2020\/05\/Hotel-Montserrat-2.jpg 380w\" sizes=\"(max-width: 380px) 100vw, 380px\" \/><\/div><\/div><\/div><\/div><div class=\"awb-swiper-button awb-swiper-button-prev\"><i class=\"awb-icon-angle-left\" aria-hidden=\"true\"><\/i><\/div><div class=\"awb-swiper-button awb-swiper-button-next\"><i class=\"awb-icon-angle-right\" aria-hidden=\"true\"><\/i><\/div><\/div><\/div><div class=\"fusion-text fusion-text-9\"><p style=\"text-align: center;\"><strong>Fotografie: Hotel Montserrat Jahr 1996<\/strong><\/p>\n<\/div><div class=\"fusion-clearfix\"><\/div><\/div><\/div><div class=\"fusion-layout-column fusion_builder_column fusion-builder-column-8 fusion_builder_column_1_1 1_1 fusion-one-full fusion-column-first fusion-column-last fusion-column-no-min-height\" style=\"--awb-bg-size:cover;--awb-margin-bottom:0px;\"><div class=\"fusion-column-wrapper fusion-flex-column-wrapper-legacy\"><div class=\"fusion-sep-clear\"><\/div><div class=\"fusion-separator\" style=\"margin-left: auto;margin-right: auto;margin-top:0px;margin-bottom:60px;width:100%;max-width:50px;\"><div class=\"fusion-separator-border sep-single sep-solid\" style=\"--awb-height:20px;--awb-amount:20px;--awb-sep-color:#cbaa5c;border-color:#cbaa5c;border-top-width:1px;\"><\/div><\/div><div class=\"fusion-sep-clear\"><\/div><div class=\"fusion-text fusion-text-10\"><p style=\"text-align: center;\">Anschlie\u00dfend und unter der Leitung der derzeitigen Eigent\u00fcmer wurden verschiedene Reformen durchgef\u00fchrt. Am bedeutendsten und wichtigsten war jedoch die vollst\u00e4ndige Renovierung der Zimmer zwischen <strong>2011<\/strong> und <strong>2012<\/strong>. Diese Renovierung war f\u00fcr uns ein sehr bedeutender Qualit\u00e4ts- und Servicesprung. Es f\u00fchrte zur aktuellen Kategorie des Superior 4 Sterne Hotels.<\/p>\n<\/div><div class=\"fusion-clearfix\"><\/div><\/div><\/div><div class=\"fusion-layout-column fusion_builder_column fusion-builder-column-9 fusion_builder_column_1_1 1_1 fusion-one-full fusion-column-first fusion-column-last fusion-column-no-min-height\" style=\"--awb-bg-size:cover;--awb-margin-bottom:0px;\"><div class=\"fusion-column-wrapper fusion-flex-column-wrapper-legacy\"><div class=\"fusion-image-carousel fusion-image-carousel-auto fusion-image-carousel-5 mb-0\"><div class=\"awb-carousel awb-swiper awb-swiper-carousel awb-carousel--carousel awb-swiper-dots-position-bottom\" data-layout=\"carousel\" data-autoplay=\"yes\" data-autoplayspeed=\"2500\" data-autoplaypause=\"no\" data-columns=\"1\" data-columnsmedium=\"1\" data-columnssmall=\"1\" data-itemmargin=\"0\" data-itemwidth=\"180\" data-touchscroll=\"drag\" data-freemode=\"no\" data-imagesize=\"auto\" data-scrollitems=\"0\" data-centeredslides=\"no\" data-rotationangle=\"50\" data-depth=\"100\" data-speed=\"500\" data-shadow=\"no\" data-pagination=\"bullets\" style=\"--awb-columns:1;--awb-column-spacing:0px;\"><div class=\"swiper-wrapper awb-image-carousel-wrapper fusion-flex-align-items-center\"><div class=\"swiper-slide\"><div class=\"fusion-carousel-item-wrapper\"><div class=\"fusion-image-wrapper hover-type-none\"><img decoding=\"async\" width=\"500\" height=\"380\" src=\"https:\/\/hotelpetitpalau.com\/wp-content\/uploads\/2020\/05\/Hotel-Petit-Palau-7.jpg\" class=\"attachment-full size-full\" alt=\"Los inicios:  Fotograf\u00eda de los actuales propietarios Toni Mar\u00e8s y Esther Gelm\u00e0 e hijos\" srcset=\"https:\/\/hotelpetitpalau.com\/wp-content\/uploads\/2020\/05\/Hotel-Petit-Palau-7-200x152.jpg 200w, https:\/\/hotelpetitpalau.com\/wp-content\/uploads\/2020\/05\/Hotel-Petit-Palau-7-300x228.jpg 300w, https:\/\/hotelpetitpalau.com\/wp-content\/uploads\/2020\/05\/Hotel-Petit-Palau-7-400x304.jpg 400w, https:\/\/hotelpetitpalau.com\/wp-content\/uploads\/2020\/05\/Hotel-Petit-Palau-7.jpg 500w\" sizes=\"(max-width: 500px) 100vw, 500px\" \/><\/div><\/div><\/div><\/div><div class=\"awb-swiper-button awb-swiper-button-prev\"><i class=\"awb-icon-angle-left\" aria-hidden=\"true\"><\/i><\/div><div class=\"awb-swiper-button awb-swiper-button-next\"><i class=\"awb-icon-angle-right\" aria-hidden=\"true\"><\/i><\/div><\/div><\/div><div class=\"fusion-text fusion-text-11\"><p style=\"text-align: center;\"><strong>Derzeitige Besitzer: Toni Mar\u00e8s und Esther Gelm\u00e0 und Kinder<\/strong><\/p>\n<\/div><div class=\"fusion-clearfix\"><\/div><\/div><\/div><\/div><\/div><\/p>\n","protected":false},"excerpt":{"rendered":"","protected":false},"author":1,"featured_media":0,"parent":0,"menu_order":0,"comment_status":"closed","ping_status":"closed","template":"100-width.php","meta":{"footnotes":""},"class_list":["post-4714","page","type-page","status-publish","hentry"],"yoast_head":"<!-- This site is optimized with the Yoast SEO plugin v26.9 - https:\/\/yoast.com\/product\/yoast-seo-wordpress\/ -->\n<title>Die Anf\u00e4nge - Hotel Petit Palau<\/title>\n<meta name=\"robots\" content=\"index, follow, max-snippet:-1, max-image-preview:large, max-video-preview:-1\" \/>\n<link rel=\"canonical\" href=\"https:\/\/hotelpetitpalau.com\/de\/die-anfaenge\/\" \/>\n<meta property=\"og:locale\" content=\"de_DE\" \/>\n<meta property=\"og:type\" content=\"article\" \/>\n<meta property=\"og:title\" content=\"Die Anf\u00e4nge - Hotel Petit Palau\" \/>\n<meta property=\"og:url\" content=\"https:\/\/hotelpetitpalau.com\/de\/die-anfaenge\/\" \/>\n<meta property=\"og:site_name\" content=\"Hotel Petit Palau\" \/>\n<meta property=\"article:modified_time\" content=\"2020-08-31T10:56:58+00:00\" \/>\n<meta name=\"twitter:card\" content=\"summary_large_image\" \/>\n<meta name=\"twitter:label1\" content=\"Gesch\u00e4tzte Lesezeit\" \/>\n\t<meta name=\"twitter:data1\" content=\"14\u00a0Minuten\" \/>\n<script type=\"application\/ld+json\" class=\"yoast-schema-graph\">{\"@context\":\"https:\/\/schema.org\",\"@graph\":[{\"@type\":\"WebPage\",\"@id\":\"https:\/\/hotelpetitpalau.com\/de\/die-anfaenge\/\",\"url\":\"https:\/\/hotelpetitpalau.com\/de\/die-anfaenge\/\",\"name\":\"Die Anf\u00e4nge - Hotel Petit Palau\",\"isPartOf\":{\"@id\":\"https:\/\/hotelpetitpalau.com\/#website\"},\"datePublished\":\"2020-04-06T07:40:08+00:00\",\"dateModified\":\"2020-08-31T10:56:58+00:00\",\"breadcrumb\":{\"@id\":\"https:\/\/hotelpetitpalau.com\/de\/die-anfaenge\/#breadcrumb\"},\"inLanguage\":\"de\",\"potentialAction\":[{\"@type\":\"ReadAction\",\"target\":[\"https:\/\/hotelpetitpalau.com\/de\/die-anfaenge\/\"]}]},{\"@type\":\"BreadcrumbList\",\"@id\":\"https:\/\/hotelpetitpalau.com\/de\/die-anfaenge\/#breadcrumb\",\"itemListElement\":[{\"@type\":\"ListItem\",\"position\":1,\"name\":\"Portada\",\"item\":\"https:\/\/hotelpetitpalau.com\/de\/\"},{\"@type\":\"ListItem\",\"position\":2,\"name\":\"Die Anf\u00e4nge\"}]},{\"@type\":\"WebSite\",\"@id\":\"https:\/\/hotelpetitpalau.com\/#website\",\"url\":\"https:\/\/hotelpetitpalau.com\/\",\"name\":\"Hotel Petit Palau\",\"description\":\"Hotel Petit Palau Blanes\",\"potentialAction\":[{\"@type\":\"SearchAction\",\"target\":{\"@type\":\"EntryPoint\",\"urlTemplate\":\"https:\/\/hotelpetitpalau.com\/?s={search_term_string}\"},\"query-input\":{\"@type\":\"PropertyValueSpecification\",\"valueRequired\":true,\"valueName\":\"search_term_string\"}}],\"inLanguage\":\"de\"}]}<\/script>\n<!-- \/ Yoast SEO plugin. -->","yoast_head_json":{"title":"Die Anf\u00e4nge - Hotel Petit Palau","robots":{"index":"index","follow":"follow","max-snippet":"max-snippet:-1","max-image-preview":"max-image-preview:large","max-video-preview":"max-video-preview:-1"},"canonical":"https:\/\/hotelpetitpalau.com\/de\/die-anfaenge\/","og_locale":"de_DE","og_type":"article","og_title":"Die Anf\u00e4nge - Hotel Petit Palau","og_url":"https:\/\/hotelpetitpalau.com\/de\/die-anfaenge\/","og_site_name":"Hotel Petit Palau","article_modified_time":"2020-08-31T10:56:58+00:00","twitter_card":"summary_large_image","twitter_misc":{"Gesch\u00e4tzte Lesezeit":"14\u00a0Minuten"},"schema":{"@context":"https:\/\/schema.org","@graph":[{"@type":"WebPage","@id":"https:\/\/hotelpetitpalau.com\/de\/die-anfaenge\/","url":"https:\/\/hotelpetitpalau.com\/de\/die-anfaenge\/","name":"Die Anf\u00e4nge - Hotel Petit Palau","isPartOf":{"@id":"https:\/\/hotelpetitpalau.com\/#website"},"datePublished":"2020-04-06T07:40:08+00:00","dateModified":"2020-08-31T10:56:58+00:00","breadcrumb":{"@id":"https:\/\/hotelpetitpalau.com\/de\/die-anfaenge\/#breadcrumb"},"inLanguage":"de","potentialAction":[{"@type":"ReadAction","target":["https:\/\/hotelpetitpalau.com\/de\/die-anfaenge\/"]}]},{"@type":"BreadcrumbList","@id":"https:\/\/hotelpetitpalau.com\/de\/die-anfaenge\/#breadcrumb","itemListElement":[{"@type":"ListItem","position":1,"name":"Portada","item":"https:\/\/hotelpetitpalau.com\/de\/"},{"@type":"ListItem","position":2,"name":"Die Anf\u00e4nge"}]},{"@type":"WebSite","@id":"https:\/\/hotelpetitpalau.com\/#website","url":"https:\/\/hotelpetitpalau.com\/","name":"Hotel Petit Palau","description":"Hotel Petit Palau Blanes","potentialAction":[{"@type":"SearchAction","target":{"@type":"EntryPoint","urlTemplate":"https:\/\/hotelpetitpalau.com\/?s={search_term_string}"},"query-input":{"@type":"PropertyValueSpecification","valueRequired":true,"valueName":"search_term_string"}}],"inLanguage":"de"}]}},"_links":{"self":[{"href":"https:\/\/hotelpetitpalau.com\/de\/wp-json\/wp\/v2\/pages\/4714","targetHints":{"allow":["GET"]}}],"collection":[{"href":"https:\/\/hotelpetitpalau.com\/de\/wp-json\/wp\/v2\/pages"}],"about":[{"href":"https:\/\/hotelpetitpalau.com\/de\/wp-json\/wp\/v2\/types\/page"}],"author":[{"embeddable":true,"href":"https:\/\/hotelpetitpalau.com\/de\/wp-json\/wp\/v2\/users\/1"}],"replies":[{"embeddable":true,"href":"https:\/\/hotelpetitpalau.com\/de\/wp-json\/wp\/v2\/comments?post=4714"}],"version-history":[{"count":0,"href":"https:\/\/hotelpetitpalau.com\/de\/wp-json\/wp\/v2\/pages\/4714\/revisions"}],"wp:attachment":[{"href":"https:\/\/hotelpetitpalau.com\/de\/wp-json\/wp\/v2\/media?parent=4714"}],"curies":[{"name":"wp","href":"https:\/\/api.w.org\/{rel}","templated":true}]}}