{"id":4685,"date":"2020-03-12T11:53:15","date_gmt":"2020-03-12T11:53:15","guid":{"rendered":"https:\/\/hotelpetitpalau.com\/zimmer\/suite\/"},"modified":"2025-08-13T11:37:58","modified_gmt":"2025-08-13T11:37:58","slug":"suite","status":"publish","type":"page","link":"https:\/\/hotelpetitpalau.com\/de\/zimmer\/suite\/","title":{"rendered":"Suite"},"content":{"rendered":"<p><div class=\"fusion-fullwidth fullwidth-box fusion-builder-row-1 nonhundred-percent-fullwidth non-hundred-percent-height-scrolling\" style=\"--awb-background-position:center top;--awb-border-sizes-top:0px;--awb-border-sizes-bottom:0px;--awb-border-sizes-left:0px;--awb-border-sizes-right:0px;--awb-border-radius-top-left:0px;--awb-border-radius-top-right:0px;--awb-border-radius-bottom-right:0px;--awb-border-radius-bottom-left:0px;--awb-padding-top:40px;--awb-flex-wrap:wrap;\" ><div class=\"fusion-builder-row fusion-row\"><div class=\"fusion-layout-column fusion_builder_column fusion-builder-column-0 fusion_builder_column_1_1 1_1 fusion-one-full fusion-column-first fusion-column-last fusion-column-no-min-height\" style=\"--awb-bg-size:cover;\"><div class=\"fusion-column-wrapper fusion-column-has-shadow fusion-flex-column-wrapper-legacy\"><div class=\"fusion-sep-clear\"><\/div><div class=\"fusion-separator fusion-full-width-sep\" style=\"margin-left: auto;margin-right: auto;margin-top:50px;width:100%;\"><\/div><div class=\"fusion-sep-clear\"><\/div><div class=\"fusion-clearfix\"><\/div><\/div><\/div><\/div><\/div><div class=\"fusion-fullwidth fullwidth-box fusion-builder-row-2 nonhundred-percent-fullwidth non-hundred-percent-height-scrolling\" style=\"--awb-background-position:left top;--awb-border-sizes-top:0px;--awb-border-sizes-bottom:0px;--awb-border-sizes-left:0px;--awb-border-sizes-right:0px;--awb-border-radius-top-left:0px;--awb-border-radius-top-right:0px;--awb-border-radius-bottom-right:0px;--awb-border-radius-bottom-left:0px;--awb-padding-top:0px;--awb-padding-bottom:95px;--awb-flex-wrap:wrap;\" ><div class=\"fusion-builder-row fusion-row\"><div class=\"fusion-layout-column fusion_builder_column fusion-builder-column-1 fusion_builder_column_1_1 1_1 fusion-one-full fusion-column-first fusion-column-last\" style=\"--awb-bg-position:right bottom;--awb-bg-size:cover;\"><div class=\"fusion-column-wrapper fusion-flex-column-wrapper-legacy\"><div class=\"fusion-image-element fusion-image-align-center in-legacy-container\" style=\"text-align:center;--awb-caption-title-font-family:var(--h2_typography-font-family);--awb-caption-title-font-weight:var(--h2_typography-font-weight);--awb-caption-title-font-style:var(--h2_typography-font-style);--awb-caption-title-size:var(--h2_typography-font-size);--awb-caption-title-transform:var(--h2_typography-text-transform);--awb-caption-title-line-height:var(--h2_typography-line-height);--awb-caption-title-letter-spacing:var(--h2_typography-letter-spacing);\"><div class=\"imageframe-align-center\"><span class=\" fusion-imageframe imageframe-none imageframe-1 hover-type-none\"><img decoding=\"async\" width=\"81\" height=\"21\" title=\"logo gris\" src=\"https:\/\/hotelpetitpalau.com\/wp-content\/uploads\/2020\/04\/logo-gris.jpg\" alt class=\"img-responsive wp-image-3410\"\/><\/span><\/div><\/div>\n<div class=\"fusion-text fusion-text-1\"><p style=\"letter-spacing: 4px; font-size: 13px; margin-bottom: 0px; text-align: center;\">ZIMMER<\/p>\n<h1 style=\"text-align: center; margin-bottom: 0px;\">Suite<\/h1>\n<p style=\"letter-spacing: 4px; font-size: 13px; margin-top: 10px; margin-bottom: 20px; text-align: center;\">Bis zu 4 Personen | 2 Betten \u00e0 200 x 135 cm+ 1 Schlafsofa<\/p>\n<\/div><div class=\"fusion-sep-clear\"><\/div><div class=\"fusion-separator\" style=\"margin-left: auto;margin-right: auto;margin-top:0px;margin-bottom:20px;width:100%;max-width:50px;\"><div class=\"fusion-separator-border sep-single sep-solid\" style=\"--awb-height:20px;--awb-amount:20px;--awb-sep-color:#cbaa5c;border-color:#cbaa5c;border-top-width:1px;\"><\/div><\/div><div class=\"fusion-sep-clear\"><\/div><div class=\"fusion-text fusion-text-2\"><p style=\"text-align: center;\"><strong>Suite:<\/strong> Gro\u00dfes Zimmer 14 m2 Schlafzimmer, 12 m2 Wohnzimmer mit 6 m2 Bad und Au\u00dfenterrasse. Ausgestattet mit 2 Betten von 1,35 m, 1 Schlafsofa von 1,35 m, 2 LED-Fernseher von 40 &#8218;und 32&#8216;, AACC, Lufterneuerung, Safe, K\u00fchlschrank, Telefon, Haartrockner, h\u00e4ngendes WC, Dusche mit hohem Durchfluss und Badewanne. Die Suite 2 verf\u00fcgt \u00fcber eine herrliche Terrasse mit Meerblick und Sonnenliegen.<\/p>\n<\/div><div class=\"fusion-clearfix\"><\/div><\/div><\/div><div class=\"fusion-layout-column fusion_builder_column fusion-builder-column-2 fusion_builder_column_1_1 1_1 fusion-one-full fusion-column-first fusion-column-last fusion-column-no-min-height\" style=\"--awb-bg-size:cover;--awb-margin-bottom:0px;\"><div class=\"fusion-column-wrapper fusion-flex-column-wrapper-legacy\"><div class=\"fusion-sep-clear\"><\/div><div class=\"fusion-separator fusion-full-width-sep\" style=\"margin-left: auto;margin-right: auto;margin-top:13px;margin-bottom:13px;width:100%;\"><\/div><div class=\"fusion-sep-clear\"><\/div><div class=\"awb-gallery-wrapper awb-gallery-wrapper-1 button-span-no\"><div style=\"margin:-5px;--awb-aspect-ratio:3 \/ 2;--awb-bordersize:0px;\" class=\"fusion-gallery fusion-gallery-container fusion-grid-3 fusion-columns-total-7 fusion-gallery-layout-grid fusion-gallery-1 has-aspect-ratio\"><div style=\"padding:5px;\" class=\"fusion-grid-column fusion-gallery-column fusion-gallery-column-3 hover-type-none\"><div class=\"fusion-gallery-image\"><a href=\"https:\/\/hotelpetitpalau.com\/wp-content\/uploads\/2025\/08\/suite-vista-piscina-cama-2.webp\" rel=\"noreferrer\" data-rel=\"iLightbox[gallery_image_1]\" class=\"fusion-lightbox\" target=\"_self\"><img decoding=\"async\" src=\"https:\/\/hotelpetitpalau.com\/wp-content\/uploads\/2025\/08\/suite-vista-piscina-cama-2.webp\" width=\"2500\" height=\"1365\" alt=\"tv suite vista piscina\" title=\"suite vista piscina cama 2\" aria-label=\"suite vista piscina cama 2\" class=\"img-responsive wp-image-5820\" srcset=\"https:\/\/hotelpetitpalau.com\/wp-content\/uploads\/2025\/08\/suite-vista-piscina-cama-2-200x109.webp 200w, https:\/\/hotelpetitpalau.com\/wp-content\/uploads\/2025\/08\/suite-vista-piscina-cama-2-400x218.webp 400w, https:\/\/hotelpetitpalau.com\/wp-content\/uploads\/2025\/08\/suite-vista-piscina-cama-2-600x328.webp 600w, https:\/\/hotelpetitpalau.com\/wp-content\/uploads\/2025\/08\/suite-vista-piscina-cama-2-800x437.webp 800w, https:\/\/hotelpetitpalau.com\/wp-content\/uploads\/2025\/08\/suite-vista-piscina-cama-2-1200x655.webp 1200w, https:\/\/hotelpetitpalau.com\/wp-content\/uploads\/2025\/08\/suite-vista-piscina-cama-2.webp 2500w\" sizes=\"(min-width: 2200px) 100vw, (min-width: 824px) 387px, (min-width: 732px) 580px, (min-width: 640px) 732px, \" \/><\/a><\/div><\/div><div style=\"padding:5px;\" class=\"fusion-grid-column fusion-gallery-column fusion-gallery-column-3 hover-type-none\"><div class=\"fusion-gallery-image\"><a href=\"https:\/\/hotelpetitpalau.com\/wp-content\/uploads\/2025\/08\/suite-vista-mar-cama.webp\" rel=\"noreferrer\" data-rel=\"iLightbox[gallery_image_1]\" class=\"fusion-lightbox\" target=\"_self\"><img decoding=\"async\" src=\"https:\/\/hotelpetitpalau.com\/wp-content\/uploads\/2025\/08\/suite-vista-mar-cama.webp\" width=\"2500\" height=\"1663\" alt=\"suite vista mar cama\" title=\"suite vista mar cama\" aria-label=\"suite vista mar cama\" class=\"img-responsive wp-image-5844\" srcset=\"https:\/\/hotelpetitpalau.com\/wp-content\/uploads\/2025\/08\/suite-vista-mar-cama-200x133.webp 200w, https:\/\/hotelpetitpalau.com\/wp-content\/uploads\/2025\/08\/suite-vista-mar-cama-400x266.webp 400w, https:\/\/hotelpetitpalau.com\/wp-content\/uploads\/2025\/08\/suite-vista-mar-cama-600x399.webp 600w, https:\/\/hotelpetitpalau.com\/wp-content\/uploads\/2025\/08\/suite-vista-mar-cama-800x532.webp 800w, https:\/\/hotelpetitpalau.com\/wp-content\/uploads\/2025\/08\/suite-vista-mar-cama-1200x798.webp 1200w, https:\/\/hotelpetitpalau.com\/wp-content\/uploads\/2025\/08\/suite-vista-mar-cama.webp 2500w\" sizes=\"(min-width: 2200px) 100vw, (min-width: 824px) 387px, (min-width: 732px) 580px, (min-width: 640px) 732px, \" \/><\/a><\/div><\/div><div style=\"padding:5px;\" class=\"fusion-grid-column fusion-gallery-column fusion-gallery-column-3 hover-type-none\"><div class=\"fusion-gallery-image\"><a href=\"https:\/\/hotelpetitpalau.com\/wp-content\/uploads\/2025\/08\/suite-vista-piscina-tv.webp\" rel=\"noreferrer\" data-rel=\"iLightbox[gallery_image_1]\" class=\"fusion-lightbox\" target=\"_self\"><img decoding=\"async\" src=\"https:\/\/hotelpetitpalau.com\/wp-content\/uploads\/2025\/08\/suite-vista-piscina-tv.webp\" width=\"2500\" height=\"1660\" alt=\"salon suite vista piscina\" title=\"suite vista piscina tv\" aria-label=\"suite vista piscina tv\" class=\"img-responsive wp-image-5838\" srcset=\"https:\/\/hotelpetitpalau.com\/wp-content\/uploads\/2025\/08\/suite-vista-piscina-tv-200x133.webp 200w, https:\/\/hotelpetitpalau.com\/wp-content\/uploads\/2025\/08\/suite-vista-piscina-tv-400x266.webp 400w, https:\/\/hotelpetitpalau.com\/wp-content\/uploads\/2025\/08\/suite-vista-piscina-tv-600x398.webp 600w, https:\/\/hotelpetitpalau.com\/wp-content\/uploads\/2025\/08\/suite-vista-piscina-tv-800x531.webp 800w, https:\/\/hotelpetitpalau.com\/wp-content\/uploads\/2025\/08\/suite-vista-piscina-tv-1200x797.webp 1200w, https:\/\/hotelpetitpalau.com\/wp-content\/uploads\/2025\/08\/suite-vista-piscina-tv.webp 2500w\" sizes=\"(min-width: 2200px) 100vw, (min-width: 824px) 387px, (min-width: 732px) 580px, (min-width: 640px) 732px, \" \/><\/a><\/div><\/div><div class=\"clearfix\"><\/div><div style=\"padding:5px;\" class=\"fusion-grid-column fusion-gallery-column fusion-gallery-column-3 hover-type-none\"><div class=\"fusion-gallery-image\"><a href=\"https:\/\/hotelpetitpalau.com\/wp-content\/uploads\/2025\/08\/suite-vista-piscina-sofa.webp\" rel=\"noreferrer\" data-rel=\"iLightbox[gallery_image_1]\" class=\"fusion-lightbox\" target=\"_self\"><img decoding=\"async\" src=\"https:\/\/hotelpetitpalau.com\/wp-content\/uploads\/2025\/08\/suite-vista-piscina-sofa.webp\" width=\"2500\" height=\"1663\" alt=\"sofa suite vista piscina\" title=\"suite vista piscina sofa\" aria-label=\"suite vista piscina sofa\" class=\"img-responsive wp-image-5832\" srcset=\"https:\/\/hotelpetitpalau.com\/wp-content\/uploads\/2025\/08\/suite-vista-piscina-sofa-200x133.webp 200w, https:\/\/hotelpetitpalau.com\/wp-content\/uploads\/2025\/08\/suite-vista-piscina-sofa-400x266.webp 400w, https:\/\/hotelpetitpalau.com\/wp-content\/uploads\/2025\/08\/suite-vista-piscina-sofa-600x399.webp 600w, https:\/\/hotelpetitpalau.com\/wp-content\/uploads\/2025\/08\/suite-vista-piscina-sofa-800x532.webp 800w, https:\/\/hotelpetitpalau.com\/wp-content\/uploads\/2025\/08\/suite-vista-piscina-sofa-1200x798.webp 1200w, https:\/\/hotelpetitpalau.com\/wp-content\/uploads\/2025\/08\/suite-vista-piscina-sofa.webp 2500w\" sizes=\"(min-width: 2200px) 100vw, (min-width: 824px) 387px, (min-width: 732px) 580px, (min-width: 640px) 732px, \" \/><\/a><\/div><\/div><div style=\"padding:5px;\" class=\"fusion-grid-column fusion-gallery-column fusion-gallery-column-3 hover-type-none\"><div class=\"fusion-gallery-image\"><a href=\"https:\/\/hotelpetitpalau.com\/wp-content\/uploads\/2025\/08\/suite-vista-piscina-cama.webp\" rel=\"noreferrer\" data-rel=\"iLightbox[gallery_image_1]\" class=\"fusion-lightbox\" target=\"_self\"><img decoding=\"async\" src=\"https:\/\/hotelpetitpalau.com\/wp-content\/uploads\/2025\/08\/suite-vista-piscina-cama.webp\" width=\"2500\" height=\"1663\" alt=\"habitacion suite vista piscina\" title=\"suite vista piscina cama\" aria-label=\"suite vista piscina cama\" class=\"img-responsive wp-image-5826\" srcset=\"https:\/\/hotelpetitpalau.com\/wp-content\/uploads\/2025\/08\/suite-vista-piscina-cama-200x133.webp 200w, https:\/\/hotelpetitpalau.com\/wp-content\/uploads\/2025\/08\/suite-vista-piscina-cama-400x266.webp 400w, https:\/\/hotelpetitpalau.com\/wp-content\/uploads\/2025\/08\/suite-vista-piscina-cama-600x399.webp 600w, https:\/\/hotelpetitpalau.com\/wp-content\/uploads\/2025\/08\/suite-vista-piscina-cama-800x532.webp 800w, https:\/\/hotelpetitpalau.com\/wp-content\/uploads\/2025\/08\/suite-vista-piscina-cama-1200x798.webp 1200w, https:\/\/hotelpetitpalau.com\/wp-content\/uploads\/2025\/08\/suite-vista-piscina-cama.webp 2500w\" sizes=\"(min-width: 2200px) 100vw, (min-width: 824px) 387px, (min-width: 732px) 580px, (min-width: 640px) 732px, \" \/><\/a><\/div><\/div><div style=\"padding:5px;\" class=\"fusion-grid-column fusion-gallery-column fusion-gallery-column-3 hover-type-none\"><div class=\"fusion-gallery-image\"><a href=\"https:\/\/hotelpetitpalau.com\/wp-content\/uploads\/2025\/08\/suite-vista-mar-terraza.webp\" rel=\"noreferrer\" data-rel=\"iLightbox[gallery_image_1]\" class=\"fusion-lightbox\" target=\"_self\"><img decoding=\"async\" src=\"https:\/\/hotelpetitpalau.com\/wp-content\/uploads\/2025\/08\/suite-vista-mar-terraza.webp\" width=\"2500\" height=\"1663\" alt=\"terraza suite vista mar\" title=\"suite vista mar terraza\" aria-label=\"suite vista mar terraza\" class=\"img-responsive wp-image-5850\" srcset=\"https:\/\/hotelpetitpalau.com\/wp-content\/uploads\/2025\/08\/suite-vista-mar-terraza-200x133.webp 200w, https:\/\/hotelpetitpalau.com\/wp-content\/uploads\/2025\/08\/suite-vista-mar-terraza-400x266.webp 400w, https:\/\/hotelpetitpalau.com\/wp-content\/uploads\/2025\/08\/suite-vista-mar-terraza-600x399.webp 600w, https:\/\/hotelpetitpalau.com\/wp-content\/uploads\/2025\/08\/suite-vista-mar-terraza-800x532.webp 800w, https:\/\/hotelpetitpalau.com\/wp-content\/uploads\/2025\/08\/suite-vista-mar-terraza-1200x798.webp 1200w, https:\/\/hotelpetitpalau.com\/wp-content\/uploads\/2025\/08\/suite-vista-mar-terraza.webp 2500w\" sizes=\"(min-width: 2200px) 100vw, (min-width: 824px) 387px, (min-width: 732px) 580px, (min-width: 640px) 732px, \" \/><\/a><\/div><\/div><div class=\"clearfix\"><\/div><div style=\"padding:5px;\" class=\"fusion-grid-column fusion-gallery-column fusion-gallery-column-3 hover-type-none\"><div class=\"fusion-gallery-image\"><a href=\"https:\/\/hotelpetitpalau.com\/wp-content\/uploads\/2025\/08\/suite-vista-piscina-bano.webp\" rel=\"noreferrer\" data-rel=\"iLightbox[gallery_image_1]\" class=\"fusion-lightbox\" target=\"_self\"><img decoding=\"async\" src=\"https:\/\/hotelpetitpalau.com\/wp-content\/uploads\/2025\/08\/suite-vista-piscina-bano.webp\" width=\"2500\" height=\"1663\" alt=\"suite vista piscina ba\u00f1o\" title=\"suite vista piscina ba\u00f1o\" aria-label=\"suite vista piscina ba\u00f1o\" class=\"img-responsive wp-image-5814\" srcset=\"https:\/\/hotelpetitpalau.com\/wp-content\/uploads\/2025\/08\/suite-vista-piscina-bano-200x133.webp 200w, https:\/\/hotelpetitpalau.com\/wp-content\/uploads\/2025\/08\/suite-vista-piscina-bano-400x266.webp 400w, https:\/\/hotelpetitpalau.com\/wp-content\/uploads\/2025\/08\/suite-vista-piscina-bano-600x399.webp 600w, https:\/\/hotelpetitpalau.com\/wp-content\/uploads\/2025\/08\/suite-vista-piscina-bano-800x532.webp 800w, https:\/\/hotelpetitpalau.com\/wp-content\/uploads\/2025\/08\/suite-vista-piscina-bano-1200x798.webp 1200w, https:\/\/hotelpetitpalau.com\/wp-content\/uploads\/2025\/08\/suite-vista-piscina-bano.webp 2500w\" sizes=\"(min-width: 2200px) 100vw, (min-width: 824px) 387px, (min-width: 732px) 580px, (min-width: 640px) 732px, \" \/><\/a><\/div><\/div><\/div><\/div><div class=\"fusion-clearfix\"><\/div><\/div><\/div><\/div><\/div><\/p>\n","protected":false},"excerpt":{"rendered":"","protected":false},"author":1,"featured_media":0,"parent":4659,"menu_order":0,"comment_status":"closed","ping_status":"closed","template":"100-width.php","meta":{"footnotes":""},"class_list":["post-4685","page","type-page","status-publish","hentry"],"yoast_head":"<!-- This site is optimized with the Yoast SEO plugin v26.9 - https:\/\/yoast.com\/product\/yoast-seo-wordpress\/ -->\n<title>Suite - Hotel Petit Palau<\/title>\n<meta name=\"robots\" content=\"index, follow, max-snippet:-1, max-image-preview:large, max-video-preview:-1\" \/>\n<link rel=\"canonical\" href=\"https:\/\/hotelpetitpalau.com\/de\/zimmer\/suite\/\" \/>\n<meta property=\"og:locale\" content=\"de_DE\" \/>\n<meta property=\"og:type\" content=\"article\" \/>\n<meta property=\"og:title\" content=\"Suite - Hotel Petit Palau\" \/>\n<meta property=\"og:url\" content=\"https:\/\/hotelpetitpalau.com\/de\/zimmer\/suite\/\" \/>\n<meta property=\"og:site_name\" content=\"Hotel Petit Palau\" \/>\n<meta property=\"article:modified_time\" content=\"2025-08-13T11:37:58+00:00\" \/>\n<meta name=\"twitter:card\" content=\"summary_large_image\" \/>\n<meta name=\"twitter:label1\" content=\"Gesch\u00e4tzte Lesezeit\" \/>\n\t<meta name=\"twitter:data1\" content=\"4\u00a0Minuten\" \/>\n<script type=\"application\/ld+json\" class=\"yoast-schema-graph\">{\"@context\":\"https:\/\/schema.org\",\"@graph\":[{\"@type\":\"WebPage\",\"@id\":\"https:\/\/hotelpetitpalau.com\/de\/zimmer\/suite\/\",\"url\":\"https:\/\/hotelpetitpalau.com\/de\/zimmer\/suite\/\",\"name\":\"Suite - Hotel Petit Palau\",\"isPartOf\":{\"@id\":\"https:\/\/hotelpetitpalau.com\/#website\"},\"datePublished\":\"2020-03-12T11:53:15+00:00\",\"dateModified\":\"2025-08-13T11:37:58+00:00\",\"breadcrumb\":{\"@id\":\"https:\/\/hotelpetitpalau.com\/de\/zimmer\/suite\/#breadcrumb\"},\"inLanguage\":\"de\",\"potentialAction\":[{\"@type\":\"ReadAction\",\"target\":[\"https:\/\/hotelpetitpalau.com\/de\/zimmer\/suite\/\"]}]},{\"@type\":\"BreadcrumbList\",\"@id\":\"https:\/\/hotelpetitpalau.com\/de\/zimmer\/suite\/#breadcrumb\",\"itemListElement\":[{\"@type\":\"ListItem\",\"position\":1,\"name\":\"Portada\",\"item\":\"https:\/\/hotelpetitpalau.com\/de\/\"},{\"@type\":\"ListItem\",\"position\":2,\"name\":\"Zimmer\",\"item\":\"https:\/\/hotelpetitpalau.com\/de\/zimmer\/\"},{\"@type\":\"ListItem\",\"position\":3,\"name\":\"Suite\"}]},{\"@type\":\"WebSite\",\"@id\":\"https:\/\/hotelpetitpalau.com\/#website\",\"url\":\"https:\/\/hotelpetitpalau.com\/\",\"name\":\"Hotel Petit Palau\",\"description\":\"Hotel Petit Palau Blanes\",\"potentialAction\":[{\"@type\":\"SearchAction\",\"target\":{\"@type\":\"EntryPoint\",\"urlTemplate\":\"https:\/\/hotelpetitpalau.com\/?s={search_term_string}\"},\"query-input\":{\"@type\":\"PropertyValueSpecification\",\"valueRequired\":true,\"valueName\":\"search_term_string\"}}],\"inLanguage\":\"de\"}]}<\/script>\n<!-- \/ Yoast SEO plugin. -->","yoast_head_json":{"title":"Suite - Hotel Petit Palau","robots":{"index":"index","follow":"follow","max-snippet":"max-snippet:-1","max-image-preview":"max-image-preview:large","max-video-preview":"max-video-preview:-1"},"canonical":"https:\/\/hotelpetitpalau.com\/de\/zimmer\/suite\/","og_locale":"de_DE","og_type":"article","og_title":"Suite - Hotel Petit Palau","og_url":"https:\/\/hotelpetitpalau.com\/de\/zimmer\/suite\/","og_site_name":"Hotel Petit Palau","article_modified_time":"2025-08-13T11:37:58+00:00","twitter_card":"summary_large_image","twitter_misc":{"Gesch\u00e4tzte Lesezeit":"4\u00a0Minuten"},"schema":{"@context":"https:\/\/schema.org","@graph":[{"@type":"WebPage","@id":"https:\/\/hotelpetitpalau.com\/de\/zimmer\/suite\/","url":"https:\/\/hotelpetitpalau.com\/de\/zimmer\/suite\/","name":"Suite - Hotel Petit Palau","isPartOf":{"@id":"https:\/\/hotelpetitpalau.com\/#website"},"datePublished":"2020-03-12T11:53:15+00:00","dateModified":"2025-08-13T11:37:58+00:00","breadcrumb":{"@id":"https:\/\/hotelpetitpalau.com\/de\/zimmer\/suite\/#breadcrumb"},"inLanguage":"de","potentialAction":[{"@type":"ReadAction","target":["https:\/\/hotelpetitpalau.com\/de\/zimmer\/suite\/"]}]},{"@type":"BreadcrumbList","@id":"https:\/\/hotelpetitpalau.com\/de\/zimmer\/suite\/#breadcrumb","itemListElement":[{"@type":"ListItem","position":1,"name":"Portada","item":"https:\/\/hotelpetitpalau.com\/de\/"},{"@type":"ListItem","position":2,"name":"Zimmer","item":"https:\/\/hotelpetitpalau.com\/de\/zimmer\/"},{"@type":"ListItem","position":3,"name":"Suite"}]},{"@type":"WebSite","@id":"https:\/\/hotelpetitpalau.com\/#website","url":"https:\/\/hotelpetitpalau.com\/","name":"Hotel Petit Palau","description":"Hotel Petit Palau Blanes","potentialAction":[{"@type":"SearchAction","target":{"@type":"EntryPoint","urlTemplate":"https:\/\/hotelpetitpalau.com\/?s={search_term_string}"},"query-input":{"@type":"PropertyValueSpecification","valueRequired":true,"valueName":"search_term_string"}}],"inLanguage":"de"}]}},"_links":{"self":[{"href":"https:\/\/hotelpetitpalau.com\/de\/wp-json\/wp\/v2\/pages\/4685","targetHints":{"allow":["GET"]}}],"collection":[{"href":"https:\/\/hotelpetitpalau.com\/de\/wp-json\/wp\/v2\/pages"}],"about":[{"href":"https:\/\/hotelpetitpalau.com\/de\/wp-json\/wp\/v2\/types\/page"}],"author":[{"embeddable":true,"href":"https:\/\/hotelpetitpalau.com\/de\/wp-json\/wp\/v2\/users\/1"}],"replies":[{"embeddable":true,"href":"https:\/\/hotelpetitpalau.com\/de\/wp-json\/wp\/v2\/comments?post=4685"}],"version-history":[{"count":1,"href":"https:\/\/hotelpetitpalau.com\/de\/wp-json\/wp\/v2\/pages\/4685\/revisions"}],"predecessor-version":[{"id":6089,"href":"https:\/\/hotelpetitpalau.com\/de\/wp-json\/wp\/v2\/pages\/4685\/revisions\/6089"}],"up":[{"embeddable":true,"href":"https:\/\/hotelpetitpalau.com\/de\/wp-json\/wp\/v2\/pages\/4659"}],"wp:attachment":[{"href":"https:\/\/hotelpetitpalau.com\/de\/wp-json\/wp\/v2\/media?parent=4685"}],"curies":[{"name":"wp","href":"https:\/\/api.w.org\/{rel}","templated":true}]}}