{"id":6166,"date":"2025-09-04T07:14:54","date_gmt":"2025-09-04T07:14:54","guid":{"rendered":"https:\/\/hotelpetitpalau.com\/descarrec-de-responsabilitat\/"},"modified":"2025-09-04T07:15:15","modified_gmt":"2025-09-04T07:15:15","slug":"descarrec-de-responsabilitat","status":"publish","type":"page","link":"https:\/\/hotelpetitpalau.com\/ca\/descarrec-de-responsabilitat\/","title":{"rendered":"Desc\u00e0rrec de responsabilitat"},"content":{"rendered":"\n<!-- Legal document generated by Complianz | GDPR\/CCPA Cookie Consent https:\/\/wordpress.org\/plugins\/complianz-gdpr -->\n<div id=\"cmplz-document\" class=\"cmplz-document disclaimer cmplz-document-all\"><p>HOTEL PETIT PALAU es compromet a mantenir aquest lloc web actualitzat i prec\u00eds. Tanmateix, si trobeu alguna cosa incorrecta o obsoleta, us agrairem que ens ho feu saber. Si us plau, indiqueu on del lloc web heu llegit la informaci\u00f3. Aleshores ho mirarem tan aviat com sigui possible. Envieu la vostra resposta per correu electr\u00f2nic a: .    <\/p><p>No ens fem responsables de les p\u00e8rdues com a conseq\u00fc\u00e8ncia d&#8217;incorreccions o incompletituds, ni de les p\u00e8rdues derivades de problemes causats o inherents a la difusi\u00f3 d&#8217;informaci\u00f3 a trav\u00e9s d&#8217;Internet, com ara interrupcions o interrupcions. Quan utilitzem formularis web, ens esforcem per limitar el nombre de camps obligatoris al m\u00ednim. Per a qualsevol p\u00e8rdua patida com a conseq\u00fc\u00e8ncia de l&#8217;\u00fas de dades, consells o idees proporcionades per o en nom de HOTEL PETIT PALAU a trav\u00e9s d&#8217;aquest lloc web, HOTEL PETIT PALAU no assumeix cap responsabilitat.  <\/p><p>Tots els drets de propietat intel\u00b7lectual del contingut d&#8217;aquest lloc web corresponen a HOTEL PETIT PALAU.<\/p><p>No es permet la c\u00f2pia, la difusi\u00f3 i qualsevol altre \u00fas d&#8217;aquests materials sense el perm\u00eds per escrit de HOTEL PETIT PALAU, excepte i nom\u00e9s en la mesura en qu\u00e8 s&#8217;estipula el contrari en les normes de llei imperativa (com ara el dret a citar), tret que un contingut espec\u00edfic indiqui el contrari.<\/p><p>Si teniu cap pregunta o problema amb l&#8217;accessibilitat del lloc web, no dubteu a posar-vos en contacte amb nosaltres.<\/p><\/div>","protected":false},"excerpt":{"rendered":"","protected":false},"author":1,"featured_media":0,"parent":0,"menu_order":0,"comment_status":"closed","ping_status":"closed","template":"","meta":{"footnotes":""},"class_list":["post-6166","page","type-page","status-publish","hentry"],"yoast_head":"<!-- This site is optimized with the Yoast SEO plugin v26.9 - https:\/\/yoast.com\/product\/yoast-seo-wordpress\/ -->\n<title>Desc\u00e0rrec de responsabilitat - Hotel Petit Palau<\/title>\n<meta name=\"robots\" content=\"index, follow, max-snippet:-1, max-image-preview:large, max-video-preview:-1\" \/>\n<link rel=\"canonical\" href=\"https:\/\/hotelpetitpalau.com\/ca\/descarrec-de-responsabilitat\/\" \/>\n<meta property=\"og:locale\" content=\"ca_ES\" \/>\n<meta property=\"og:type\" content=\"article\" \/>\n<meta property=\"og:title\" content=\"Desc\u00e0rrec de responsabilitat - Hotel Petit Palau\" \/>\n<meta property=\"og:url\" content=\"https:\/\/hotelpetitpalau.com\/ca\/descarrec-de-responsabilitat\/\" \/>\n<meta property=\"og:site_name\" content=\"Hotel Petit Palau\" \/>\n<meta property=\"article:modified_time\" content=\"2025-09-04T07:15:15+00:00\" \/>\n<meta name=\"twitter:card\" content=\"summary_large_image\" \/>\n<script type=\"application\/ld+json\" class=\"yoast-schema-graph\">{\"@context\":\"https:\/\/schema.org\",\"@graph\":[{\"@type\":\"WebPage\",\"@id\":\"https:\/\/hotelpetitpalau.com\/ca\/descarrec-de-responsabilitat\/\",\"url\":\"https:\/\/hotelpetitpalau.com\/ca\/descarrec-de-responsabilitat\/\",\"name\":\"Desc\u00e0rrec de responsabilitat - Hotel Petit Palau\",\"isPartOf\":{\"@id\":\"https:\/\/hotelpetitpalau.com\/#website\"},\"datePublished\":\"2025-09-04T07:14:54+00:00\",\"dateModified\":\"2025-09-04T07:15:15+00:00\",\"breadcrumb\":{\"@id\":\"https:\/\/hotelpetitpalau.com\/ca\/descarrec-de-responsabilitat\/#breadcrumb\"},\"inLanguage\":\"ca\",\"potentialAction\":[{\"@type\":\"ReadAction\",\"target\":[\"https:\/\/hotelpetitpalau.com\/ca\/descarrec-de-responsabilitat\/\"]}]},{\"@type\":\"BreadcrumbList\",\"@id\":\"https:\/\/hotelpetitpalau.com\/ca\/descarrec-de-responsabilitat\/#breadcrumb\",\"itemListElement\":[{\"@type\":\"ListItem\",\"position\":1,\"name\":\"Portada\",\"item\":\"https:\/\/hotelpetitpalau.com\/ca\/\"},{\"@type\":\"ListItem\",\"position\":2,\"name\":\"Desc\u00e0rrec de responsabilitat\"}]},{\"@type\":\"WebSite\",\"@id\":\"https:\/\/hotelpetitpalau.com\/#website\",\"url\":\"https:\/\/hotelpetitpalau.com\/\",\"name\":\"Hotel Petit Palau\",\"description\":\"Hotel Petit Palau Blanes\",\"potentialAction\":[{\"@type\":\"SearchAction\",\"target\":{\"@type\":\"EntryPoint\",\"urlTemplate\":\"https:\/\/hotelpetitpalau.com\/?s={search_term_string}\"},\"query-input\":{\"@type\":\"PropertyValueSpecification\",\"valueRequired\":true,\"valueName\":\"search_term_string\"}}],\"inLanguage\":\"ca\"}]}<\/script>\n<!-- \/ Yoast SEO plugin. -->","yoast_head_json":{"title":"Desc\u00e0rrec de responsabilitat - Hotel Petit Palau","robots":{"index":"index","follow":"follow","max-snippet":"max-snippet:-1","max-image-preview":"max-image-preview:large","max-video-preview":"max-video-preview:-1"},"canonical":"https:\/\/hotelpetitpalau.com\/ca\/descarrec-de-responsabilitat\/","og_locale":"ca_ES","og_type":"article","og_title":"Desc\u00e0rrec de responsabilitat - Hotel Petit Palau","og_url":"https:\/\/hotelpetitpalau.com\/ca\/descarrec-de-responsabilitat\/","og_site_name":"Hotel Petit Palau","article_modified_time":"2025-09-04T07:15:15+00:00","twitter_card":"summary_large_image","schema":{"@context":"https:\/\/schema.org","@graph":[{"@type":"WebPage","@id":"https:\/\/hotelpetitpalau.com\/ca\/descarrec-de-responsabilitat\/","url":"https:\/\/hotelpetitpalau.com\/ca\/descarrec-de-responsabilitat\/","name":"Desc\u00e0rrec de responsabilitat - Hotel Petit Palau","isPartOf":{"@id":"https:\/\/hotelpetitpalau.com\/#website"},"datePublished":"2025-09-04T07:14:54+00:00","dateModified":"2025-09-04T07:15:15+00:00","breadcrumb":{"@id":"https:\/\/hotelpetitpalau.com\/ca\/descarrec-de-responsabilitat\/#breadcrumb"},"inLanguage":"ca","potentialAction":[{"@type":"ReadAction","target":["https:\/\/hotelpetitpalau.com\/ca\/descarrec-de-responsabilitat\/"]}]},{"@type":"BreadcrumbList","@id":"https:\/\/hotelpetitpalau.com\/ca\/descarrec-de-responsabilitat\/#breadcrumb","itemListElement":[{"@type":"ListItem","position":1,"name":"Portada","item":"https:\/\/hotelpetitpalau.com\/ca\/"},{"@type":"ListItem","position":2,"name":"Desc\u00e0rrec de responsabilitat"}]},{"@type":"WebSite","@id":"https:\/\/hotelpetitpalau.com\/#website","url":"https:\/\/hotelpetitpalau.com\/","name":"Hotel Petit Palau","description":"Hotel Petit Palau Blanes","potentialAction":[{"@type":"SearchAction","target":{"@type":"EntryPoint","urlTemplate":"https:\/\/hotelpetitpalau.com\/?s={search_term_string}"},"query-input":{"@type":"PropertyValueSpecification","valueRequired":true,"valueName":"search_term_string"}}],"inLanguage":"ca"}]}},"_links":{"self":[{"href":"https:\/\/hotelpetitpalau.com\/ca\/wp-json\/wp\/v2\/pages\/6166","targetHints":{"allow":["GET"]}}],"collection":[{"href":"https:\/\/hotelpetitpalau.com\/ca\/wp-json\/wp\/v2\/pages"}],"about":[{"href":"https:\/\/hotelpetitpalau.com\/ca\/wp-json\/wp\/v2\/types\/page"}],"author":[{"embeddable":true,"href":"https:\/\/hotelpetitpalau.com\/ca\/wp-json\/wp\/v2\/users\/1"}],"replies":[{"embeddable":true,"href":"https:\/\/hotelpetitpalau.com\/ca\/wp-json\/wp\/v2\/comments?post=6166"}],"version-history":[{"count":3,"href":"https:\/\/hotelpetitpalau.com\/ca\/wp-json\/wp\/v2\/pages\/6166\/revisions"}],"predecessor-version":[{"id":6169,"href":"https:\/\/hotelpetitpalau.com\/ca\/wp-json\/wp\/v2\/pages\/6166\/revisions\/6169"}],"wp:attachment":[{"href":"https:\/\/hotelpetitpalau.com\/ca\/wp-json\/wp\/v2\/media?parent=6166"}],"curies":[{"name":"wp","href":"https:\/\/api.w.org\/{rel}","templated":true}]}}