{"id":6127,"date":"2025-09-04T07:07:15","date_gmt":"2025-09-04T07:07:15","guid":{"rendered":"https:\/\/hotelpetitpalau.com\/avis-legal-imprint\/"},"modified":"2025-09-04T07:07:35","modified_gmt":"2025-09-04T07:07:35","slug":"avis-legal-imprint","status":"publish","type":"page","link":"https:\/\/hotelpetitpalau.com\/ca\/avis-legal-imprint\/","title":{"rendered":"Av\u00eds Legal \/ Imprint"},"content":{"rendered":"\n<!-- Legal document generated by Complianz | GDPR\/CCPA Cookie Consent https:\/\/wordpress.org\/plugins\/complianz-gdpr -->\n<div id=\"cmplz-document\" class=\"cmplz-document impressum cmplz-document-all\"><p><i>Aquesta impressi\u00f3 es va actualitzar per \u00faltima vegada el 8 setembre 2025.<\/i><\/p><p class=\"cmplz-subtitle\">El propietari d&#039;aquest lloc web \u00e9s:<\/p><p>HOTEL PETIT PALAU <br>Carrer de Llu\u00eds Companys, 19, 17300 Blanes, Girona<br>Espanya<br>Correu electr\u00f2nic:&nbsp;<span class=\"cmplz-obfuscate\">&#101;st&#104;&#101;&#114;@<span class=\"cmplz-fmail-domain\">ex.&#099;o&#109;<\/span>h&#111;&#116;&#101;&#108;petit&#112;&#097;l&#097;&#117;&#046;co&#109;<\/span><br>Tel\u00e8fon: +34 972 33 15 56<br>n\u00famero d&#8217;IVA:&nbsp;NIF 77908409\u2010A<\/p><h2>1. General<\/h2><p>Estem disposats o obligats a participar en procediments de resoluci\u00f3 de disputes davant una junta d&#8217;arbitratge de consum.<\/p><h2>2. La informaci\u00f3 seg\u00fcent \u00e9s obligat\u00f2ria segons la llei alemanya.<\/h2><\/div>","protected":false},"excerpt":{"rendered":"","protected":false},"author":1,"featured_media":0,"parent":0,"menu_order":0,"comment_status":"closed","ping_status":"closed","template":"","meta":{"footnotes":""},"class_list":["post-6127","page","type-page","status-publish","hentry"],"yoast_head":"<!-- This site is optimized with the Yoast SEO plugin v26.9 - https:\/\/yoast.com\/product\/yoast-seo-wordpress\/ -->\n<title>Av\u00eds Legal \/ Imprint - Hotel Petit Palau<\/title>\n<meta name=\"robots\" content=\"index, follow, max-snippet:-1, max-image-preview:large, max-video-preview:-1\" \/>\n<link rel=\"canonical\" href=\"https:\/\/hotelpetitpalau.com\/ca\/avis-legal-imprint\/\" \/>\n<meta property=\"og:locale\" content=\"ca_ES\" \/>\n<meta property=\"og:type\" content=\"article\" \/>\n<meta property=\"og:title\" content=\"Av\u00eds Legal \/ Imprint - Hotel Petit Palau\" \/>\n<meta property=\"og:url\" content=\"https:\/\/hotelpetitpalau.com\/ca\/avis-legal-imprint\/\" \/>\n<meta property=\"og:site_name\" content=\"Hotel Petit Palau\" \/>\n<meta property=\"article:modified_time\" content=\"2025-09-04T07:07:35+00:00\" \/>\n<meta name=\"twitter:card\" content=\"summary_large_image\" \/>\n<script type=\"application\/ld+json\" class=\"yoast-schema-graph\">{\"@context\":\"https:\/\/schema.org\",\"@graph\":[{\"@type\":\"WebPage\",\"@id\":\"https:\/\/hotelpetitpalau.com\/ca\/avis-legal-imprint\/\",\"url\":\"https:\/\/hotelpetitpalau.com\/ca\/avis-legal-imprint\/\",\"name\":\"Av\u00eds Legal \/ Imprint - Hotel Petit Palau\",\"isPartOf\":{\"@id\":\"https:\/\/hotelpetitpalau.com\/#website\"},\"datePublished\":\"2025-09-04T07:07:15+00:00\",\"dateModified\":\"2025-09-04T07:07:35+00:00\",\"breadcrumb\":{\"@id\":\"https:\/\/hotelpetitpalau.com\/ca\/avis-legal-imprint\/#breadcrumb\"},\"inLanguage\":\"ca\",\"potentialAction\":[{\"@type\":\"ReadAction\",\"target\":[\"https:\/\/hotelpetitpalau.com\/ca\/avis-legal-imprint\/\"]}]},{\"@type\":\"BreadcrumbList\",\"@id\":\"https:\/\/hotelpetitpalau.com\/ca\/avis-legal-imprint\/#breadcrumb\",\"itemListElement\":[{\"@type\":\"ListItem\",\"position\":1,\"name\":\"Portada\",\"item\":\"https:\/\/hotelpetitpalau.com\/ca\/\"},{\"@type\":\"ListItem\",\"position\":2,\"name\":\"Av\u00eds Legal \/ Imprint\"}]},{\"@type\":\"WebSite\",\"@id\":\"https:\/\/hotelpetitpalau.com\/#website\",\"url\":\"https:\/\/hotelpetitpalau.com\/\",\"name\":\"Hotel Petit Palau\",\"description\":\"Hotel Petit Palau Blanes\",\"potentialAction\":[{\"@type\":\"SearchAction\",\"target\":{\"@type\":\"EntryPoint\",\"urlTemplate\":\"https:\/\/hotelpetitpalau.com\/?s={search_term_string}\"},\"query-input\":{\"@type\":\"PropertyValueSpecification\",\"valueRequired\":true,\"valueName\":\"search_term_string\"}}],\"inLanguage\":\"ca\"}]}<\/script>\n<!-- \/ Yoast SEO plugin. -->","yoast_head_json":{"title":"Av\u00eds Legal \/ Imprint - Hotel Petit Palau","robots":{"index":"index","follow":"follow","max-snippet":"max-snippet:-1","max-image-preview":"max-image-preview:large","max-video-preview":"max-video-preview:-1"},"canonical":"https:\/\/hotelpetitpalau.com\/ca\/avis-legal-imprint\/","og_locale":"ca_ES","og_type":"article","og_title":"Av\u00eds Legal \/ Imprint - Hotel Petit Palau","og_url":"https:\/\/hotelpetitpalau.com\/ca\/avis-legal-imprint\/","og_site_name":"Hotel Petit Palau","article_modified_time":"2025-09-04T07:07:35+00:00","twitter_card":"summary_large_image","schema":{"@context":"https:\/\/schema.org","@graph":[{"@type":"WebPage","@id":"https:\/\/hotelpetitpalau.com\/ca\/avis-legal-imprint\/","url":"https:\/\/hotelpetitpalau.com\/ca\/avis-legal-imprint\/","name":"Av\u00eds Legal \/ Imprint - Hotel Petit Palau","isPartOf":{"@id":"https:\/\/hotelpetitpalau.com\/#website"},"datePublished":"2025-09-04T07:07:15+00:00","dateModified":"2025-09-04T07:07:35+00:00","breadcrumb":{"@id":"https:\/\/hotelpetitpalau.com\/ca\/avis-legal-imprint\/#breadcrumb"},"inLanguage":"ca","potentialAction":[{"@type":"ReadAction","target":["https:\/\/hotelpetitpalau.com\/ca\/avis-legal-imprint\/"]}]},{"@type":"BreadcrumbList","@id":"https:\/\/hotelpetitpalau.com\/ca\/avis-legal-imprint\/#breadcrumb","itemListElement":[{"@type":"ListItem","position":1,"name":"Portada","item":"https:\/\/hotelpetitpalau.com\/ca\/"},{"@type":"ListItem","position":2,"name":"Av\u00eds Legal \/ Imprint"}]},{"@type":"WebSite","@id":"https:\/\/hotelpetitpalau.com\/#website","url":"https:\/\/hotelpetitpalau.com\/","name":"Hotel Petit Palau","description":"Hotel Petit Palau Blanes","potentialAction":[{"@type":"SearchAction","target":{"@type":"EntryPoint","urlTemplate":"https:\/\/hotelpetitpalau.com\/?s={search_term_string}"},"query-input":{"@type":"PropertyValueSpecification","valueRequired":true,"valueName":"search_term_string"}}],"inLanguage":"ca"}]}},"_links":{"self":[{"href":"https:\/\/hotelpetitpalau.com\/ca\/wp-json\/wp\/v2\/pages\/6127","targetHints":{"allow":["GET"]}}],"collection":[{"href":"https:\/\/hotelpetitpalau.com\/ca\/wp-json\/wp\/v2\/pages"}],"about":[{"href":"https:\/\/hotelpetitpalau.com\/ca\/wp-json\/wp\/v2\/types\/page"}],"author":[{"embeddable":true,"href":"https:\/\/hotelpetitpalau.com\/ca\/wp-json\/wp\/v2\/users\/1"}],"replies":[{"embeddable":true,"href":"https:\/\/hotelpetitpalau.com\/ca\/wp-json\/wp\/v2\/comments?post=6127"}],"version-history":[{"count":3,"href":"https:\/\/hotelpetitpalau.com\/ca\/wp-json\/wp\/v2\/pages\/6127\/revisions"}],"predecessor-version":[{"id":6130,"href":"https:\/\/hotelpetitpalau.com\/ca\/wp-json\/wp\/v2\/pages\/6127\/revisions\/6130"}],"wp:attachment":[{"href":"https:\/\/hotelpetitpalau.com\/ca\/wp-json\/wp\/v2\/media?parent=6127"}],"curies":[{"name":"wp","href":"https:\/\/api.w.org\/{rel}","templated":true}]}}