{"id":3840,"date":"2020-05-22T08:31:55","date_gmt":"2020-05-22T08:31:55","guid":{"rendered":"https:\/\/hotelpetitpalau.com\/como-llegar\/"},"modified":"2020-09-01T11:04:09","modified_gmt":"2020-09-01T11:04:09","slug":"com-arribar","status":"publish","type":"page","link":"https:\/\/hotelpetitpalau.com\/ca\/com-arribar\/","title":{"rendered":"Com arribar"},"content":{"rendered":"<p><div class=\"fusion-fullwidth fullwidth-box fusion-builder-row-1 nonhundred-percent-fullwidth non-hundred-percent-height-scrolling\" style=\"--awb-background-position:center top;--awb-border-sizes-top:0px;--awb-border-sizes-bottom:0px;--awb-border-sizes-left:0px;--awb-border-sizes-right:0px;--awb-border-radius-top-left:0px;--awb-border-radius-top-right:0px;--awb-border-radius-bottom-right:0px;--awb-border-radius-bottom-left:0px;--awb-padding-top:40px;--awb-background-color:#ffffff;--awb-flex-wrap:wrap;\" ><div class=\"fusion-builder-row fusion-row\"><div class=\"fusion-layout-column fusion_builder_column fusion-builder-column-0 fusion_builder_column_1_1 1_1 fusion-one-full fusion-column-first fusion-column-last fusion-column-no-min-height\" style=\"--awb-bg-size:cover;\"><div class=\"fusion-column-wrapper fusion-column-has-shadow fusion-flex-column-wrapper-legacy\"><div class=\"fusion-sep-clear\"><\/div><div class=\"fusion-separator fusion-full-width-sep\" style=\"margin-left: auto;margin-right: auto;margin-top:50px;width:100%;\"><\/div><div class=\"fusion-sep-clear\"><\/div><div class=\"fusion-image-element fusion-image-align-center in-legacy-container\" style=\"text-align:center;--awb-caption-title-font-family:var(--h2_typography-font-family);--awb-caption-title-font-weight:var(--h2_typography-font-weight);--awb-caption-title-font-style:var(--h2_typography-font-style);--awb-caption-title-size:var(--h2_typography-font-size);--awb-caption-title-transform:var(--h2_typography-text-transform);--awb-caption-title-line-height:var(--h2_typography-line-height);--awb-caption-title-letter-spacing:var(--h2_typography-letter-spacing);\"><div class=\"imageframe-align-center\"><span class=\" fusion-imageframe imageframe-none imageframe-1 hover-type-none\"><img decoding=\"async\" width=\"81\" height=\"21\" title=\"Sin nombre\" src=\"https:\/\/hotelpetitpalau.com\/wp-content\/uploads\/2020\/04\/Sin-nombre.jpg\" alt class=\"img-responsive wp-image-3405\"\/><\/span><\/div><\/div><div class=\"fusion-text fusion-text-1\"><p style=\"letter-spacing: 4px; font-size: 13px; text-align: center; margin-bottom: 0px;\">HOTEL PETIT PALAU<\/p>\n<h1 style=\"text-align: center;\">Com arribar<\/h1>\n<\/div><div class=\"fusion-sep-clear\"><\/div><div class=\"fusion-separator\" style=\"margin-left: auto;margin-right: auto;margin-top:0px;margin-bottom:60px;width:100%;max-width:50px;\"><div class=\"fusion-separator-border sep-single sep-solid\" style=\"--awb-height:20px;--awb-amount:20px;--awb-sep-color:#cbaa5c;border-color:#cbaa5c;border-top-width:1px;\"><\/div><\/div><div class=\"fusion-sep-clear\"><\/div><div class=\"fusion-clearfix\"><\/div><\/div><\/div><\/div><\/div><div class=\"fusion-fullwidth fullwidth-box fusion-builder-row-2 nonhundred-percent-fullwidth non-hundred-percent-height-scrolling fusion-equal-height-columns\" style=\"--awb-background-position:left top;--awb-border-sizes-top:0px;--awb-border-sizes-bottom:0px;--awb-border-sizes-left:0px;--awb-border-sizes-right:0px;--awb-border-radius-top-left:0px;--awb-border-radius-top-right:0px;--awb-border-radius-bottom-right:0px;--awb-border-radius-bottom-left:0px;--awb-padding-bottom:60px;--awb-background-color:#ffffff;--awb-flex-wrap:wrap;\" ><div class=\"fusion-builder-row fusion-row\"><div class=\"fusion-layout-column fusion_builder_column fusion-builder-column-1 fusion_builder_column_2_3 2_3 fusion-two-third fusion-column-first\" style=\"--awb-bg-size:cover;width:66.666666666667%;width:calc(66.666666666667% - ( ( 4% ) * 0.66666666666667 ) );margin-right: 4%;\"><div class=\"fusion-column-wrapper fusion-column-has-shadow fusion-flex-column-wrapper-legacy\"><div class=\"row\">\n<iframe src=\"https:\/\/www.google.com\/maps\/embed?pb=!1m14!1m8!1m3!1d11921.889203398967!2d2.7824569!3d41.6671422!3m2!1i1024!2i768!4f13.1!3m3!1m2!1s0x0%3A0x7eafc302a9ffc431!2sPetit%20Palau!5e0!3m2!1ses!2ses!4v1583919867918!5m2!1ses!2ses\" width=\"100%\" height=\"400\" frameborder=\"0\" style=\"border:0;\" allowfullscreen=\"\" aria-hidden=\"false\" tabindex=\"0\"><\/iframe>\n<\/div><div class=\"fusion-clearfix\"><\/div><\/div><\/div><div class=\"fusion-layout-column fusion_builder_column fusion-builder-column-2 fusion_builder_column_1_3 1_3 fusion-one-third fusion-column-last\" style=\"--awb-bg-size:cover;width:33.333333333333%;width:calc(33.333333333333% - ( ( 4% ) * 0.33333333333333 ) );\"><div class=\"fusion-column-wrapper fusion-column-has-shadow fusion-flex-column-wrapper-legacy\"><div class=\"fusion-text fusion-text-2\"><p style=\"text-align: left;\">Li facilitem un mapa de <b>com arribar<\/b> al nostre establiment amb cotxe, transport p\u00fablic o avi\u00f3.<\/p>\n<p><span style=\"color: #000000;\">L&#8217;hotel est\u00e0 situat a 150 m. de la platja de S&#8217;Abanell i a 100 m. de l&#8217;estaci\u00f3 d&#8217;autob\u00fas.<\/span><\/p>\n<p><strong>DESPLA\u00c7AMENTS EN COTXE O TAXI:<\/strong><br \/>\n<a href=\"http:\/\/www.aena.es\/ca\/aeroport-girona-costa-brava\/index.html\" target=\"_blank\" rel=\"noopener noreferrer\">Aeroport de Girona:<\/a> 40 min.<br \/>\n<a href=\"http:\/\/www.aena.es\/ca\/aeroport-barcelona\/index.html\" target=\"_blank\" rel=\"noopener noreferrer\">Aeroport de Barcelona<\/a>: 1 h. 15 min.<br \/>\nCentre de Barcelona: 1 h.<br \/>\nLloret de Mar: 15 min.<\/p>\n<\/div><div class=\"fusion-clearfix\"><\/div><\/div><\/div><\/div><\/div><\/p>\n","protected":false},"excerpt":{"rendered":"","protected":false},"author":1,"featured_media":0,"parent":0,"menu_order":0,"comment_status":"closed","ping_status":"closed","template":"100-width.php","meta":{"footnotes":""},"class_list":["post-3840","page","type-page","status-publish","hentry"],"yoast_head":"<!-- This site is optimized with the Yoast SEO plugin v26.9 - https:\/\/yoast.com\/product\/yoast-seo-wordpress\/ -->\n<title>Com arribar | Hotel Petit Palau | Hotel a Blanes (Costa Brava)<\/title>\n<meta name=\"description\" content=\"Li facilitem un mapa de com arribar al nostre establiment, aix\u00ed com la dist\u00e0ncia que ens trobem entre (aeroports, Barcelona i Lloret de Mar).\" \/>\n<meta name=\"robots\" content=\"index, follow, max-snippet:-1, max-image-preview:large, max-video-preview:-1\" \/>\n<link rel=\"canonical\" href=\"https:\/\/hotelpetitpalau.com\/ca\/com-arribar\/\" \/>\n<meta property=\"og:locale\" content=\"ca_ES\" \/>\n<meta property=\"og:type\" content=\"article\" \/>\n<meta property=\"og:title\" content=\"Com arribar | Hotel Petit Palau | Hotel a Blanes (Costa Brava)\" \/>\n<meta property=\"og:description\" content=\"Li facilitem un mapa de com arribar al nostre establiment, aix\u00ed com la dist\u00e0ncia que ens trobem entre (aeroports, Barcelona i Lloret de Mar).\" \/>\n<meta property=\"og:url\" content=\"https:\/\/hotelpetitpalau.com\/ca\/com-arribar\/\" \/>\n<meta property=\"og:site_name\" content=\"Hotel Petit Palau\" \/>\n<meta property=\"article:modified_time\" content=\"2020-09-01T11:04:09+00:00\" \/>\n<meta name=\"twitter:card\" content=\"summary_large_image\" \/>\n<meta name=\"twitter:label1\" content=\"Temps estimat de lectura\" \/>\n\t<meta name=\"twitter:data1\" content=\"7 minuts\" \/>\n<script type=\"application\/ld+json\" class=\"yoast-schema-graph\">{\"@context\":\"https:\/\/schema.org\",\"@graph\":[{\"@type\":\"WebPage\",\"@id\":\"https:\/\/hotelpetitpalau.com\/ca\/com-arribar\/\",\"url\":\"https:\/\/hotelpetitpalau.com\/ca\/com-arribar\/\",\"name\":\"Com arribar | Hotel Petit Palau | Hotel a Blanes (Costa Brava)\",\"isPartOf\":{\"@id\":\"https:\/\/hotelpetitpalau.com\/#website\"},\"datePublished\":\"2020-05-22T08:31:55+00:00\",\"dateModified\":\"2020-09-01T11:04:09+00:00\",\"description\":\"Li facilitem un mapa de com arribar al nostre establiment, aix\u00ed com la dist\u00e0ncia que ens trobem entre (aeroports, Barcelona i Lloret de Mar).\",\"breadcrumb\":{\"@id\":\"https:\/\/hotelpetitpalau.com\/ca\/com-arribar\/#breadcrumb\"},\"inLanguage\":\"ca\",\"potentialAction\":[{\"@type\":\"ReadAction\",\"target\":[\"https:\/\/hotelpetitpalau.com\/ca\/com-arribar\/\"]}]},{\"@type\":\"BreadcrumbList\",\"@id\":\"https:\/\/hotelpetitpalau.com\/ca\/com-arribar\/#breadcrumb\",\"itemListElement\":[{\"@type\":\"ListItem\",\"position\":1,\"name\":\"Portada\",\"item\":\"https:\/\/hotelpetitpalau.com\/ca\/\"},{\"@type\":\"ListItem\",\"position\":2,\"name\":\"Com arribar\"}]},{\"@type\":\"WebSite\",\"@id\":\"https:\/\/hotelpetitpalau.com\/#website\",\"url\":\"https:\/\/hotelpetitpalau.com\/\",\"name\":\"Hotel Petit Palau\",\"description\":\"Hotel Petit Palau Blanes\",\"potentialAction\":[{\"@type\":\"SearchAction\",\"target\":{\"@type\":\"EntryPoint\",\"urlTemplate\":\"https:\/\/hotelpetitpalau.com\/?s={search_term_string}\"},\"query-input\":{\"@type\":\"PropertyValueSpecification\",\"valueRequired\":true,\"valueName\":\"search_term_string\"}}],\"inLanguage\":\"ca\"}]}<\/script>\n<!-- \/ Yoast SEO plugin. -->","yoast_head_json":{"title":"Com arribar | Hotel Petit Palau | Hotel a Blanes (Costa Brava)","description":"Li facilitem un mapa de com arribar al nostre establiment, aix\u00ed com la dist\u00e0ncia que ens trobem entre (aeroports, Barcelona i Lloret de Mar).","robots":{"index":"index","follow":"follow","max-snippet":"max-snippet:-1","max-image-preview":"max-image-preview:large","max-video-preview":"max-video-preview:-1"},"canonical":"https:\/\/hotelpetitpalau.com\/ca\/com-arribar\/","og_locale":"ca_ES","og_type":"article","og_title":"Com arribar | Hotel Petit Palau | Hotel a Blanes (Costa Brava)","og_description":"Li facilitem un mapa de com arribar al nostre establiment, aix\u00ed com la dist\u00e0ncia que ens trobem entre (aeroports, Barcelona i Lloret de Mar).","og_url":"https:\/\/hotelpetitpalau.com\/ca\/com-arribar\/","og_site_name":"Hotel Petit Palau","article_modified_time":"2020-09-01T11:04:09+00:00","twitter_card":"summary_large_image","twitter_misc":{"Temps estimat de lectura":"7 minuts"},"schema":{"@context":"https:\/\/schema.org","@graph":[{"@type":"WebPage","@id":"https:\/\/hotelpetitpalau.com\/ca\/com-arribar\/","url":"https:\/\/hotelpetitpalau.com\/ca\/com-arribar\/","name":"Com arribar | Hotel Petit Palau | Hotel a Blanes (Costa Brava)","isPartOf":{"@id":"https:\/\/hotelpetitpalau.com\/#website"},"datePublished":"2020-05-22T08:31:55+00:00","dateModified":"2020-09-01T11:04:09+00:00","description":"Li facilitem un mapa de com arribar al nostre establiment, aix\u00ed com la dist\u00e0ncia que ens trobem entre (aeroports, Barcelona i Lloret de Mar).","breadcrumb":{"@id":"https:\/\/hotelpetitpalau.com\/ca\/com-arribar\/#breadcrumb"},"inLanguage":"ca","potentialAction":[{"@type":"ReadAction","target":["https:\/\/hotelpetitpalau.com\/ca\/com-arribar\/"]}]},{"@type":"BreadcrumbList","@id":"https:\/\/hotelpetitpalau.com\/ca\/com-arribar\/#breadcrumb","itemListElement":[{"@type":"ListItem","position":1,"name":"Portada","item":"https:\/\/hotelpetitpalau.com\/ca\/"},{"@type":"ListItem","position":2,"name":"Com arribar"}]},{"@type":"WebSite","@id":"https:\/\/hotelpetitpalau.com\/#website","url":"https:\/\/hotelpetitpalau.com\/","name":"Hotel Petit Palau","description":"Hotel Petit Palau Blanes","potentialAction":[{"@type":"SearchAction","target":{"@type":"EntryPoint","urlTemplate":"https:\/\/hotelpetitpalau.com\/?s={search_term_string}"},"query-input":{"@type":"PropertyValueSpecification","valueRequired":true,"valueName":"search_term_string"}}],"inLanguage":"ca"}]}},"_links":{"self":[{"href":"https:\/\/hotelpetitpalau.com\/ca\/wp-json\/wp\/v2\/pages\/3840","targetHints":{"allow":["GET"]}}],"collection":[{"href":"https:\/\/hotelpetitpalau.com\/ca\/wp-json\/wp\/v2\/pages"}],"about":[{"href":"https:\/\/hotelpetitpalau.com\/ca\/wp-json\/wp\/v2\/types\/page"}],"author":[{"embeddable":true,"href":"https:\/\/hotelpetitpalau.com\/ca\/wp-json\/wp\/v2\/users\/1"}],"replies":[{"embeddable":true,"href":"https:\/\/hotelpetitpalau.com\/ca\/wp-json\/wp\/v2\/comments?post=3840"}],"version-history":[{"count":0,"href":"https:\/\/hotelpetitpalau.com\/ca\/wp-json\/wp\/v2\/pages\/3840\/revisions"}],"wp:attachment":[{"href":"https:\/\/hotelpetitpalau.com\/ca\/wp-json\/wp\/v2\/media?parent=3840"}],"curies":[{"name":"wp","href":"https:\/\/api.w.org\/{rel}","templated":true}]}}